{"id":2927,"date":"2026-02-13T21:08:06","date_gmt":"2026-02-13T20:08:06","guid":{"rendered":"https:\/\/horst.salvador-dali.org\/credits\/"},"modified":"2026-03-03T12:02:22","modified_gmt":"2026-03-03T11:02:22","slug":"credits","status":"publish","type":"page","link":"https:\/\/horst.salvador-dali.org\/fr\/credits\/","title":{"rendered":"Cr\u00e9dits"},"content":{"rendered":"\n<div style=\"height:50px\" aria-hidden=\"true\" class=\"wp-block-spacer\"><\/div>\n\n\n\n<div class=\"wp-block-columns pag-credits is-layout-flex wp-container-core-columns-is-layout-9d6595d7 wp-block-columns-is-layout-flex\">\n<div class=\"wp-block-column pag-credits is-layout-flow wp-block-column-is-layout-flow\">\n<p><strong>EXPOSITION<\/strong><\/p>\n\n\n\n<p>COMMISSARIAT<br>Rosa Maria Maurell et Bea Crespo<br>Direction scientifique : Montse Aguer Teixidor<\/p>\n\n\n\n<p>Documentation et coordination : Centre d\u2019Estudis Dalinians<br>Conception : Pep Canaleta, 3carme33<br>Graphisme : Alex Gifreu<br>Conservation pr\u00e9ventive : Irene Civil, Elisenda Aragon\u00e9s, Laura Feliz, Josep Maria Guillamet<br>Registre: Adriana Francescutto<br>Communication : Imma Parada<br>Transformation num\u00e9rique : Pere Gal\u00e1n<br>Gestion des droits : Mercedes Aznar<br>Montage : Roger Ferrer, Ferran Ortega<\/p>\n\n\n\n<div style=\"height:50px\" aria-hidden=\"true\" class=\"wp-block-spacer\"><\/div>\n\n\n\n<div style=\"height:50px\" aria-hidden=\"true\" class=\"wp-block-spacer\"><\/div>\n\n\n\n<p><strong>COPYRIGHTS<\/strong><br><br>Textes : les auteurs<\/p>\n\n\n\n<p>Photographies de Horst P. Horst :<br><strong>Courtesy of \u00a9 thehorstestate \/ \u00a9 cond\u00e9nast, 2026<\/strong><\/p>\n\n\n\n<p><strong>Horst P. Horst, Vogue \u00a9 Cond\u00e9 Nast<\/strong><br>\u0152uvres de Salvador Dal\u00ed :<br><strong>\u00a9 Salvador Dal\u00ed, Fundaci\u00f3 Gala-Salvador Dal\u00ed, Figueres, 2026<\/strong><br>Image de Salvador Dal\u00ed et Gala :<br><strong>Droits \u00e0 l\u2019image de Salvador Dal\u00ed et Gala r\u00e9serv\u00e9s. Fundaci\u00f3 Gala-Salvador Dal\u00ed, Figueres, 2026<\/strong><\/p>\n\n\n\n<p>Programmation web, conception et gestion de projet :&nbsp;<a href=\"https:\/\/latempesta.cc\/en\" target=\"_blank\" rel=\"noreferrer noopener\">La Tempesta<\/a><\/p>\n\n\n\n<p>Mars 2026<\/p>\n<\/div>\n<\/div>\n","protected":false},"excerpt":{"rendered":"<p>EXPOSITION COMMISSARIATRosa Maria Maurell et Bea CrespoDirection scientifique : Montse Aguer Teixidor Documentation et coordination : Centre d\u2019Estudis DaliniansConception : Pep Canaleta, 3carme33Graphisme : Alex GifreuConservation pr\u00e9ventive : Irene Civil, Elisenda Aragon\u00e9s, Laura Feliz, Josep Maria GuillametRegistre: Adriana FrancescuttoCommunication : Imma ParadaTransformation num\u00e9rique : Pere Gal\u00e1nGestion des droits : Mercedes AznarMontage : Roger Ferrer, Ferran [&#8230;]<\/p>\n<p><a class=\"btn btn-secondary understrap-read-more-link\" href=\"https:\/\/horst.salvador-dali.org\/fr\/credits\/\">Lire la suite\u2026<span class=\"screen-reader-text\"> from Cr\u00e9dits<\/span><\/a><\/p>\n","protected":false},"author":7,"featured_media":0,"parent":0,"menu_order":0,"comment_status":"closed","ping_status":"closed","template":"page-templates\/page-fosc.php","meta":{"_acf_changed":false,"inline_featured_image":false,"footnotes":""},"class_list":["post-2927","page","type-page","status-publish","hentry"],"acf":[],"yoast_head":"<!-- This site is optimized with the Yoast SEO plugin v27.4 - https:\/\/yoast.com\/product\/yoast-seo-wordpress\/ -->\n<title>Cr\u00e9dits - Dal\u00ed\/Horst<\/title>\n<meta name=\"robots\" content=\"noindex, nofollow\" \/>\n<meta property=\"og:locale\" content=\"fr_FR\" \/>\n<meta property=\"og:type\" content=\"article\" \/>\n<meta property=\"og:title\" content=\"Cr\u00e9dits - Dal\u00ed\/Horst\" \/>\n<meta property=\"og:description\" content=\"EXPOSITION COMMISSARIATRosa Maria Maurell et Bea CrespoDirection scientifique : Montse Aguer Teixidor Documentation et coordination : Centre d\u2019Estudis DaliniansConception : Pep Canaleta, 3carme33Graphisme : Alex GifreuConservation pr\u00e9ventive : Irene Civil, Elisenda Aragon\u00e9s, Laura Feliz, Josep Maria GuillametRegistre: Adriana FrancescuttoCommunication : Imma ParadaTransformation num\u00e9rique : Pere Gal\u00e1nGestion des droits : Mercedes AznarMontage : Roger Ferrer, Ferran [...]Lire la suite\u2026 from Cr\u00e9dits\" \/>\n<meta property=\"og:url\" content=\"https:\/\/horst.salvador-dali.org\/fr\/credits\/\" \/>\n<meta property=\"og:site_name\" content=\"Dal\u00ed\/Horst\" \/>\n<meta property=\"article:publisher\" content=\"https:\/\/www.facebook.com\/MuseusDali\" \/>\n<meta property=\"article:modified_time\" content=\"2026-03-03T11:02:22+00:00\" \/>\n<meta name=\"twitter:card\" content=\"summary_large_image\" \/>\n<meta name=\"twitter:site\" content=\"@MuseuDali\" \/>\n<script type=\"application\/ld+json\" class=\"yoast-schema-graph\">{\"@context\":\"https:\\\/\\\/schema.org\",\"@graph\":[{\"@type\":\"WebPage\",\"@id\":\"https:\\\/\\\/horst.salvador-dali.org\\\/fr\\\/credits\\\/\",\"url\":\"https:\\\/\\\/horst.salvador-dali.org\\\/fr\\\/credits\\\/\",\"name\":\"Cr\u00e9dits - Dal\u00ed\\\/Horst\",\"isPartOf\":{\"@id\":\"https:\\\/\\\/horst.salvador-dali.org\\\/fr\\\/#website\"},\"datePublished\":\"2026-02-13T20:08:06+00:00\",\"dateModified\":\"2026-03-03T11:02:22+00:00\",\"breadcrumb\":{\"@id\":\"https:\\\/\\\/horst.salvador-dali.org\\\/fr\\\/credits\\\/#breadcrumb\"},\"inLanguage\":\"fr-FR\",\"potentialAction\":[{\"@type\":\"ReadAction\",\"target\":[\"https:\\\/\\\/horst.salvador-dali.org\\\/fr\\\/credits\\\/\"]}]},{\"@type\":\"BreadcrumbList\",\"@id\":\"https:\\\/\\\/horst.salvador-dali.org\\\/fr\\\/credits\\\/#breadcrumb\",\"itemListElement\":[{\"@type\":\"ListItem\",\"position\":1,\"name\":\"Inici\",\"item\":\"https:\\\/\\\/horst.salvador-dali.org\\\/fr\\\/\"},{\"@type\":\"ListItem\",\"position\":2,\"name\":\"Cr\u00e9dits\"}]},{\"@type\":\"WebSite\",\"@id\":\"https:\\\/\\\/horst.salvador-dali.org\\\/fr\\\/#website\",\"url\":\"https:\\\/\\\/horst.salvador-dali.org\\\/fr\\\/\",\"name\":\"Dal\u00ed\\\/Horst - Mirades creuades\",\"description\":\"\",\"potentialAction\":[{\"@type\":\"SearchAction\",\"target\":{\"@type\":\"EntryPoint\",\"urlTemplate\":\"https:\\\/\\\/horst.salvador-dali.org\\\/fr\\\/?s={search_term_string}\"},\"query-input\":{\"@type\":\"PropertyValueSpecification\",\"valueRequired\":true,\"valueName\":\"search_term_string\"}}],\"inLanguage\":\"fr-FR\"}]}<\/script>\n<!-- \/ Yoast SEO plugin. -->","yoast_head_json":{"title":"Cr\u00e9dits - Dal\u00ed\/Horst","robots":{"index":"noindex","follow":"nofollow"},"og_locale":"fr_FR","og_type":"article","og_title":"Cr\u00e9dits - Dal\u00ed\/Horst","og_description":"EXPOSITION COMMISSARIATRosa Maria Maurell et Bea CrespoDirection scientifique : Montse Aguer Teixidor Documentation et coordination : Centre d\u2019Estudis DaliniansConception : Pep Canaleta, 3carme33Graphisme : Alex GifreuConservation pr\u00e9ventive : Irene Civil, Elisenda Aragon\u00e9s, Laura Feliz, Josep Maria GuillametRegistre: Adriana FrancescuttoCommunication : Imma ParadaTransformation num\u00e9rique : Pere Gal\u00e1nGestion des droits : Mercedes AznarMontage : Roger Ferrer, Ferran [...]Lire la suite\u2026 from Cr\u00e9dits","og_url":"https:\/\/horst.salvador-dali.org\/fr\/credits\/","og_site_name":"Dal\u00ed\/Horst","article_publisher":"https:\/\/www.facebook.com\/MuseusDali","article_modified_time":"2026-03-03T11:02:22+00:00","twitter_card":"summary_large_image","twitter_site":"@MuseuDali","schema":{"@context":"https:\/\/schema.org","@graph":[{"@type":"WebPage","@id":"https:\/\/horst.salvador-dali.org\/fr\/credits\/","url":"https:\/\/horst.salvador-dali.org\/fr\/credits\/","name":"Cr\u00e9dits - Dal\u00ed\/Horst","isPartOf":{"@id":"https:\/\/horst.salvador-dali.org\/fr\/#website"},"datePublished":"2026-02-13T20:08:06+00:00","dateModified":"2026-03-03T11:02:22+00:00","breadcrumb":{"@id":"https:\/\/horst.salvador-dali.org\/fr\/credits\/#breadcrumb"},"inLanguage":"fr-FR","potentialAction":[{"@type":"ReadAction","target":["https:\/\/horst.salvador-dali.org\/fr\/credits\/"]}]},{"@type":"BreadcrumbList","@id":"https:\/\/horst.salvador-dali.org\/fr\/credits\/#breadcrumb","itemListElement":[{"@type":"ListItem","position":1,"name":"Inici","item":"https:\/\/horst.salvador-dali.org\/fr\/"},{"@type":"ListItem","position":2,"name":"Cr\u00e9dits"}]},{"@type":"WebSite","@id":"https:\/\/horst.salvador-dali.org\/fr\/#website","url":"https:\/\/horst.salvador-dali.org\/fr\/","name":"Dal\u00ed\/Horst - Mirades creuades","description":"","potentialAction":[{"@type":"SearchAction","target":{"@type":"EntryPoint","urlTemplate":"https:\/\/horst.salvador-dali.org\/fr\/?s={search_term_string}"},"query-input":{"@type":"PropertyValueSpecification","valueRequired":true,"valueName":"search_term_string"}}],"inLanguage":"fr-FR"}]}},"_links":{"self":[{"href":"https:\/\/horst.salvador-dali.org\/fr\/wp-json\/wp\/v2\/pages\/2927","targetHints":{"allow":["GET"]}}],"collection":[{"href":"https:\/\/horst.salvador-dali.org\/fr\/wp-json\/wp\/v2\/pages"}],"about":[{"href":"https:\/\/horst.salvador-dali.org\/fr\/wp-json\/wp\/v2\/types\/page"}],"author":[{"embeddable":true,"href":"https:\/\/horst.salvador-dali.org\/fr\/wp-json\/wp\/v2\/users\/7"}],"replies":[{"embeddable":true,"href":"https:\/\/horst.salvador-dali.org\/fr\/wp-json\/wp\/v2\/comments?post=2927"}],"version-history":[{"count":5,"href":"https:\/\/horst.salvador-dali.org\/fr\/wp-json\/wp\/v2\/pages\/2927\/revisions"}],"predecessor-version":[{"id":2950,"href":"https:\/\/horst.salvador-dali.org\/fr\/wp-json\/wp\/v2\/pages\/2927\/revisions\/2950"}],"wp:attachment":[{"href":"https:\/\/horst.salvador-dali.org\/fr\/wp-json\/wp\/v2\/media?parent=2927"}],"curies":[{"name":"wp","href":"https:\/\/api.w.org\/{rel}","templated":true}]}}