{"id":2600,"date":"2026-02-25T16:45:39","date_gmt":"2026-02-25T15:45:39","guid":{"rendered":"https:\/\/horst.salvador-dali.org\/obra\/fulls-de-contacte\/"},"modified":"2026-03-02T11:09:28","modified_gmt":"2026-03-02T10:09:28","slug":"planches-contact","status":"publish","type":"page","link":"https:\/\/horst.salvador-dali.org\/fr\/oeuvre\/planches-contact\/","title":{"rendered":"Planches-contact"},"content":{"rendered":"\n<div class=\"wp-block-columns is-layout-flex wp-container-core-columns-is-layout-9d6595d7 wp-block-columns-is-layout-flex\">\n<div class=\"wp-block-column is-layout-flow wp-block-column-is-layout-flow\" style=\"flex-basis:40%\">\n<h1 class=\"wp-block-heading has-x-large-font-size\"><strong>PLANCHES-CONTACT<\/strong><\/h1>\n\n\n\n<p class=\"has-medium-font-size\">Les planches-contact sont des outils d\u2019\u00e9dition, traditionnellement associ\u00e9es \u00e0 la photographie analogique, qui permettent de visualiser sur une seule feuille les images miniatures d\u2019une s\u00e9ance. Elles constituent une source d\u2019information tr\u00e8s pr\u00e9cieuse pour comprendre le processus cr\u00e9atif d\u2019une photographie, ainsi que les r\u00e9ussites et les h\u00e9sitations du photographe. Dans le cas de Horst, ces planches r\u00e9v\u00e8lent un regard plus complice et d\u00e9tendu, loin de l\u2019image id\u00e9alis\u00e9e qui d\u00e9finit son style. \u00c0 travers ces documents, la chaleur et la confiance que Horst transmettait habituellement \u00e0 ses mod\u00e8les deviennent \u00e9videntes.<\/p>\n<\/div>\n\n\n\n<div class=\"wp-block-column is-layout-flow wp-block-column-is-layout-flow\" style=\"flex-basis:7%\"><\/div>\n\n\n\n<div class=\"wp-block-column is-vertically-aligned-bottom peufoto is-layout-flow wp-block-column-is-layout-flow\" style=\"flex-basis:13%\"><\/div>\n\n\n\n<div class=\"wp-block-column is-layout-flow wp-block-column-is-layout-flow\" style=\"flex-basis:40%\">\n<figure data-wp-context=\"{&quot;imageId&quot;:&quot;69e4a63bb15f8&quot;}\" data-wp-interactive=\"core\/image\" data-wp-key=\"69e4a63bb15f8\" class=\"wp-block-image size-large caption-esquerra wp-lightbox-container\"><img loading=\"lazy\" decoding=\"async\" width=\"840\" height=\"1024\" data-wp-class--hide=\"state.isContentHidden\" data-wp-class--show=\"state.isContentVisible\" data-wp-init=\"callbacks.setButtonStyles\" data-wp-on--click=\"actions.showLightbox\" data-wp-on--load=\"callbacks.setButtonStyles\" data-wp-on-window--resize=\"callbacks.setButtonStyles\" src=\"https:\/\/horst.salvador-dali.org\/wp-content\/uploads\/2026\/02\/1249-Personalizado-840x1024.jpg\" alt=\"Horst P. Horst\nFull de contactes de\u00a0Gala\nc. 1957\" class=\"wp-image-2389\" srcset=\"https:\/\/horst.salvador-dali.org\/wp-content\/uploads\/2026\/02\/1249-Personalizado-840x1024.jpg 840w, https:\/\/horst.salvador-dali.org\/wp-content\/uploads\/2026\/02\/1249-Personalizado-246x300.jpg 246w, https:\/\/horst.salvador-dali.org\/wp-content\/uploads\/2026\/02\/1249-Personalizado-768x936.jpg 768w, https:\/\/horst.salvador-dali.org\/wp-content\/uploads\/2026\/02\/1249-Personalizado-1260x1536.jpg 1260w, https:\/\/horst.salvador-dali.org\/wp-content\/uploads\/2026\/02\/1249-Personalizado.jpg 1575w\" sizes=\"auto, (max-width: 840px) 100vw, 840px\" \/><button\n\t\t\tclass=\"lightbox-trigger\"\n\t\t\ttype=\"button\"\n\t\t\taria-haspopup=\"dialog\"\n\t\t\taria-label=\"Agrandir\"\n\t\t\tdata-wp-init=\"callbacks.initTriggerButton\"\n\t\t\tdata-wp-on--click=\"actions.showLightbox\"\n\t\t\tdata-wp-style--right=\"state.imageButtonRight\"\n\t\t\tdata-wp-style--top=\"state.imageButtonTop\"\n\t\t>\n\t\t\t<svg xmlns=\"http:\/\/www.w3.org\/2000\/svg\" width=\"12\" height=\"12\" fill=\"none\" viewBox=\"0 0 12 12\">\n\t\t\t\t<path fill=\"#fff\" d=\"M2 0a2 2 0 0 0-2 2v2h1.5V2a.5.5 0 0 1 .5-.5h2V0H2Zm2 10.5H2a.5.5 0 0 1-.5-.5V8H0v2a2 2 0 0 0 2 2h2v-1.5ZM8 12v-1.5h2a.5.5 0 0 0 .5-.5V8H12v2a2 2 0 0 1-2 2H8Zm2-12a2 2 0 0 1 2 2v2h-1.5V2a.5.5 0 0 0-.5-.5H8V0h2Z\" \/>\n\t\t\t<\/svg>\n\t\t<\/button><figcaption class=\"wp-element-caption\"><strong>Horst P. Horst<\/strong><br>Planche-contact montrant\u00a0Gala<br>c. 1957<\/figcaption><\/figure>\n<\/div>\n<\/div>\n\n\n\n<div style=\"height:100px\" aria-hidden=\"true\" class=\"wp-block-spacer\"><\/div>\n\n\n\n<div class=\"wp-block-columns is-layout-flex wp-container-core-columns-is-layout-9d6595d7 wp-block-columns-is-layout-flex\">\n<div class=\"wp-block-column is-layout-flow wp-block-column-is-layout-flow\" style=\"flex-basis:60%\">\n<figure data-wp-context=\"{&quot;imageId&quot;:&quot;69e4a63bb1c5d&quot;}\" data-wp-interactive=\"core\/image\" data-wp-key=\"69e4a63bb1c5d\" class=\"wp-block-image size-full caption-dreta wp-lightbox-container\"><img loading=\"lazy\" decoding=\"async\" width=\"1563\" height=\"1920\" data-wp-class--hide=\"state.isContentHidden\" data-wp-class--show=\"state.isContentVisible\" data-wp-init=\"callbacks.setButtonStyles\" data-wp-on--click=\"actions.showLightbox\" data-wp-on--load=\"callbacks.setButtonStyles\" data-wp-on-window--resize=\"callbacks.setButtonStyles\" src=\"https:\/\/horst.salvador-dali.org\/wp-content\/uploads\/2026\/02\/1251-Personalizado.jpg\" alt=\"\" class=\"wp-image-2471\" srcset=\"https:\/\/horst.salvador-dali.org\/wp-content\/uploads\/2026\/02\/1251-Personalizado.jpg 1563w, https:\/\/horst.salvador-dali.org\/wp-content\/uploads\/2026\/02\/1251-Personalizado-244x300.jpg 244w, https:\/\/horst.salvador-dali.org\/wp-content\/uploads\/2026\/02\/1251-Personalizado-834x1024.jpg 834w, https:\/\/horst.salvador-dali.org\/wp-content\/uploads\/2026\/02\/1251-Personalizado-768x943.jpg 768w, https:\/\/horst.salvador-dali.org\/wp-content\/uploads\/2026\/02\/1251-Personalizado-1250x1536.jpg 1250w\" sizes=\"auto, (max-width: 1563px) 100vw, 1563px\" \/><button\n\t\t\tclass=\"lightbox-trigger\"\n\t\t\ttype=\"button\"\n\t\t\taria-haspopup=\"dialog\"\n\t\t\taria-label=\"Agrandir\"\n\t\t\tdata-wp-init=\"callbacks.initTriggerButton\"\n\t\t\tdata-wp-on--click=\"actions.showLightbox\"\n\t\t\tdata-wp-style--right=\"state.imageButtonRight\"\n\t\t\tdata-wp-style--top=\"state.imageButtonTop\"\n\t\t>\n\t\t\t<svg xmlns=\"http:\/\/www.w3.org\/2000\/svg\" width=\"12\" height=\"12\" fill=\"none\" viewBox=\"0 0 12 12\">\n\t\t\t\t<path fill=\"#fff\" d=\"M2 0a2 2 0 0 0-2 2v2h1.5V2a.5.5 0 0 1 .5-.5h2V0H2Zm2 10.5H2a.5.5 0 0 1-.5-.5V8H0v2a2 2 0 0 0 2 2h2v-1.5ZM8 12v-1.5h2a.5.5 0 0 0 .5-.5V8H12v2a2 2 0 0 1-2 2H8Zm2-12a2 2 0 0 1 2 2v2h-1.5V2a.5.5 0 0 0-.5-.5H8V0h2Z\" \/>\n\t\t\t<\/svg>\n\t\t<\/button><figcaption class=\"wp-element-caption\"><strong>Horst P. Horst<\/strong><br>Planche-contact montrant\u00a0Salvador Dal\u00ed et Gala<br>c. 1957\u00a0<\/figcaption><\/figure>\n<\/div>\n\n\n\n<div class=\"wp-block-column is-vertically-aligned-bottom peufoto is-layout-flow wp-block-column-is-layout-flow\" style=\"flex-basis:40%\"><\/div>\n<\/div>\n\n\n\n<div style=\"height:100px\" aria-hidden=\"true\" class=\"wp-block-spacer\"><\/div>\n\n\n\n<div class=\"wp-block-columns is-layout-flex wp-container-core-columns-is-layout-9d6595d7 wp-block-columns-is-layout-flex\">\n<div class=\"wp-block-column is-vertically-aligned-bottom peufoto is-layout-flow wp-block-column-is-layout-flow\" style=\"flex-basis:40%\"><\/div>\n\n\n\n<div class=\"wp-block-column is-layout-flow wp-block-column-is-layout-flow\" style=\"flex-basis:60%\">\n<figure data-wp-context=\"{&quot;imageId&quot;:&quot;69e4a63bb227b&quot;}\" data-wp-interactive=\"core\/image\" data-wp-key=\"69e4a63bb227b\" class=\"wp-block-image size-full caption-esquerra wp-lightbox-container\"><img loading=\"lazy\" decoding=\"async\" width=\"1549\" height=\"1920\" data-wp-class--hide=\"state.isContentHidden\" data-wp-class--show=\"state.isContentVisible\" data-wp-init=\"callbacks.setButtonStyles\" data-wp-on--click=\"actions.showLightbox\" data-wp-on--load=\"callbacks.setButtonStyles\" data-wp-on-window--resize=\"callbacks.setButtonStyles\" src=\"https:\/\/horst.salvador-dali.org\/wp-content\/uploads\/2026\/02\/1254-Personalizado.jpg\" alt=\"\" class=\"wp-image-2474\" srcset=\"https:\/\/horst.salvador-dali.org\/wp-content\/uploads\/2026\/02\/1254-Personalizado.jpg 1549w, https:\/\/horst.salvador-dali.org\/wp-content\/uploads\/2026\/02\/1254-Personalizado-242x300.jpg 242w, https:\/\/horst.salvador-dali.org\/wp-content\/uploads\/2026\/02\/1254-Personalizado-826x1024.jpg 826w, https:\/\/horst.salvador-dali.org\/wp-content\/uploads\/2026\/02\/1254-Personalizado-768x952.jpg 768w, https:\/\/horst.salvador-dali.org\/wp-content\/uploads\/2026\/02\/1254-Personalizado-1239x1536.jpg 1239w\" sizes=\"auto, (max-width: 1549px) 100vw, 1549px\" \/><button\n\t\t\tclass=\"lightbox-trigger\"\n\t\t\ttype=\"button\"\n\t\t\taria-haspopup=\"dialog\"\n\t\t\taria-label=\"Agrandir\"\n\t\t\tdata-wp-init=\"callbacks.initTriggerButton\"\n\t\t\tdata-wp-on--click=\"actions.showLightbox\"\n\t\t\tdata-wp-style--right=\"state.imageButtonRight\"\n\t\t\tdata-wp-style--top=\"state.imageButtonTop\"\n\t\t>\n\t\t\t<svg xmlns=\"http:\/\/www.w3.org\/2000\/svg\" width=\"12\" height=\"12\" fill=\"none\" viewBox=\"0 0 12 12\">\n\t\t\t\t<path fill=\"#fff\" d=\"M2 0a2 2 0 0 0-2 2v2h1.5V2a.5.5 0 0 1 .5-.5h2V0H2Zm2 10.5H2a.5.5 0 0 1-.5-.5V8H0v2a2 2 0 0 0 2 2h2v-1.5ZM8 12v-1.5h2a.5.5 0 0 0 .5-.5V8H12v2a2 2 0 0 1-2 2H8Zm2-12a2 2 0 0 1 2 2v2h-1.5V2a.5.5 0 0 0-.5-.5H8V0h2Z\" \/>\n\t\t\t<\/svg>\n\t\t<\/button><figcaption class=\"wp-element-caption\"><strong>Horst P. Horst<\/strong><br>Planche-contact montrant\u00a0Gala<br>c. 1957<\/figcaption><\/figure>\n<\/div>\n<\/div>\n","protected":false},"excerpt":{"rendered":"<p>PLANCHES-CONTACT Les planches-contact sont des outils d\u2019\u00e9dition, traditionnellement associ\u00e9es \u00e0 la photographie analogique, qui permettent de visualiser sur une seule feuille les images miniatures d\u2019une s\u00e9ance. Elles constituent une source d\u2019information tr\u00e8s pr\u00e9cieuse pour comprendre le processus cr\u00e9atif d\u2019une photographie, ainsi que les r\u00e9ussites et les h\u00e9sitations du photographe. Dans le cas de Horst, ces [&#8230;]<\/p>\n<p><a class=\"btn btn-secondary understrap-read-more-link\" href=\"https:\/\/horst.salvador-dali.org\/fr\/oeuvre\/planches-contact\/\">Lire la suite\u2026<span class=\"screen-reader-text\"> from Planches-contact<\/span><\/a><\/p>\n","protected":false},"author":8,"featured_media":0,"parent":2504,"menu_order":14,"comment_status":"closed","ping_status":"closed","template":"page-templates\/page-obra.php","meta":{"_acf_changed":false,"inline_featured_image":false,"footnotes":""},"class_list":["post-2600","page","type-page","status-publish","hentry"],"acf":[],"yoast_head":"<!-- This site is optimized with the Yoast SEO plugin v27.4 - https:\/\/yoast.com\/product\/yoast-seo-wordpress\/ -->\n<title>Planches-contact - Dal\u00ed\/Horst<\/title>\n<meta name=\"robots\" content=\"index, follow, max-snippet:-1, max-image-preview:large, max-video-preview:-1\" \/>\n<link rel=\"canonical\" href=\"https:\/\/horst.salvador-dali.org\/fr\/oeuvre\/planches-contact\/\" \/>\n<meta property=\"og:locale\" content=\"fr_FR\" \/>\n<meta property=\"og:type\" content=\"article\" \/>\n<meta property=\"og:title\" content=\"Planches-contact - Dal\u00ed\/Horst\" \/>\n<meta property=\"og:description\" content=\"PLANCHES-CONTACT Les planches-contact sont des outils d\u2019\u00e9dition, traditionnellement associ\u00e9es \u00e0 la photographie analogique, qui permettent de visualiser sur une seule feuille les images miniatures d\u2019une s\u00e9ance. Elles constituent une source d\u2019information tr\u00e8s pr\u00e9cieuse pour comprendre le processus cr\u00e9atif d\u2019une photographie, ainsi que les r\u00e9ussites et les h\u00e9sitations du photographe. Dans le cas de Horst, ces [...]Lire la suite\u2026 from Planches-contact\" \/>\n<meta property=\"og:url\" content=\"https:\/\/horst.salvador-dali.org\/fr\/oeuvre\/planches-contact\/\" \/>\n<meta property=\"og:site_name\" content=\"Dal\u00ed\/Horst\" \/>\n<meta property=\"article:publisher\" content=\"https:\/\/www.facebook.com\/MuseusDali\" \/>\n<meta property=\"article:modified_time\" content=\"2026-03-02T10:09:28+00:00\" \/>\n<meta property=\"og:image\" content=\"https:\/\/horst.salvador-dali.org\/wp-content\/uploads\/2026\/02\/1249-Personalizado-840x1024.jpg\" \/>\n<meta name=\"twitter:card\" content=\"summary_large_image\" \/>\n<meta name=\"twitter:site\" content=\"@MuseuDali\" \/>\n<meta name=\"twitter:label1\" content=\"Dur\u00e9e de lecture estim\u00e9e\" \/>\n\t<meta name=\"twitter:data1\" content=\"1 minute\" \/>\n<script type=\"application\/ld+json\" class=\"yoast-schema-graph\">{\"@context\":\"https:\\\/\\\/schema.org\",\"@graph\":[{\"@type\":\"WebPage\",\"@id\":\"https:\\\/\\\/horst.salvador-dali.org\\\/fr\\\/oeuvre\\\/planches-contact\\\/\",\"url\":\"https:\\\/\\\/horst.salvador-dali.org\\\/fr\\\/oeuvre\\\/planches-contact\\\/\",\"name\":\"Planches-contact - Dal\u00ed\\\/Horst\",\"isPartOf\":{\"@id\":\"https:\\\/\\\/horst.salvador-dali.org\\\/fr\\\/#website\"},\"primaryImageOfPage\":{\"@id\":\"https:\\\/\\\/horst.salvador-dali.org\\\/fr\\\/oeuvre\\\/planches-contact\\\/#primaryimage\"},\"image\":{\"@id\":\"https:\\\/\\\/horst.salvador-dali.org\\\/fr\\\/oeuvre\\\/planches-contact\\\/#primaryimage\"},\"thumbnailUrl\":\"https:\\\/\\\/horst.salvador-dali.org\\\/wp-content\\\/uploads\\\/2026\\\/02\\\/1249-Personalizado-840x1024.jpg\",\"datePublished\":\"2026-02-25T15:45:39+00:00\",\"dateModified\":\"2026-03-02T10:09:28+00:00\",\"breadcrumb\":{\"@id\":\"https:\\\/\\\/horst.salvador-dali.org\\\/fr\\\/oeuvre\\\/planches-contact\\\/#breadcrumb\"},\"inLanguage\":\"fr-FR\",\"potentialAction\":[{\"@type\":\"ReadAction\",\"target\":[\"https:\\\/\\\/horst.salvador-dali.org\\\/fr\\\/oeuvre\\\/planches-contact\\\/\"]}]},{\"@type\":\"ImageObject\",\"inLanguage\":\"fr-FR\",\"@id\":\"https:\\\/\\\/horst.salvador-dali.org\\\/fr\\\/oeuvre\\\/planches-contact\\\/#primaryimage\",\"url\":\"https:\\\/\\\/horst.salvador-dali.org\\\/wp-content\\\/uploads\\\/2026\\\/02\\\/1249-Personalizado-840x1024.jpg\",\"contentUrl\":\"https:\\\/\\\/horst.salvador-dali.org\\\/wp-content\\\/uploads\\\/2026\\\/02\\\/1249-Personalizado-840x1024.jpg\"},{\"@type\":\"BreadcrumbList\",\"@id\":\"https:\\\/\\\/horst.salvador-dali.org\\\/fr\\\/oeuvre\\\/planches-contact\\\/#breadcrumb\",\"itemListElement\":[{\"@type\":\"ListItem\",\"position\":1,\"name\":\"Inici\",\"item\":\"https:\\\/\\\/horst.salvador-dali.org\\\/fr\\\/\"},{\"@type\":\"ListItem\",\"position\":2,\"name\":\"Planches-contact\"}]},{\"@type\":\"WebSite\",\"@id\":\"https:\\\/\\\/horst.salvador-dali.org\\\/fr\\\/#website\",\"url\":\"https:\\\/\\\/horst.salvador-dali.org\\\/fr\\\/\",\"name\":\"Dal\u00ed\\\/Horst - Mirades creuades\",\"description\":\"\",\"potentialAction\":[{\"@type\":\"SearchAction\",\"target\":{\"@type\":\"EntryPoint\",\"urlTemplate\":\"https:\\\/\\\/horst.salvador-dali.org\\\/fr\\\/?s={search_term_string}\"},\"query-input\":{\"@type\":\"PropertyValueSpecification\",\"valueRequired\":true,\"valueName\":\"search_term_string\"}}],\"inLanguage\":\"fr-FR\"}]}<\/script>\n<!-- \/ Yoast SEO plugin. -->","yoast_head_json":{"title":"Planches-contact - Dal\u00ed\/Horst","robots":{"index":"index","follow":"follow","max-snippet":"max-snippet:-1","max-image-preview":"max-image-preview:large","max-video-preview":"max-video-preview:-1"},"canonical":"https:\/\/horst.salvador-dali.org\/fr\/oeuvre\/planches-contact\/","og_locale":"fr_FR","og_type":"article","og_title":"Planches-contact - Dal\u00ed\/Horst","og_description":"PLANCHES-CONTACT Les planches-contact sont des outils d\u2019\u00e9dition, traditionnellement associ\u00e9es \u00e0 la photographie analogique, qui permettent de visualiser sur une seule feuille les images miniatures d\u2019une s\u00e9ance. Elles constituent une source d\u2019information tr\u00e8s pr\u00e9cieuse pour comprendre le processus cr\u00e9atif d\u2019une photographie, ainsi que les r\u00e9ussites et les h\u00e9sitations du photographe. Dans le cas de Horst, ces [...]Lire la suite\u2026 from Planches-contact","og_url":"https:\/\/horst.salvador-dali.org\/fr\/oeuvre\/planches-contact\/","og_site_name":"Dal\u00ed\/Horst","article_publisher":"https:\/\/www.facebook.com\/MuseusDali","article_modified_time":"2026-03-02T10:09:28+00:00","og_image":[{"url":"https:\/\/horst.salvador-dali.org\/wp-content\/uploads\/2026\/02\/1249-Personalizado-840x1024.jpg","type":"","width":"","height":""}],"twitter_card":"summary_large_image","twitter_site":"@MuseuDali","twitter_misc":{"Dur\u00e9e de lecture estim\u00e9e":"1 minute"},"schema":{"@context":"https:\/\/schema.org","@graph":[{"@type":"WebPage","@id":"https:\/\/horst.salvador-dali.org\/fr\/oeuvre\/planches-contact\/","url":"https:\/\/horst.salvador-dali.org\/fr\/oeuvre\/planches-contact\/","name":"Planches-contact - Dal\u00ed\/Horst","isPartOf":{"@id":"https:\/\/horst.salvador-dali.org\/fr\/#website"},"primaryImageOfPage":{"@id":"https:\/\/horst.salvador-dali.org\/fr\/oeuvre\/planches-contact\/#primaryimage"},"image":{"@id":"https:\/\/horst.salvador-dali.org\/fr\/oeuvre\/planches-contact\/#primaryimage"},"thumbnailUrl":"https:\/\/horst.salvador-dali.org\/wp-content\/uploads\/2026\/02\/1249-Personalizado-840x1024.jpg","datePublished":"2026-02-25T15:45:39+00:00","dateModified":"2026-03-02T10:09:28+00:00","breadcrumb":{"@id":"https:\/\/horst.salvador-dali.org\/fr\/oeuvre\/planches-contact\/#breadcrumb"},"inLanguage":"fr-FR","potentialAction":[{"@type":"ReadAction","target":["https:\/\/horst.salvador-dali.org\/fr\/oeuvre\/planches-contact\/"]}]},{"@type":"ImageObject","inLanguage":"fr-FR","@id":"https:\/\/horst.salvador-dali.org\/fr\/oeuvre\/planches-contact\/#primaryimage","url":"https:\/\/horst.salvador-dali.org\/wp-content\/uploads\/2026\/02\/1249-Personalizado-840x1024.jpg","contentUrl":"https:\/\/horst.salvador-dali.org\/wp-content\/uploads\/2026\/02\/1249-Personalizado-840x1024.jpg"},{"@type":"BreadcrumbList","@id":"https:\/\/horst.salvador-dali.org\/fr\/oeuvre\/planches-contact\/#breadcrumb","itemListElement":[{"@type":"ListItem","position":1,"name":"Inici","item":"https:\/\/horst.salvador-dali.org\/fr\/"},{"@type":"ListItem","position":2,"name":"Planches-contact"}]},{"@type":"WebSite","@id":"https:\/\/horst.salvador-dali.org\/fr\/#website","url":"https:\/\/horst.salvador-dali.org\/fr\/","name":"Dal\u00ed\/Horst - Mirades creuades","description":"","potentialAction":[{"@type":"SearchAction","target":{"@type":"EntryPoint","urlTemplate":"https:\/\/horst.salvador-dali.org\/fr\/?s={search_term_string}"},"query-input":{"@type":"PropertyValueSpecification","valueRequired":true,"valueName":"search_term_string"}}],"inLanguage":"fr-FR"}]}},"_links":{"self":[{"href":"https:\/\/horst.salvador-dali.org\/fr\/wp-json\/wp\/v2\/pages\/2600","targetHints":{"allow":["GET"]}}],"collection":[{"href":"https:\/\/horst.salvador-dali.org\/fr\/wp-json\/wp\/v2\/pages"}],"about":[{"href":"https:\/\/horst.salvador-dali.org\/fr\/wp-json\/wp\/v2\/types\/page"}],"author":[{"embeddable":true,"href":"https:\/\/horst.salvador-dali.org\/fr\/wp-json\/wp\/v2\/users\/8"}],"replies":[{"embeddable":true,"href":"https:\/\/horst.salvador-dali.org\/fr\/wp-json\/wp\/v2\/comments?post=2600"}],"version-history":[{"count":3,"href":"https:\/\/horst.salvador-dali.org\/fr\/wp-json\/wp\/v2\/pages\/2600\/revisions"}],"predecessor-version":[{"id":2843,"href":"https:\/\/horst.salvador-dali.org\/fr\/wp-json\/wp\/v2\/pages\/2600\/revisions\/2843"}],"up":[{"embeddable":true,"href":"https:\/\/horst.salvador-dali.org\/fr\/wp-json\/wp\/v2\/pages\/2504"}],"wp:attachment":[{"href":"https:\/\/horst.salvador-dali.org\/fr\/wp-json\/wp\/v2\/media?parent=2600"}],"curies":[{"name":"wp","href":"https:\/\/api.w.org\/{rel}","templated":true}]}}