{"id":2594,"date":"2026-02-25T16:29:36","date_gmt":"2026-02-25T15:29:36","guid":{"rendered":"https:\/\/horst.salvador-dali.org\/obra\/retrats\/"},"modified":"2026-03-02T11:10:32","modified_gmt":"2026-03-02T10:10:32","slug":"portraits","status":"publish","type":"page","link":"https:\/\/horst.salvador-dali.org\/fr\/oeuvre\/portraits\/","title":{"rendered":"Portraits"},"content":{"rendered":"\n<div class=\"wp-block-columns is-layout-flex wp-container-core-columns-is-layout-9d6595d7 wp-block-columns-is-layout-flex\">\n<div class=\"wp-block-column is-layout-flow wp-block-column-is-layout-flow\" style=\"flex-basis:40%\">\n<h1 class=\"wp-block-heading has-x-large-font-size\"><strong>PORTRAITS<\/strong><\/h1>\n\n\n\n<p class=\"has-medium-font-size\">Conscients de la valeur et de l&rsquo;impact de l&rsquo;image, les Dal\u00ed choisissent de se faire photographier par les photographes les plus prestigieux de leur \u00e9poque. Les photographies de Gala et Salvador Dal\u00ed permettent de saisir les caract\u00e9ristiques les plus marquantes du style de Horst. Bien que d&rsquo;apparence naturelle, leurs portraits en studio sont con\u00e7us presque comme des sculptures : la lumi\u00e8re, la composition, le geste&#8230; tout est minutieusement \u00e9tudi\u00e9. Horst ne recherche pas la profondeur psychologique ; ce qui l&rsquo;int\u00e9resse avant tout, c&rsquo;est de capturer l&rsquo;image la plus belle, la plus \u00e9l\u00e9gante. \u00c0 travers de telles images, Horst \u00e9tablit les fondements du portrait photographique de son \u00e9poque.<\/p>\n<\/div>\n\n\n\n<div class=\"wp-block-column is-layout-flow wp-block-column-is-layout-flow\" style=\"flex-basis:7%\"><\/div>\n\n\n\n<div class=\"wp-block-column is-vertically-aligned-bottom peufoto is-layout-flow wp-block-column-is-layout-flow\" style=\"flex-basis:13%\"><\/div>\n\n\n\n<div class=\"wp-block-column is-layout-flow wp-block-column-is-layout-flow\" style=\"flex-basis:40%\">\n<figure data-wp-context=\"{&quot;imageId&quot;:&quot;69e750f91d5df&quot;}\" data-wp-interactive=\"core\/image\" data-wp-key=\"69e750f91d5df\" class=\"wp-block-image size-large caption-esquerra wp-lightbox-container\"><img loading=\"lazy\" decoding=\"async\" width=\"805\" height=\"1024\" data-wp-class--hide=\"state.isContentHidden\" data-wp-class--show=\"state.isContentVisible\" data-wp-init=\"callbacks.setButtonStyles\" data-wp-on--click=\"actions.showLightbox\" data-wp-on--load=\"callbacks.setButtonStyles\" data-wp-on-window--resize=\"callbacks.setButtonStyles\" src=\"https:\/\/horst.salvador-dali.org\/wp-content\/uploads\/2026\/02\/hst19430201a001-Personalizado-805x1024.jpg\" alt=\"\" class=\"wp-image-2388\" srcset=\"https:\/\/horst.salvador-dali.org\/wp-content\/uploads\/2026\/02\/hst19430201a001-Personalizado-805x1024.jpg 805w, https:\/\/horst.salvador-dali.org\/wp-content\/uploads\/2026\/02\/hst19430201a001-Personalizado-236x300.jpg 236w, https:\/\/horst.salvador-dali.org\/wp-content\/uploads\/2026\/02\/hst19430201a001-Personalizado-768x977.jpg 768w, https:\/\/horst.salvador-dali.org\/wp-content\/uploads\/2026\/02\/hst19430201a001-Personalizado-1207x1536.jpg 1207w, https:\/\/horst.salvador-dali.org\/wp-content\/uploads\/2026\/02\/hst19430201a001-Personalizado.jpg 1509w\" sizes=\"auto, (max-width: 805px) 100vw, 805px\" \/><button\n\t\t\tclass=\"lightbox-trigger\"\n\t\t\ttype=\"button\"\n\t\t\taria-haspopup=\"dialog\"\n\t\t\taria-label=\"Agrandir\"\n\t\t\tdata-wp-init=\"callbacks.initTriggerButton\"\n\t\t\tdata-wp-on--click=\"actions.showLightbox\"\n\t\t\tdata-wp-style--right=\"state.imageButtonRight\"\n\t\t\tdata-wp-style--top=\"state.imageButtonTop\"\n\t\t>\n\t\t\t<svg xmlns=\"http:\/\/www.w3.org\/2000\/svg\" width=\"12\" height=\"12\" fill=\"none\" viewBox=\"0 0 12 12\">\n\t\t\t\t<path fill=\"#fff\" d=\"M2 0a2 2 0 0 0-2 2v2h1.5V2a.5.5 0 0 1 .5-.5h2V0H2Zm2 10.5H2a.5.5 0 0 1-.5-.5V8H0v2a2 2 0 0 0 2 2h2v-1.5ZM8 12v-1.5h2a.5.5 0 0 0 .5-.5V8H12v2a2 2 0 0 1-2 2H8Zm2-12a2 2 0 0 1 2 2v2h-1.5V2a.5.5 0 0 0-.5-.5H8V0h2Z\" \/>\n\t\t\t<\/svg>\n\t\t<\/button><figcaption class=\"wp-element-caption\"><strong>Horst P. Horst<\/strong><br>Salvador Dal\u00ed<br>1943<\/figcaption><\/figure>\n<\/div>\n<\/div>\n\n\n\n<div class=\"wp-block-columns is-layout-flex wp-container-core-columns-is-layout-9d6595d7 wp-block-columns-is-layout-flex\">\n<div class=\"wp-block-column is-layout-flow wp-block-column-is-layout-flow\" style=\"flex-basis:60%\">\n<figure data-wp-context=\"{&quot;imageId&quot;:&quot;69e750f91db8e&quot;}\" data-wp-interactive=\"core\/image\" data-wp-key=\"69e750f91db8e\" class=\"wp-block-image size-full caption-dreta wp-lightbox-container\"><img loading=\"lazy\" decoding=\"async\" width=\"1638\" height=\"1920\" data-wp-class--hide=\"state.isContentHidden\" data-wp-class--show=\"state.isContentVisible\" data-wp-init=\"callbacks.setButtonStyles\" data-wp-on--click=\"actions.showLightbox\" data-wp-on--load=\"callbacks.setButtonStyles\" data-wp-on-window--resize=\"callbacks.setButtonStyles\" src=\"https:\/\/horst.salvador-dali.org\/wp-content\/uploads\/2026\/02\/1325-Personalizado.jpg\" alt=\"\" class=\"wp-image-2455\" srcset=\"https:\/\/horst.salvador-dali.org\/wp-content\/uploads\/2026\/02\/1325-Personalizado.jpg 1638w, https:\/\/horst.salvador-dali.org\/wp-content\/uploads\/2026\/02\/1325-Personalizado-256x300.jpg 256w, https:\/\/horst.salvador-dali.org\/wp-content\/uploads\/2026\/02\/1325-Personalizado-874x1024.jpg 874w, https:\/\/horst.salvador-dali.org\/wp-content\/uploads\/2026\/02\/1325-Personalizado-768x900.jpg 768w, https:\/\/horst.salvador-dali.org\/wp-content\/uploads\/2026\/02\/1325-Personalizado-1310x1536.jpg 1310w\" sizes=\"auto, (max-width: 1638px) 100vw, 1638px\" \/><button\n\t\t\tclass=\"lightbox-trigger\"\n\t\t\ttype=\"button\"\n\t\t\taria-haspopup=\"dialog\"\n\t\t\taria-label=\"Agrandir\"\n\t\t\tdata-wp-init=\"callbacks.initTriggerButton\"\n\t\t\tdata-wp-on--click=\"actions.showLightbox\"\n\t\t\tdata-wp-style--right=\"state.imageButtonRight\"\n\t\t\tdata-wp-style--top=\"state.imageButtonTop\"\n\t\t>\n\t\t\t<svg xmlns=\"http:\/\/www.w3.org\/2000\/svg\" width=\"12\" height=\"12\" fill=\"none\" viewBox=\"0 0 12 12\">\n\t\t\t\t<path fill=\"#fff\" d=\"M2 0a2 2 0 0 0-2 2v2h1.5V2a.5.5 0 0 1 .5-.5h2V0H2Zm2 10.5H2a.5.5 0 0 1-.5-.5V8H0v2a2 2 0 0 0 2 2h2v-1.5ZM8 12v-1.5h2a.5.5 0 0 0 .5-.5V8H12v2a2 2 0 0 1-2 2H8Zm2-12a2 2 0 0 1 2 2v2h-1.5V2a.5.5 0 0 0-.5-.5H8V0h2Z\" \/>\n\t\t\t<\/svg>\n\t\t<\/button><figcaption class=\"wp-element-caption\"><strong>Horst P. Horst<\/strong><br>Gala<br>1943&nbsp;<\/figcaption><\/figure>\n<\/div>\n\n\n\n<div class=\"wp-block-column is-vertically-aligned-bottom peufoto is-layout-flow wp-block-column-is-layout-flow\" style=\"flex-basis:40%\"><\/div>\n<\/div>\n\n\n\n<div style=\"height:100px\" aria-hidden=\"true\" class=\"wp-block-spacer\"><\/div>\n\n\n\n<div class=\"wp-block-columns is-layout-flex wp-container-core-columns-is-layout-9d6595d7 wp-block-columns-is-layout-flex\">\n<div class=\"wp-block-column is-layout-flow wp-block-column-is-layout-flow\" style=\"flex-basis:40%\">\n<figure data-wp-context=\"{&quot;imageId&quot;:&quot;69e750f91e1b9&quot;}\" data-wp-interactive=\"core\/image\" data-wp-key=\"69e750f91e1b9\" class=\"wp-block-image size-full caption-dreta superior wp-lightbox-container\"><img loading=\"lazy\" decoding=\"async\" width=\"1639\" height=\"2185\" data-wp-class--hide=\"state.isContentHidden\" data-wp-class--show=\"state.isContentVisible\" data-wp-init=\"callbacks.setButtonStyles\" data-wp-on--click=\"actions.showLightbox\" data-wp-on--load=\"callbacks.setButtonStyles\" data-wp-on-window--resize=\"callbacks.setButtonStyles\" src=\"https:\/\/horst.salvador-dali.org\/wp-content\/uploads\/2026\/02\/1251-tallat2.jpg\" alt=\"\" class=\"wp-image-2457\" srcset=\"https:\/\/horst.salvador-dali.org\/wp-content\/uploads\/2026\/02\/1251-tallat2.jpg 1639w, https:\/\/horst.salvador-dali.org\/wp-content\/uploads\/2026\/02\/1251-tallat2-225x300.jpg 225w, https:\/\/horst.salvador-dali.org\/wp-content\/uploads\/2026\/02\/1251-tallat2-768x1024.jpg 768w, https:\/\/horst.salvador-dali.org\/wp-content\/uploads\/2026\/02\/1251-tallat2-1152x1536.jpg 1152w, https:\/\/horst.salvador-dali.org\/wp-content\/uploads\/2026\/02\/1251-tallat2-1536x2048.jpg 1536w\" sizes=\"auto, (max-width: 1639px) 100vw, 1639px\" \/><button\n\t\t\tclass=\"lightbox-trigger\"\n\t\t\ttype=\"button\"\n\t\t\taria-haspopup=\"dialog\"\n\t\t\taria-label=\"Agrandir\"\n\t\t\tdata-wp-init=\"callbacks.initTriggerButton\"\n\t\t\tdata-wp-on--click=\"actions.showLightbox\"\n\t\t\tdata-wp-style--right=\"state.imageButtonRight\"\n\t\t\tdata-wp-style--top=\"state.imageButtonTop\"\n\t\t>\n\t\t\t<svg xmlns=\"http:\/\/www.w3.org\/2000\/svg\" width=\"12\" height=\"12\" fill=\"none\" viewBox=\"0 0 12 12\">\n\t\t\t\t<path fill=\"#fff\" d=\"M2 0a2 2 0 0 0-2 2v2h1.5V2a.5.5 0 0 1 .5-.5h2V0H2Zm2 10.5H2a.5.5 0 0 1-.5-.5V8H0v2a2 2 0 0 0 2 2h2v-1.5ZM8 12v-1.5h2a.5.5 0 0 0 .5-.5V8H12v2a2 2 0 0 1-2 2H8Zm2-12a2 2 0 0 1 2 2v2h-1.5V2a.5.5 0 0 0-.5-.5H8V0h2Z\" \/>\n\t\t\t<\/svg>\n\t\t<\/button><figcaption class=\"wp-element-caption\"><strong>Horst P. Horst<\/strong><br>Salvador Dal\u00ed<br>c. 1957&nbsp;<\/figcaption><\/figure>\n<\/div>\n\n\n\n<div class=\"wp-block-column is-vertically-aligned-stretch peufoto is-layout-flow wp-block-column-is-layout-flow\" style=\"flex-basis:26.67%\">\n<div style=\"height:100px\" aria-hidden=\"true\" class=\"wp-block-spacer\"><\/div>\n\n\n\n<div style=\"height:100px\" aria-hidden=\"true\" class=\"wp-block-spacer\"><\/div>\n<\/div>\n\n\n\n<div class=\"wp-block-column is-layout-flow wp-block-column-is-layout-flow\" style=\"flex-basis:33.33%\">\n<div style=\"height:100px\" aria-hidden=\"true\" class=\"wp-block-spacer\"><\/div>\n\n\n\n<figure data-wp-context=\"{&quot;imageId&quot;:&quot;69e750f91e714&quot;}\" data-wp-interactive=\"core\/image\" data-wp-key=\"69e750f91e714\" class=\"wp-block-image size-full caption-esquerra wp-lightbox-container\"><img loading=\"lazy\" decoding=\"async\" width=\"2184\" height=\"2185\" data-wp-class--hide=\"state.isContentHidden\" data-wp-class--show=\"state.isContentVisible\" data-wp-init=\"callbacks.setButtonStyles\" data-wp-on--click=\"actions.showLightbox\" data-wp-on--load=\"callbacks.setButtonStyles\" data-wp-on-window--resize=\"callbacks.setButtonStyles\" src=\"https:\/\/horst.salvador-dali.org\/wp-content\/uploads\/2026\/02\/1249tallat.jpg\" alt=\"\" class=\"wp-image-2459\" srcset=\"https:\/\/horst.salvador-dali.org\/wp-content\/uploads\/2026\/02\/1249tallat.jpg 2184w, https:\/\/horst.salvador-dali.org\/wp-content\/uploads\/2026\/02\/1249tallat-300x300.jpg 300w, https:\/\/horst.salvador-dali.org\/wp-content\/uploads\/2026\/02\/1249tallat-1024x1024.jpg 1024w, https:\/\/horst.salvador-dali.org\/wp-content\/uploads\/2026\/02\/1249tallat-150x150.jpg 150w, https:\/\/horst.salvador-dali.org\/wp-content\/uploads\/2026\/02\/1249tallat-768x768.jpg 768w, https:\/\/horst.salvador-dali.org\/wp-content\/uploads\/2026\/02\/1249tallat-1536x1536.jpg 1536w, https:\/\/horst.salvador-dali.org\/wp-content\/uploads\/2026\/02\/1249tallat-2048x2048.jpg 2048w\" sizes=\"auto, (max-width: 2184px) 100vw, 2184px\" \/><button\n\t\t\tclass=\"lightbox-trigger\"\n\t\t\ttype=\"button\"\n\t\t\taria-haspopup=\"dialog\"\n\t\t\taria-label=\"Agrandir\"\n\t\t\tdata-wp-init=\"callbacks.initTriggerButton\"\n\t\t\tdata-wp-on--click=\"actions.showLightbox\"\n\t\t\tdata-wp-style--right=\"state.imageButtonRight\"\n\t\t\tdata-wp-style--top=\"state.imageButtonTop\"\n\t\t>\n\t\t\t<svg xmlns=\"http:\/\/www.w3.org\/2000\/svg\" width=\"12\" height=\"12\" fill=\"none\" viewBox=\"0 0 12 12\">\n\t\t\t\t<path fill=\"#fff\" d=\"M2 0a2 2 0 0 0-2 2v2h1.5V2a.5.5 0 0 1 .5-.5h2V0H2Zm2 10.5H2a.5.5 0 0 1-.5-.5V8H0v2a2 2 0 0 0 2 2h2v-1.5ZM8 12v-1.5h2a.5.5 0 0 0 .5-.5V8H12v2a2 2 0 0 1-2 2H8Zm2-12a2 2 0 0 1 2 2v2h-1.5V2a.5.5 0 0 0-.5-.5H8V0h2Z\" \/>\n\t\t\t<\/svg>\n\t\t<\/button><figcaption class=\"wp-element-caption\"><strong>Horst P. Horst<\/strong><br>Gala<br>c. 1957&nbsp;<\/figcaption><\/figure>\n<\/div>\n<\/div>\n\n\n\n<div class=\"wp-block-columns is-layout-flex wp-container-core-columns-is-layout-9d6595d7 wp-block-columns-is-layout-flex\">\n<div class=\"wp-block-column is-layout-flow wp-block-column-is-layout-flow\" style=\"flex-basis:33.33%\">\n<div style=\"height:100px\" aria-hidden=\"true\" class=\"wp-block-spacer\"><\/div>\n\n\n\n<figure data-wp-context=\"{&quot;imageId&quot;:&quot;69e750f91ec3d&quot;}\" data-wp-interactive=\"core\/image\" data-wp-key=\"69e750f91ec3d\" class=\"wp-block-image size-full caption-dreta superior wp-lightbox-container\"><img loading=\"lazy\" decoding=\"async\" width=\"2048\" height=\"2125\" data-wp-class--hide=\"state.isContentHidden\" data-wp-class--show=\"state.isContentVisible\" data-wp-init=\"callbacks.setButtonStyles\" data-wp-on--click=\"actions.showLightbox\" data-wp-on--load=\"callbacks.setButtonStyles\" data-wp-on-window--resize=\"callbacks.setButtonStyles\" src=\"https:\/\/horst.salvador-dali.org\/wp-content\/uploads\/2026\/02\/cronologia-fons.webp\" alt=\"\" class=\"wp-image-2327\" srcset=\"https:\/\/horst.salvador-dali.org\/wp-content\/uploads\/2026\/02\/cronologia-fons.webp 2048w, https:\/\/horst.salvador-dali.org\/wp-content\/uploads\/2026\/02\/cronologia-fons-289x300.webp 289w, https:\/\/horst.salvador-dali.org\/wp-content\/uploads\/2026\/02\/cronologia-fons-987x1024.webp 987w, https:\/\/horst.salvador-dali.org\/wp-content\/uploads\/2026\/02\/cronologia-fons-768x797.webp 768w, https:\/\/horst.salvador-dali.org\/wp-content\/uploads\/2026\/02\/cronologia-fons-1480x1536.webp 1480w, https:\/\/horst.salvador-dali.org\/wp-content\/uploads\/2026\/02\/cronologia-fons-1974x2048.webp 1974w\" sizes=\"auto, (max-width: 2048px) 100vw, 2048px\" \/><button\n\t\t\tclass=\"lightbox-trigger\"\n\t\t\ttype=\"button\"\n\t\t\taria-haspopup=\"dialog\"\n\t\t\taria-label=\"Agrandir\"\n\t\t\tdata-wp-init=\"callbacks.initTriggerButton\"\n\t\t\tdata-wp-on--click=\"actions.showLightbox\"\n\t\t\tdata-wp-style--right=\"state.imageButtonRight\"\n\t\t\tdata-wp-style--top=\"state.imageButtonTop\"\n\t\t>\n\t\t\t<svg xmlns=\"http:\/\/www.w3.org\/2000\/svg\" width=\"12\" height=\"12\" fill=\"none\" viewBox=\"0 0 12 12\">\n\t\t\t\t<path fill=\"#fff\" d=\"M2 0a2 2 0 0 0-2 2v2h1.5V2a.5.5 0 0 1 .5-.5h2V0H2Zm2 10.5H2a.5.5 0 0 1-.5-.5V8H0v2a2 2 0 0 0 2 2h2v-1.5ZM8 12v-1.5h2a.5.5 0 0 0 .5-.5V8H12v2a2 2 0 0 1-2 2H8Zm2-12a2 2 0 0 1 2 2v2h-1.5V2a.5.5 0 0 0-.5-.5H8V0h2Z\" \/>\n\t\t\t<\/svg>\n\t\t<\/button><figcaption class=\"wp-element-caption\"><strong>Horst P. Horst<\/strong><br>Salvador Dal\u00ed<br>c. 1960&nbsp;<\/figcaption><\/figure>\n<\/div>\n\n\n\n<div class=\"wp-block-column is-vertically-aligned-stretch peufoto is-layout-flow wp-block-column-is-layout-flow\" style=\"flex-basis:26.67%\">\n<div style=\"height:100px\" aria-hidden=\"true\" class=\"wp-block-spacer\"><\/div>\n\n\n\n<div style=\"height:100px\" aria-hidden=\"true\" class=\"wp-block-spacer\"><\/div>\n<\/div>\n\n\n\n<div class=\"wp-block-column is-layout-flow wp-block-column-is-layout-flow\" style=\"flex-basis:40%\">\n<figure data-wp-context=\"{&quot;imageId&quot;:&quot;69e750f91f14d&quot;}\" data-wp-interactive=\"core\/image\" data-wp-key=\"69e750f91f14d\" class=\"wp-block-image size-full caption-esquerra wp-lightbox-container\"><img loading=\"lazy\" decoding=\"async\" width=\"1549\" height=\"1920\" data-wp-class--hide=\"state.isContentHidden\" data-wp-class--show=\"state.isContentVisible\" data-wp-init=\"callbacks.setButtonStyles\" data-wp-on--click=\"actions.showLightbox\" data-wp-on--load=\"callbacks.setButtonStyles\" data-wp-on-window--resize=\"callbacks.setButtonStyles\" src=\"https:\/\/horst.salvador-dali.org\/wp-content\/uploads\/2026\/02\/1247-Personalizado.jpg\" alt=\"\" class=\"wp-image-2464\" srcset=\"https:\/\/horst.salvador-dali.org\/wp-content\/uploads\/2026\/02\/1247-Personalizado.jpg 1549w, https:\/\/horst.salvador-dali.org\/wp-content\/uploads\/2026\/02\/1247-Personalizado-242x300.jpg 242w, https:\/\/horst.salvador-dali.org\/wp-content\/uploads\/2026\/02\/1247-Personalizado-826x1024.jpg 826w, https:\/\/horst.salvador-dali.org\/wp-content\/uploads\/2026\/02\/1247-Personalizado-768x952.jpg 768w, https:\/\/horst.salvador-dali.org\/wp-content\/uploads\/2026\/02\/1247-Personalizado-1239x1536.jpg 1239w\" sizes=\"auto, (max-width: 1549px) 100vw, 1549px\" \/><button\n\t\t\tclass=\"lightbox-trigger\"\n\t\t\ttype=\"button\"\n\t\t\taria-haspopup=\"dialog\"\n\t\t\taria-label=\"Agrandir\"\n\t\t\tdata-wp-init=\"callbacks.initTriggerButton\"\n\t\t\tdata-wp-on--click=\"actions.showLightbox\"\n\t\t\tdata-wp-style--right=\"state.imageButtonRight\"\n\t\t\tdata-wp-style--top=\"state.imageButtonTop\"\n\t\t>\n\t\t\t<svg xmlns=\"http:\/\/www.w3.org\/2000\/svg\" width=\"12\" height=\"12\" fill=\"none\" viewBox=\"0 0 12 12\">\n\t\t\t\t<path fill=\"#fff\" d=\"M2 0a2 2 0 0 0-2 2v2h1.5V2a.5.5 0 0 1 .5-.5h2V0H2Zm2 10.5H2a.5.5 0 0 1-.5-.5V8H0v2a2 2 0 0 0 2 2h2v-1.5ZM8 12v-1.5h2a.5.5 0 0 0 .5-.5V8H12v2a2 2 0 0 1-2 2H8Zm2-12a2 2 0 0 1 2 2v2h-1.5V2a.5.5 0 0 0-.5-.5H8V0h2Z\" \/>\n\t\t\t<\/svg>\n\t\t<\/button><figcaption class=\"wp-element-caption\"><strong>Horst P. Horst<\/strong><br>Gala<br>c. 1957&nbsp;<\/figcaption><\/figure>\n<\/div>\n<\/div>\n","protected":false},"excerpt":{"rendered":"<p>PORTRAITS Conscients de la valeur et de l&rsquo;impact de l&rsquo;image, les Dal\u00ed choisissent de se faire photographier par les photographes les plus prestigieux de leur \u00e9poque. Les photographies de Gala et Salvador Dal\u00ed permettent de saisir les caract\u00e9ristiques les plus marquantes du style de Horst. Bien que d&rsquo;apparence naturelle, leurs portraits en studio sont con\u00e7us [&#8230;]<\/p>\n<p><a class=\"btn btn-secondary understrap-read-more-link\" href=\"https:\/\/horst.salvador-dali.org\/fr\/oeuvre\/portraits\/\">Lire la suite\u2026<span class=\"screen-reader-text\"> from Portraits<\/span><\/a><\/p>\n","protected":false},"author":8,"featured_media":0,"parent":2504,"menu_order":14,"comment_status":"closed","ping_status":"closed","template":"page-templates\/page-obra.php","meta":{"_acf_changed":false,"inline_featured_image":false,"footnotes":""},"class_list":["post-2594","page","type-page","status-publish","hentry"],"acf":[],"yoast_head":"<!-- This site is optimized with the Yoast SEO plugin v27.4 - https:\/\/yoast.com\/product\/yoast-seo-wordpress\/ -->\n<title>Portraits - Dal\u00ed\/Horst<\/title>\n<meta name=\"robots\" content=\"index, follow, max-snippet:-1, max-image-preview:large, max-video-preview:-1\" \/>\n<link rel=\"canonical\" href=\"https:\/\/horst.salvador-dali.org\/fr\/oeuvre\/portraits\/\" \/>\n<meta property=\"og:locale\" content=\"fr_FR\" \/>\n<meta property=\"og:type\" content=\"article\" \/>\n<meta property=\"og:title\" content=\"Portraits - Dal\u00ed\/Horst\" \/>\n<meta property=\"og:description\" content=\"PORTRAITS Conscients de la valeur et de l&rsquo;impact de l&rsquo;image, les Dal\u00ed choisissent de se faire photographier par les photographes les plus prestigieux de leur \u00e9poque. Les photographies de Gala et Salvador Dal\u00ed permettent de saisir les caract\u00e9ristiques les plus marquantes du style de Horst. Bien que d&rsquo;apparence naturelle, leurs portraits en studio sont con\u00e7us [...]Lire la suite\u2026 from Portraits\" \/>\n<meta property=\"og:url\" content=\"https:\/\/horst.salvador-dali.org\/fr\/oeuvre\/portraits\/\" \/>\n<meta property=\"og:site_name\" content=\"Dal\u00ed\/Horst\" \/>\n<meta property=\"article:publisher\" content=\"https:\/\/www.facebook.com\/MuseusDali\" \/>\n<meta property=\"article:modified_time\" content=\"2026-03-02T10:10:32+00:00\" \/>\n<meta property=\"og:image\" content=\"https:\/\/horst.salvador-dali.org\/wp-content\/uploads\/2026\/02\/hst19430201a001-Personalizado-805x1024.jpg\" \/>\n<meta name=\"twitter:card\" content=\"summary_large_image\" \/>\n<meta name=\"twitter:site\" content=\"@MuseuDali\" \/>\n<meta name=\"twitter:label1\" content=\"Dur\u00e9e de lecture estim\u00e9e\" \/>\n\t<meta name=\"twitter:data1\" content=\"1 minute\" \/>\n<script type=\"application\/ld+json\" class=\"yoast-schema-graph\">{\"@context\":\"https:\\\/\\\/schema.org\",\"@graph\":[{\"@type\":\"WebPage\",\"@id\":\"https:\\\/\\\/horst.salvador-dali.org\\\/fr\\\/oeuvre\\\/portraits\\\/\",\"url\":\"https:\\\/\\\/horst.salvador-dali.org\\\/fr\\\/oeuvre\\\/portraits\\\/\",\"name\":\"Portraits - Dal\u00ed\\\/Horst\",\"isPartOf\":{\"@id\":\"https:\\\/\\\/horst.salvador-dali.org\\\/fr\\\/#website\"},\"primaryImageOfPage\":{\"@id\":\"https:\\\/\\\/horst.salvador-dali.org\\\/fr\\\/oeuvre\\\/portraits\\\/#primaryimage\"},\"image\":{\"@id\":\"https:\\\/\\\/horst.salvador-dali.org\\\/fr\\\/oeuvre\\\/portraits\\\/#primaryimage\"},\"thumbnailUrl\":\"https:\\\/\\\/horst.salvador-dali.org\\\/wp-content\\\/uploads\\\/2026\\\/02\\\/hst19430201a001-Personalizado-805x1024.jpg\",\"datePublished\":\"2026-02-25T15:29:36+00:00\",\"dateModified\":\"2026-03-02T10:10:32+00:00\",\"breadcrumb\":{\"@id\":\"https:\\\/\\\/horst.salvador-dali.org\\\/fr\\\/oeuvre\\\/portraits\\\/#breadcrumb\"},\"inLanguage\":\"fr-FR\",\"potentialAction\":[{\"@type\":\"ReadAction\",\"target\":[\"https:\\\/\\\/horst.salvador-dali.org\\\/fr\\\/oeuvre\\\/portraits\\\/\"]}]},{\"@type\":\"ImageObject\",\"inLanguage\":\"fr-FR\",\"@id\":\"https:\\\/\\\/horst.salvador-dali.org\\\/fr\\\/oeuvre\\\/portraits\\\/#primaryimage\",\"url\":\"https:\\\/\\\/horst.salvador-dali.org\\\/wp-content\\\/uploads\\\/2026\\\/02\\\/hst19430201a001-Personalizado-805x1024.jpg\",\"contentUrl\":\"https:\\\/\\\/horst.salvador-dali.org\\\/wp-content\\\/uploads\\\/2026\\\/02\\\/hst19430201a001-Personalizado-805x1024.jpg\"},{\"@type\":\"BreadcrumbList\",\"@id\":\"https:\\\/\\\/horst.salvador-dali.org\\\/fr\\\/oeuvre\\\/portraits\\\/#breadcrumb\",\"itemListElement\":[{\"@type\":\"ListItem\",\"position\":1,\"name\":\"Inici\",\"item\":\"https:\\\/\\\/horst.salvador-dali.org\\\/fr\\\/\"},{\"@type\":\"ListItem\",\"position\":2,\"name\":\"Portraits\"}]},{\"@type\":\"WebSite\",\"@id\":\"https:\\\/\\\/horst.salvador-dali.org\\\/fr\\\/#website\",\"url\":\"https:\\\/\\\/horst.salvador-dali.org\\\/fr\\\/\",\"name\":\"Dal\u00ed\\\/Horst - Mirades creuades\",\"description\":\"\",\"potentialAction\":[{\"@type\":\"SearchAction\",\"target\":{\"@type\":\"EntryPoint\",\"urlTemplate\":\"https:\\\/\\\/horst.salvador-dali.org\\\/fr\\\/?s={search_term_string}\"},\"query-input\":{\"@type\":\"PropertyValueSpecification\",\"valueRequired\":true,\"valueName\":\"search_term_string\"}}],\"inLanguage\":\"fr-FR\"}]}<\/script>\n<!-- \/ Yoast SEO plugin. -->","yoast_head_json":{"title":"Portraits - Dal\u00ed\/Horst","robots":{"index":"index","follow":"follow","max-snippet":"max-snippet:-1","max-image-preview":"max-image-preview:large","max-video-preview":"max-video-preview:-1"},"canonical":"https:\/\/horst.salvador-dali.org\/fr\/oeuvre\/portraits\/","og_locale":"fr_FR","og_type":"article","og_title":"Portraits - Dal\u00ed\/Horst","og_description":"PORTRAITS Conscients de la valeur et de l&rsquo;impact de l&rsquo;image, les Dal\u00ed choisissent de se faire photographier par les photographes les plus prestigieux de leur \u00e9poque. Les photographies de Gala et Salvador Dal\u00ed permettent de saisir les caract\u00e9ristiques les plus marquantes du style de Horst. Bien que d&rsquo;apparence naturelle, leurs portraits en studio sont con\u00e7us [...]Lire la suite\u2026 from Portraits","og_url":"https:\/\/horst.salvador-dali.org\/fr\/oeuvre\/portraits\/","og_site_name":"Dal\u00ed\/Horst","article_publisher":"https:\/\/www.facebook.com\/MuseusDali","article_modified_time":"2026-03-02T10:10:32+00:00","og_image":[{"url":"https:\/\/horst.salvador-dali.org\/wp-content\/uploads\/2026\/02\/hst19430201a001-Personalizado-805x1024.jpg","type":"","width":"","height":""}],"twitter_card":"summary_large_image","twitter_site":"@MuseuDali","twitter_misc":{"Dur\u00e9e de lecture estim\u00e9e":"1 minute"},"schema":{"@context":"https:\/\/schema.org","@graph":[{"@type":"WebPage","@id":"https:\/\/horst.salvador-dali.org\/fr\/oeuvre\/portraits\/","url":"https:\/\/horst.salvador-dali.org\/fr\/oeuvre\/portraits\/","name":"Portraits - Dal\u00ed\/Horst","isPartOf":{"@id":"https:\/\/horst.salvador-dali.org\/fr\/#website"},"primaryImageOfPage":{"@id":"https:\/\/horst.salvador-dali.org\/fr\/oeuvre\/portraits\/#primaryimage"},"image":{"@id":"https:\/\/horst.salvador-dali.org\/fr\/oeuvre\/portraits\/#primaryimage"},"thumbnailUrl":"https:\/\/horst.salvador-dali.org\/wp-content\/uploads\/2026\/02\/hst19430201a001-Personalizado-805x1024.jpg","datePublished":"2026-02-25T15:29:36+00:00","dateModified":"2026-03-02T10:10:32+00:00","breadcrumb":{"@id":"https:\/\/horst.salvador-dali.org\/fr\/oeuvre\/portraits\/#breadcrumb"},"inLanguage":"fr-FR","potentialAction":[{"@type":"ReadAction","target":["https:\/\/horst.salvador-dali.org\/fr\/oeuvre\/portraits\/"]}]},{"@type":"ImageObject","inLanguage":"fr-FR","@id":"https:\/\/horst.salvador-dali.org\/fr\/oeuvre\/portraits\/#primaryimage","url":"https:\/\/horst.salvador-dali.org\/wp-content\/uploads\/2026\/02\/hst19430201a001-Personalizado-805x1024.jpg","contentUrl":"https:\/\/horst.salvador-dali.org\/wp-content\/uploads\/2026\/02\/hst19430201a001-Personalizado-805x1024.jpg"},{"@type":"BreadcrumbList","@id":"https:\/\/horst.salvador-dali.org\/fr\/oeuvre\/portraits\/#breadcrumb","itemListElement":[{"@type":"ListItem","position":1,"name":"Inici","item":"https:\/\/horst.salvador-dali.org\/fr\/"},{"@type":"ListItem","position":2,"name":"Portraits"}]},{"@type":"WebSite","@id":"https:\/\/horst.salvador-dali.org\/fr\/#website","url":"https:\/\/horst.salvador-dali.org\/fr\/","name":"Dal\u00ed\/Horst - Mirades creuades","description":"","potentialAction":[{"@type":"SearchAction","target":{"@type":"EntryPoint","urlTemplate":"https:\/\/horst.salvador-dali.org\/fr\/?s={search_term_string}"},"query-input":{"@type":"PropertyValueSpecification","valueRequired":true,"valueName":"search_term_string"}}],"inLanguage":"fr-FR"}]}},"_links":{"self":[{"href":"https:\/\/horst.salvador-dali.org\/fr\/wp-json\/wp\/v2\/pages\/2594","targetHints":{"allow":["GET"]}}],"collection":[{"href":"https:\/\/horst.salvador-dali.org\/fr\/wp-json\/wp\/v2\/pages"}],"about":[{"href":"https:\/\/horst.salvador-dali.org\/fr\/wp-json\/wp\/v2\/types\/page"}],"author":[{"embeddable":true,"href":"https:\/\/horst.salvador-dali.org\/fr\/wp-json\/wp\/v2\/users\/8"}],"replies":[{"embeddable":true,"href":"https:\/\/horst.salvador-dali.org\/fr\/wp-json\/wp\/v2\/comments?post=2594"}],"version-history":[{"count":3,"href":"https:\/\/horst.salvador-dali.org\/fr\/wp-json\/wp\/v2\/pages\/2594\/revisions"}],"predecessor-version":[{"id":2848,"href":"https:\/\/horst.salvador-dali.org\/fr\/wp-json\/wp\/v2\/pages\/2594\/revisions\/2848"}],"up":[{"embeddable":true,"href":"https:\/\/horst.salvador-dali.org\/fr\/wp-json\/wp\/v2\/pages\/2504"}],"wp:attachment":[{"href":"https:\/\/horst.salvador-dali.org\/fr\/wp-json\/wp\/v2\/media?parent=2594"}],"curies":[{"name":"wp","href":"https:\/\/api.w.org\/{rel}","templated":true}]}}