{"id":2587,"date":"2026-02-24T13:13:12","date_gmt":"2026-02-24T12:13:12","guid":{"rendered":"https:\/\/horst.salvador-dali.org\/obra\/vogue\/"},"modified":"2026-02-27T10:30:03","modified_gmt":"2026-02-27T09:30:03","slug":"vogue","status":"publish","type":"page","link":"https:\/\/horst.salvador-dali.org\/fr\/oeuvre\/vogue\/","title":{"rendered":"Vogue"},"content":{"rendered":"\n<div class=\"wp-block-columns is-layout-flex wp-container-core-columns-is-layout-9d6595d7 wp-block-columns-is-layout-flex\">\n<div class=\"wp-block-column is-layout-flow wp-block-column-is-layout-flow\" style=\"flex-basis:40%\">\n<h1 class=\"wp-block-heading has-x-large-font-size\">VOGUE<\/h1>\n\n\n\n<p class=\"has-medium-font-size\">\u00c0 partir des ann\u00e9es 1920, des magazines tels que <em>Vogue<\/em> sont responsables de la diffusion du chic fran\u00e7ais au-del\u00e0 de Paris, en utilisant la photographie de mode, qui devient un instrument puissant de promotion commerciale. Parall\u00e8lement, avec les avant-gardes artistiques, l\u2019art quitte les mus\u00e9es et s\u2019invite dans d\u2019autres disciplines. Dans ce contexte, l\u2019alliance entre la mode et le surr\u00e9alisme appara\u00eet comme une \u00e9vidence et devient prolifique. La subversion de la r\u00e9alit\u00e9 et l&rsquo;\u00e9l\u00e9ment onirique, traits caract\u00e9ristiques du mouvement, avec Dal\u00ed parmi les figures les plus emblem\u00e0tiques, deviennent une source d\u2019inspiration majeure et un outil publicitaire redoutablement efficace.<\/p>\n<\/div>\n\n\n\n<div class=\"wp-block-column is-layout-flow wp-block-column-is-layout-flow\" style=\"flex-basis:7%\"><\/div>\n\n\n\n<div class=\"wp-block-column is-vertically-aligned-bottom peufoto is-layout-flow wp-block-column-is-layout-flow\" style=\"flex-basis:13%\"><\/div>\n\n\n\n<div class=\"wp-block-column is-layout-flow wp-block-column-is-layout-flow\" style=\"flex-basis:40%\"><\/div>\n<\/div>\n\n\n\n<div class=\"wp-block-columns is-layout-flex wp-container-core-columns-is-layout-9d6595d7 wp-block-columns-is-layout-flex\">\n<div class=\"wp-block-column is-layout-flow wp-block-column-is-layout-flow\" style=\"flex-basis:80%\">\n<figure data-wp-context=\"{&quot;imageId&quot;:&quot;69e750e3d4e40&quot;}\" data-wp-interactive=\"core\/image\" data-wp-key=\"69e750e3d4e40\" class=\"wp-block-image size-full caption-dreta wp-lightbox-container\"><img loading=\"lazy\" decoding=\"async\" width=\"1920\" height=\"1298\" data-wp-class--hide=\"state.isContentHidden\" data-wp-class--show=\"state.isContentVisible\" data-wp-init=\"callbacks.setButtonStyles\" data-wp-on--click=\"actions.showLightbox\" data-wp-on--load=\"callbacks.setButtonStyles\" data-wp-on-window--resize=\"callbacks.setButtonStyles\" src=\"https:\/\/horst.salvador-dali.org\/wp-content\/uploads\/2026\/02\/4131-Personalizado.jpg\" alt=\"\" class=\"wp-image-2432\" srcset=\"https:\/\/horst.salvador-dali.org\/wp-content\/uploads\/2026\/02\/4131-Personalizado.jpg 1920w, https:\/\/horst.salvador-dali.org\/wp-content\/uploads\/2026\/02\/4131-Personalizado-300x203.jpg 300w, https:\/\/horst.salvador-dali.org\/wp-content\/uploads\/2026\/02\/4131-Personalizado-1024x692.jpg 1024w, https:\/\/horst.salvador-dali.org\/wp-content\/uploads\/2026\/02\/4131-Personalizado-768x519.jpg 768w, https:\/\/horst.salvador-dali.org\/wp-content\/uploads\/2026\/02\/4131-Personalizado-1536x1038.jpg 1536w\" sizes=\"auto, (max-width: 1920px) 100vw, 1920px\" \/><button\n\t\t\tclass=\"lightbox-trigger\"\n\t\t\ttype=\"button\"\n\t\t\taria-haspopup=\"dialog\"\n\t\t\taria-label=\"Agrandir\"\n\t\t\tdata-wp-init=\"callbacks.initTriggerButton\"\n\t\t\tdata-wp-on--click=\"actions.showLightbox\"\n\t\t\tdata-wp-style--right=\"state.imageButtonRight\"\n\t\t\tdata-wp-style--top=\"state.imageButtonTop\"\n\t\t>\n\t\t\t<svg xmlns=\"http:\/\/www.w3.org\/2000\/svg\" width=\"12\" height=\"12\" fill=\"none\" viewBox=\"0 0 12 12\">\n\t\t\t\t<path fill=\"#fff\" d=\"M2 0a2 2 0 0 0-2 2v2h1.5V2a.5.5 0 0 1 .5-.5h2V0H2Zm2 10.5H2a.5.5 0 0 1-.5-.5V8H0v2a2 2 0 0 0 2 2h2v-1.5ZM8 12v-1.5h2a.5.5 0 0 0 .5-.5V8H12v2a2 2 0 0 1-2 2H8Zm2-12a2 2 0 0 1 2 2v2h-1.5V2a.5.5 0 0 0-.5-.5H8V0h2Z\" \/>\n\t\t\t<\/svg>\n\t\t<\/button><figcaption class=\"wp-element-caption\"><strong>\u201cDali\u2019s \u2018Venusberg\u2019 Ballet\u201d<\/strong><br><em>Vogue<\/em><br>New York<br>15\/10\/1939<\/figcaption><\/figure>\n<\/div>\n\n\n\n<div class=\"wp-block-column is-vertically-aligned-bottom peufoto is-layout-flow wp-block-column-is-layout-flow\" style=\"flex-basis:20%\"><\/div>\n<\/div>\n\n\n\n<div class=\"wp-block-columns is-layout-flex wp-container-core-columns-is-layout-9d6595d7 wp-block-columns-is-layout-flex\">\n<div class=\"wp-block-column is-layout-flow wp-block-column-is-layout-flow\" style=\"flex-basis:60%\">\n<figure data-wp-context=\"{&quot;imageId&quot;:&quot;69e750e3d5425&quot;}\" data-wp-interactive=\"core\/image\" data-wp-key=\"69e750e3d5425\" class=\"wp-block-image size-full caption-dreta wp-lightbox-container\"><img loading=\"lazy\" decoding=\"async\" width=\"1920\" height=\"1293\" data-wp-class--hide=\"state.isContentHidden\" data-wp-class--show=\"state.isContentVisible\" data-wp-init=\"callbacks.setButtonStyles\" data-wp-on--click=\"actions.showLightbox\" data-wp-on--load=\"callbacks.setButtonStyles\" data-wp-on-window--resize=\"callbacks.setButtonStyles\" src=\"https:\/\/horst.salvador-dali.org\/wp-content\/uploads\/2026\/02\/Vogue_Gala-Personalizado.jpg\" alt=\"\" class=\"wp-image-2435\" srcset=\"https:\/\/horst.salvador-dali.org\/wp-content\/uploads\/2026\/02\/Vogue_Gala-Personalizado.jpg 1920w, https:\/\/horst.salvador-dali.org\/wp-content\/uploads\/2026\/02\/Vogue_Gala-Personalizado-300x202.jpg 300w, https:\/\/horst.salvador-dali.org\/wp-content\/uploads\/2026\/02\/Vogue_Gala-Personalizado-1024x690.jpg 1024w, https:\/\/horst.salvador-dali.org\/wp-content\/uploads\/2026\/02\/Vogue_Gala-Personalizado-768x517.jpg 768w, https:\/\/horst.salvador-dali.org\/wp-content\/uploads\/2026\/02\/Vogue_Gala-Personalizado-1536x1034.jpg 1536w\" sizes=\"auto, (max-width: 1920px) 100vw, 1920px\" \/><button\n\t\t\tclass=\"lightbox-trigger\"\n\t\t\ttype=\"button\"\n\t\t\taria-haspopup=\"dialog\"\n\t\t\taria-label=\"Agrandir\"\n\t\t\tdata-wp-init=\"callbacks.initTriggerButton\"\n\t\t\tdata-wp-on--click=\"actions.showLightbox\"\n\t\t\tdata-wp-style--right=\"state.imageButtonRight\"\n\t\t\tdata-wp-style--top=\"state.imageButtonTop\"\n\t\t>\n\t\t\t<svg xmlns=\"http:\/\/www.w3.org\/2000\/svg\" width=\"12\" height=\"12\" fill=\"none\" viewBox=\"0 0 12 12\">\n\t\t\t\t<path fill=\"#fff\" d=\"M2 0a2 2 0 0 0-2 2v2h1.5V2a.5.5 0 0 1 .5-.5h2V0H2Zm2 10.5H2a.5.5 0 0 1-.5-.5V8H0v2a2 2 0 0 0 2 2h2v-1.5ZM8 12v-1.5h2a.5.5 0 0 0 .5-.5V8H12v2a2 2 0 0 1-2 2H8Zm2-12a2 2 0 0 1 2 2v2h-1.5V2a.5.5 0 0 0-.5-.5H8V0h2Z\" \/>\n\t\t\t<\/svg>\n\t\t<\/button><figcaption class=\"wp-element-caption\"><strong>\u201cPeople&nbsp;are&nbsp;talking&nbsp;about&#8230;&nbsp;Madame&nbsp;Salvador&nbsp;Dali\u201d<\/strong><br><em>Vogue<\/em><br>New York<br>01\/06\/1943&nbsp;<\/figcaption><\/figure>\n<\/div>\n\n\n\n<div class=\"wp-block-column is-vertically-aligned-bottom peufoto is-layout-flow wp-block-column-is-layout-flow\" style=\"flex-basis:40%\"><\/div>\n<\/div>\n\n\n\n<div style=\"height:100px\" aria-hidden=\"true\" class=\"wp-block-spacer\"><\/div>\n\n\n\n<div class=\"wp-block-columns is-layout-flex wp-container-core-columns-is-layout-9d6595d7 wp-block-columns-is-layout-flex\">\n<div class=\"wp-block-column is-layout-flow wp-block-column-is-layout-flow\" style=\"flex-basis:40%\">\n<figure data-wp-context=\"{&quot;imageId&quot;:&quot;69e750e3d59bc&quot;}\" data-wp-interactive=\"core\/image\" data-wp-key=\"69e750e3d59bc\" class=\"wp-block-image size-full caption-dreta superior wp-lightbox-container\"><img loading=\"lazy\" decoding=\"async\" width=\"1920\" height=\"1376\" data-wp-class--hide=\"state.isContentHidden\" data-wp-class--show=\"state.isContentVisible\" data-wp-init=\"callbacks.setButtonStyles\" data-wp-on--click=\"actions.showLightbox\" data-wp-on--load=\"callbacks.setButtonStyles\" data-wp-on-window--resize=\"callbacks.setButtonStyles\" src=\"https:\/\/horst.salvador-dali.org\/wp-content\/uploads\/2026\/02\/Vogue_Malta-Personalizado.jpg\" alt=\"\" class=\"wp-image-2442\" srcset=\"https:\/\/horst.salvador-dali.org\/wp-content\/uploads\/2026\/02\/Vogue_Malta-Personalizado.jpg 1920w, https:\/\/horst.salvador-dali.org\/wp-content\/uploads\/2026\/02\/Vogue_Malta-Personalizado-300x215.jpg 300w, https:\/\/horst.salvador-dali.org\/wp-content\/uploads\/2026\/02\/Vogue_Malta-Personalizado-1024x734.jpg 1024w, https:\/\/horst.salvador-dali.org\/wp-content\/uploads\/2026\/02\/Vogue_Malta-Personalizado-768x550.jpg 768w, https:\/\/horst.salvador-dali.org\/wp-content\/uploads\/2026\/02\/Vogue_Malta-Personalizado-1536x1101.jpg 1536w\" sizes=\"auto, (max-width: 1920px) 100vw, 1920px\" \/><button\n\t\t\tclass=\"lightbox-trigger\"\n\t\t\ttype=\"button\"\n\t\t\taria-haspopup=\"dialog\"\n\t\t\taria-label=\"Agrandir\"\n\t\t\tdata-wp-init=\"callbacks.initTriggerButton\"\n\t\t\tdata-wp-on--click=\"actions.showLightbox\"\n\t\t\tdata-wp-style--right=\"state.imageButtonRight\"\n\t\t\tdata-wp-style--top=\"state.imageButtonTop\"\n\t\t>\n\t\t\t<svg xmlns=\"http:\/\/www.w3.org\/2000\/svg\" width=\"12\" height=\"12\" fill=\"none\" viewBox=\"0 0 12 12\">\n\t\t\t\t<path fill=\"#fff\" d=\"M2 0a2 2 0 0 0-2 2v2h1.5V2a.5.5 0 0 1 .5-.5h2V0H2Zm2 10.5H2a.5.5 0 0 1-.5-.5V8H0v2a2 2 0 0 0 2 2h2v-1.5ZM8 12v-1.5h2a.5.5 0 0 0 .5-.5V8H12v2a2 2 0 0 1-2 2H8Zm2-12a2 2 0 0 1 2 2v2h-1.5V2a.5.5 0 0 0-.5-.5H8V0h2Z\" \/>\n\t\t\t<\/svg>\n\t\t<\/button><figcaption class=\"wp-element-caption\"><strong>\u201cIn&nbsp;the&nbsp;Dali&nbsp;Room\u201d<\/strong><br><em>Vogue<\/em><br>New York&nbsp;<br>01\/03\/1943&nbsp;<\/figcaption><\/figure>\n<\/div>\n\n\n\n<div class=\"wp-block-column is-vertically-aligned-stretch peufoto is-layout-flow wp-block-column-is-layout-flow\" style=\"flex-basis:26.67%\">\n<div style=\"height:100px\" aria-hidden=\"true\" class=\"wp-block-spacer\"><\/div>\n\n\n\n<div style=\"height:100px\" aria-hidden=\"true\" class=\"wp-block-spacer\"><\/div>\n<\/div>\n\n\n\n<div class=\"wp-block-column is-layout-flow wp-block-column-is-layout-flow\" style=\"flex-basis:33.33%\">\n<div style=\"height:100px\" aria-hidden=\"true\" class=\"wp-block-spacer\"><\/div>\n\n\n\n<figure data-wp-context=\"{&quot;imageId&quot;:&quot;69e750e3d5ef1&quot;}\" data-wp-interactive=\"core\/image\" data-wp-key=\"69e750e3d5ef1\" class=\"wp-block-image size-full caption-esquerra wp-lightbox-container\"><img loading=\"lazy\" decoding=\"async\" width=\"2560\" height=\"1762\" data-wp-class--hide=\"state.isContentHidden\" data-wp-class--show=\"state.isContentVisible\" data-wp-init=\"callbacks.setButtonStyles\" data-wp-on--click=\"actions.showLightbox\" data-wp-on--load=\"callbacks.setButtonStyles\" data-wp-on-window--resize=\"callbacks.setButtonStyles\" src=\"https:\/\/horst.salvador-dali.org\/wp-content\/uploads\/2026\/02\/4260-Personalizado-scaled.jpg\" alt=\"\" class=\"wp-image-2407\" srcset=\"https:\/\/horst.salvador-dali.org\/wp-content\/uploads\/2026\/02\/4260-Personalizado-scaled.jpg 2560w, https:\/\/horst.salvador-dali.org\/wp-content\/uploads\/2026\/02\/4260-Personalizado-300x206.jpg 300w, https:\/\/horst.salvador-dali.org\/wp-content\/uploads\/2026\/02\/4260-Personalizado-1024x705.jpg 1024w, https:\/\/horst.salvador-dali.org\/wp-content\/uploads\/2026\/02\/4260-Personalizado-768x529.jpg 768w, https:\/\/horst.salvador-dali.org\/wp-content\/uploads\/2026\/02\/4260-Personalizado-1536x1057.jpg 1536w, https:\/\/horst.salvador-dali.org\/wp-content\/uploads\/2026\/02\/4260-Personalizado-2048x1409.jpg 2048w\" sizes=\"auto, (max-width: 2560px) 100vw, 2560px\" \/><button\n\t\t\tclass=\"lightbox-trigger\"\n\t\t\ttype=\"button\"\n\t\t\taria-haspopup=\"dialog\"\n\t\t\taria-label=\"Agrandir\"\n\t\t\tdata-wp-init=\"callbacks.initTriggerButton\"\n\t\t\tdata-wp-on--click=\"actions.showLightbox\"\n\t\t\tdata-wp-style--right=\"state.imageButtonRight\"\n\t\t\tdata-wp-style--top=\"state.imageButtonTop\"\n\t\t>\n\t\t\t<svg xmlns=\"http:\/\/www.w3.org\/2000\/svg\" width=\"12\" height=\"12\" fill=\"none\" viewBox=\"0 0 12 12\">\n\t\t\t\t<path fill=\"#fff\" d=\"M2 0a2 2 0 0 0-2 2v2h1.5V2a.5.5 0 0 1 .5-.5h2V0H2Zm2 10.5H2a.5.5 0 0 1-.5-.5V8H0v2a2 2 0 0 0 2 2h2v-1.5ZM8 12v-1.5h2a.5.5 0 0 0 .5-.5V8H12v2a2 2 0 0 1-2 2H8Zm2-12a2 2 0 0 1 2 2v2h-1.5V2a.5.5 0 0 0-.5-.5H8V0h2Z\" \/>\n\t\t\t<\/svg>\n\t\t<\/button><figcaption class=\"wp-element-caption\"><strong>\u201cDali&nbsp;composes a&nbsp;photograph\u201d<\/strong><br><em>Vogue<\/em><br>New York&nbsp;<br>15\/05\/1948&nbsp;<\/figcaption><\/figure>\n<\/div>\n<\/div>\n\n\n\n<div style=\"height:100px\" aria-hidden=\"true\" class=\"wp-block-spacer\"><\/div>\n\n\n\n<div class=\"wp-block-columns is-layout-flex wp-container-core-columns-is-layout-9d6595d7 wp-block-columns-is-layout-flex\">\n<div class=\"wp-block-column is-layout-flow wp-block-column-is-layout-flow\" style=\"flex-basis:80%\">\n<figure data-wp-context=\"{&quot;imageId&quot;:&quot;69e750e3d6422&quot;}\" data-wp-interactive=\"core\/image\" data-wp-key=\"69e750e3d6422\" class=\"wp-block-image size-full caption-dreta wp-lightbox-container\"><img loading=\"lazy\" decoding=\"async\" width=\"2048\" height=\"2560\" data-wp-class--hide=\"state.isContentHidden\" data-wp-class--show=\"state.isContentVisible\" data-wp-init=\"callbacks.setButtonStyles\" data-wp-on--click=\"actions.showLightbox\" data-wp-on--load=\"callbacks.setButtonStyles\" data-wp-on-window--resize=\"callbacks.setButtonStyles\" src=\"https:\/\/horst.salvador-dali.org\/wp-content\/uploads\/2026\/02\/biografia.webp\" alt=\"\" class=\"wp-image-2296\" srcset=\"https:\/\/horst.salvador-dali.org\/wp-content\/uploads\/2026\/02\/biografia.webp 2048w, https:\/\/horst.salvador-dali.org\/wp-content\/uploads\/2026\/02\/biografia-240x300.webp 240w, https:\/\/horst.salvador-dali.org\/wp-content\/uploads\/2026\/02\/biografia-819x1024.webp 819w, https:\/\/horst.salvador-dali.org\/wp-content\/uploads\/2026\/02\/biografia-768x960.webp 768w, https:\/\/horst.salvador-dali.org\/wp-content\/uploads\/2026\/02\/biografia-1229x1536.webp 1229w, https:\/\/horst.salvador-dali.org\/wp-content\/uploads\/2026\/02\/biografia-1638x2048.webp 1638w\" sizes=\"auto, (max-width: 2048px) 100vw, 2048px\" \/><button\n\t\t\tclass=\"lightbox-trigger\"\n\t\t\ttype=\"button\"\n\t\t\taria-haspopup=\"dialog\"\n\t\t\taria-label=\"Agrandir\"\n\t\t\tdata-wp-init=\"callbacks.initTriggerButton\"\n\t\t\tdata-wp-on--click=\"actions.showLightbox\"\n\t\t\tdata-wp-style--right=\"state.imageButtonRight\"\n\t\t\tdata-wp-style--top=\"state.imageButtonTop\"\n\t\t>\n\t\t\t<svg xmlns=\"http:\/\/www.w3.org\/2000\/svg\" width=\"12\" height=\"12\" fill=\"none\" viewBox=\"0 0 12 12\">\n\t\t\t\t<path fill=\"#fff\" d=\"M2 0a2 2 0 0 0-2 2v2h1.5V2a.5.5 0 0 1 .5-.5h2V0H2Zm2 10.5H2a.5.5 0 0 1-.5-.5V8H0v2a2 2 0 0 0 2 2h2v-1.5ZM8 12v-1.5h2a.5.5 0 0 0 .5-.5V8H12v2a2 2 0 0 1-2 2H8Zm2-12a2 2 0 0 1 2 2v2h-1.5V2a.5.5 0 0 0-.5-.5H8V0h2Z\" \/>\n\t\t\t<\/svg>\n\t\t<\/button><figcaption class=\"wp-element-caption\"><strong>Horst P. Horst<\/strong><br>Kathy Dennis en robe de Mollie Parnis et sc\u00e9nographie de Marcel Vert\u00e8s<br>1953\u00a0<\/figcaption><\/figure>\n<\/div>\n\n\n\n<div class=\"wp-block-column is-vertically-aligned-bottom peufoto is-layout-flow wp-block-column-is-layout-flow\" style=\"flex-basis:20%\"><\/div>\n<\/div>\n","protected":false},"excerpt":{"rendered":"<p>VOGUE \u00c0 partir des ann\u00e9es 1920, des magazines tels que Vogue sont responsables de la diffusion du chic fran\u00e7ais au-del\u00e0 de Paris, en utilisant la photographie de mode, qui devient un instrument puissant de promotion commerciale. Parall\u00e8lement, avec les avant-gardes artistiques, l\u2019art quitte les mus\u00e9es et s\u2019invite dans d\u2019autres disciplines. Dans ce contexte, l\u2019alliance entre [&#8230;]<\/p>\n<p><a class=\"btn btn-secondary understrap-read-more-link\" href=\"https:\/\/horst.salvador-dali.org\/fr\/oeuvre\/vogue\/\">Lire la suite\u2026<span class=\"screen-reader-text\"> from Vogue<\/span><\/a><\/p>\n","protected":false},"author":7,"featured_media":0,"parent":2504,"menu_order":14,"comment_status":"closed","ping_status":"closed","template":"page-templates\/page-obra.php","meta":{"_acf_changed":false,"inline_featured_image":false,"footnotes":""},"class_list":["post-2587","page","type-page","status-publish","hentry"],"acf":[],"yoast_head":"<!-- This site is optimized with the Yoast SEO plugin v27.4 - https:\/\/yoast.com\/product\/yoast-seo-wordpress\/ -->\n<title>Vogue - Dal\u00ed\/Horst<\/title>\n<meta name=\"robots\" content=\"index, follow, max-snippet:-1, max-image-preview:large, max-video-preview:-1\" \/>\n<link rel=\"canonical\" href=\"https:\/\/horst.salvador-dali.org\/fr\/oeuvre\/vogue\/\" \/>\n<meta property=\"og:locale\" content=\"fr_FR\" \/>\n<meta property=\"og:type\" content=\"article\" \/>\n<meta property=\"og:title\" content=\"Vogue - Dal\u00ed\/Horst\" \/>\n<meta property=\"og:description\" content=\"VOGUE \u00c0 partir des ann\u00e9es 1920, des magazines tels que Vogue sont responsables de la diffusion du chic fran\u00e7ais au-del\u00e0 de Paris, en utilisant la photographie de mode, qui devient un instrument puissant de promotion commerciale. Parall\u00e8lement, avec les avant-gardes artistiques, l\u2019art quitte les mus\u00e9es et s\u2019invite dans d\u2019autres disciplines. Dans ce contexte, l\u2019alliance entre [...]Lire la suite\u2026 from Vogue\" \/>\n<meta property=\"og:url\" content=\"https:\/\/horst.salvador-dali.org\/fr\/oeuvre\/vogue\/\" \/>\n<meta property=\"og:site_name\" content=\"Dal\u00ed\/Horst\" \/>\n<meta property=\"article:publisher\" content=\"https:\/\/www.facebook.com\/MuseusDali\" \/>\n<meta property=\"article:modified_time\" content=\"2026-02-27T09:30:03+00:00\" \/>\n<meta property=\"og:image\" content=\"https:\/\/horst.salvador-dali.org\/wp-content\/uploads\/2026\/02\/4131-Personalizado.jpg\" \/>\n<meta name=\"twitter:card\" content=\"summary_large_image\" \/>\n<meta name=\"twitter:site\" content=\"@MuseuDali\" \/>\n<meta name=\"twitter:label1\" content=\"Dur\u00e9e de lecture estim\u00e9e\" \/>\n\t<meta name=\"twitter:data1\" content=\"1 minute\" \/>\n<script type=\"application\/ld+json\" class=\"yoast-schema-graph\">{\"@context\":\"https:\\\/\\\/schema.org\",\"@graph\":[{\"@type\":\"WebPage\",\"@id\":\"https:\\\/\\\/horst.salvador-dali.org\\\/fr\\\/oeuvre\\\/vogue\\\/\",\"url\":\"https:\\\/\\\/horst.salvador-dali.org\\\/fr\\\/oeuvre\\\/vogue\\\/\",\"name\":\"Vogue - Dal\u00ed\\\/Horst\",\"isPartOf\":{\"@id\":\"https:\\\/\\\/horst.salvador-dali.org\\\/fr\\\/#website\"},\"primaryImageOfPage\":{\"@id\":\"https:\\\/\\\/horst.salvador-dali.org\\\/fr\\\/oeuvre\\\/vogue\\\/#primaryimage\"},\"image\":{\"@id\":\"https:\\\/\\\/horst.salvador-dali.org\\\/fr\\\/oeuvre\\\/vogue\\\/#primaryimage\"},\"thumbnailUrl\":\"https:\\\/\\\/horst.salvador-dali.org\\\/wp-content\\\/uploads\\\/2026\\\/02\\\/4131-Personalizado.jpg\",\"datePublished\":\"2026-02-24T12:13:12+00:00\",\"dateModified\":\"2026-02-27T09:30:03+00:00\",\"breadcrumb\":{\"@id\":\"https:\\\/\\\/horst.salvador-dali.org\\\/fr\\\/oeuvre\\\/vogue\\\/#breadcrumb\"},\"inLanguage\":\"fr-FR\",\"potentialAction\":[{\"@type\":\"ReadAction\",\"target\":[\"https:\\\/\\\/horst.salvador-dali.org\\\/fr\\\/oeuvre\\\/vogue\\\/\"]}]},{\"@type\":\"ImageObject\",\"inLanguage\":\"fr-FR\",\"@id\":\"https:\\\/\\\/horst.salvador-dali.org\\\/fr\\\/oeuvre\\\/vogue\\\/#primaryimage\",\"url\":\"https:\\\/\\\/horst.salvador-dali.org\\\/wp-content\\\/uploads\\\/2026\\\/02\\\/4131-Personalizado.jpg\",\"contentUrl\":\"https:\\\/\\\/horst.salvador-dali.org\\\/wp-content\\\/uploads\\\/2026\\\/02\\\/4131-Personalizado.jpg\"},{\"@type\":\"BreadcrumbList\",\"@id\":\"https:\\\/\\\/horst.salvador-dali.org\\\/fr\\\/oeuvre\\\/vogue\\\/#breadcrumb\",\"itemListElement\":[{\"@type\":\"ListItem\",\"position\":1,\"name\":\"Inici\",\"item\":\"https:\\\/\\\/horst.salvador-dali.org\\\/fr\\\/\"},{\"@type\":\"ListItem\",\"position\":2,\"name\":\"Vogue\"}]},{\"@type\":\"WebSite\",\"@id\":\"https:\\\/\\\/horst.salvador-dali.org\\\/fr\\\/#website\",\"url\":\"https:\\\/\\\/horst.salvador-dali.org\\\/fr\\\/\",\"name\":\"Dal\u00ed\\\/Horst - Mirades creuades\",\"description\":\"\",\"potentialAction\":[{\"@type\":\"SearchAction\",\"target\":{\"@type\":\"EntryPoint\",\"urlTemplate\":\"https:\\\/\\\/horst.salvador-dali.org\\\/fr\\\/?s={search_term_string}\"},\"query-input\":{\"@type\":\"PropertyValueSpecification\",\"valueRequired\":true,\"valueName\":\"search_term_string\"}}],\"inLanguage\":\"fr-FR\"}]}<\/script>\n<!-- \/ Yoast SEO plugin. -->","yoast_head_json":{"title":"Vogue - Dal\u00ed\/Horst","robots":{"index":"index","follow":"follow","max-snippet":"max-snippet:-1","max-image-preview":"max-image-preview:large","max-video-preview":"max-video-preview:-1"},"canonical":"https:\/\/horst.salvador-dali.org\/fr\/oeuvre\/vogue\/","og_locale":"fr_FR","og_type":"article","og_title":"Vogue - Dal\u00ed\/Horst","og_description":"VOGUE \u00c0 partir des ann\u00e9es 1920, des magazines tels que Vogue sont responsables de la diffusion du chic fran\u00e7ais au-del\u00e0 de Paris, en utilisant la photographie de mode, qui devient un instrument puissant de promotion commerciale. Parall\u00e8lement, avec les avant-gardes artistiques, l\u2019art quitte les mus\u00e9es et s\u2019invite dans d\u2019autres disciplines. Dans ce contexte, l\u2019alliance entre [...]Lire la suite\u2026 from Vogue","og_url":"https:\/\/horst.salvador-dali.org\/fr\/oeuvre\/vogue\/","og_site_name":"Dal\u00ed\/Horst","article_publisher":"https:\/\/www.facebook.com\/MuseusDali","article_modified_time":"2026-02-27T09:30:03+00:00","og_image":[{"url":"https:\/\/horst.salvador-dali.org\/wp-content\/uploads\/2026\/02\/4131-Personalizado.jpg","type":"","width":"","height":""}],"twitter_card":"summary_large_image","twitter_site":"@MuseuDali","twitter_misc":{"Dur\u00e9e de lecture estim\u00e9e":"1 minute"},"schema":{"@context":"https:\/\/schema.org","@graph":[{"@type":"WebPage","@id":"https:\/\/horst.salvador-dali.org\/fr\/oeuvre\/vogue\/","url":"https:\/\/horst.salvador-dali.org\/fr\/oeuvre\/vogue\/","name":"Vogue - Dal\u00ed\/Horst","isPartOf":{"@id":"https:\/\/horst.salvador-dali.org\/fr\/#website"},"primaryImageOfPage":{"@id":"https:\/\/horst.salvador-dali.org\/fr\/oeuvre\/vogue\/#primaryimage"},"image":{"@id":"https:\/\/horst.salvador-dali.org\/fr\/oeuvre\/vogue\/#primaryimage"},"thumbnailUrl":"https:\/\/horst.salvador-dali.org\/wp-content\/uploads\/2026\/02\/4131-Personalizado.jpg","datePublished":"2026-02-24T12:13:12+00:00","dateModified":"2026-02-27T09:30:03+00:00","breadcrumb":{"@id":"https:\/\/horst.salvador-dali.org\/fr\/oeuvre\/vogue\/#breadcrumb"},"inLanguage":"fr-FR","potentialAction":[{"@type":"ReadAction","target":["https:\/\/horst.salvador-dali.org\/fr\/oeuvre\/vogue\/"]}]},{"@type":"ImageObject","inLanguage":"fr-FR","@id":"https:\/\/horst.salvador-dali.org\/fr\/oeuvre\/vogue\/#primaryimage","url":"https:\/\/horst.salvador-dali.org\/wp-content\/uploads\/2026\/02\/4131-Personalizado.jpg","contentUrl":"https:\/\/horst.salvador-dali.org\/wp-content\/uploads\/2026\/02\/4131-Personalizado.jpg"},{"@type":"BreadcrumbList","@id":"https:\/\/horst.salvador-dali.org\/fr\/oeuvre\/vogue\/#breadcrumb","itemListElement":[{"@type":"ListItem","position":1,"name":"Inici","item":"https:\/\/horst.salvador-dali.org\/fr\/"},{"@type":"ListItem","position":2,"name":"Vogue"}]},{"@type":"WebSite","@id":"https:\/\/horst.salvador-dali.org\/fr\/#website","url":"https:\/\/horst.salvador-dali.org\/fr\/","name":"Dal\u00ed\/Horst - Mirades creuades","description":"","potentialAction":[{"@type":"SearchAction","target":{"@type":"EntryPoint","urlTemplate":"https:\/\/horst.salvador-dali.org\/fr\/?s={search_term_string}"},"query-input":{"@type":"PropertyValueSpecification","valueRequired":true,"valueName":"search_term_string"}}],"inLanguage":"fr-FR"}]}},"_links":{"self":[{"href":"https:\/\/horst.salvador-dali.org\/fr\/wp-json\/wp\/v2\/pages\/2587","targetHints":{"allow":["GET"]}}],"collection":[{"href":"https:\/\/horst.salvador-dali.org\/fr\/wp-json\/wp\/v2\/pages"}],"about":[{"href":"https:\/\/horst.salvador-dali.org\/fr\/wp-json\/wp\/v2\/types\/page"}],"author":[{"embeddable":true,"href":"https:\/\/horst.salvador-dali.org\/fr\/wp-json\/wp\/v2\/users\/7"}],"replies":[{"embeddable":true,"href":"https:\/\/horst.salvador-dali.org\/fr\/wp-json\/wp\/v2\/comments?post=2587"}],"version-history":[{"count":1,"href":"https:\/\/horst.salvador-dali.org\/fr\/wp-json\/wp\/v2\/pages\/2587\/revisions"}],"predecessor-version":[{"id":2655,"href":"https:\/\/horst.salvador-dali.org\/fr\/wp-json\/wp\/v2\/pages\/2587\/revisions\/2655"}],"up":[{"embeddable":true,"href":"https:\/\/horst.salvador-dali.org\/fr\/wp-json\/wp\/v2\/pages\/2504"}],"wp:attachment":[{"href":"https:\/\/horst.salvador-dali.org\/fr\/wp-json\/wp\/v2\/media?parent=2587"}],"curies":[{"name":"wp","href":"https:\/\/api.w.org\/{rel}","templated":true}]}}