{"id":2531,"date":"2026-02-24T13:03:20","date_gmt":"2026-02-24T12:03:20","guid":{"rendered":"https:\/\/horst.salvador-dali.org\/obra\/la-dona\/"},"modified":"2026-03-02T11:05:05","modified_gmt":"2026-03-02T10:05:05","slug":"le-modele","status":"publish","type":"page","link":"https:\/\/horst.salvador-dali.org\/fr\/oeuvre\/le-modele\/","title":{"rendered":"Le Mod\u00e8le"},"content":{"rendered":"\n<div class=\"wp-block-columns is-layout-flex wp-container-core-columns-is-layout-9d6595d7 wp-block-columns-is-layout-flex\">\n<div class=\"wp-block-column is-layout-flow wp-block-column-is-layout-flow\" style=\"flex-basis:40%\">\n<h1 class=\"wp-block-heading has-x-large-font-size\"><strong>LE MOD\u00c8LE<\/strong><\/h1>\n\n\n\n<p class=\"has-medium-font-size\">Selon Irving Penn, Horst savait cr\u00e9er les images les plus belles et romantiques d\u2019une femme. Ses photographies distillent \u00e9l\u00e9gance, glamour et une perfection formelle. Dal\u00ed, de son c\u00f4t\u00e9, tend \u00e9galement \u00e0 l\u2019id\u00e9alisation, surtout lorsque Gala est la protagoniste de l\u2019\u0153uvre. Lorsqu\u2019il n\u2019en est pas ainsi, les femmes daliniennes deviennent des objets de transgression, se transformant en \u00eatres interstitiels, se trouvant \u00e0 mi-chemin entre beaut\u00e9 et provocation, d\u00e9sir et menace. Dans ce dialogue cr\u00e9atif, Horst offre un contrepoint parfait aux id\u00e9es daliniennes, en apportant une dimension \u00e0 la fois troublante et po\u00e9tique qui enrichit les compositions et en \u00e9largit l\u2019interpr\u00e9tation.<\/p>\n<\/div>\n\n\n\n<div class=\"wp-block-column is-layout-flow wp-block-column-is-layout-flow\" style=\"flex-basis:7%\"><\/div>\n\n\n\n<div class=\"wp-block-column is-vertically-aligned-bottom peufoto is-layout-flow wp-block-column-is-layout-flow\" style=\"flex-basis:13%\"><\/div>\n\n\n\n<div class=\"wp-block-column is-layout-flow wp-block-column-is-layout-flow\" style=\"flex-basis:40%\">\n<figure data-wp-context=\"{&quot;imageId&quot;:&quot;69e750f3b0558&quot;}\" data-wp-interactive=\"core\/image\" data-wp-key=\"69e750f3b0558\" class=\"wp-block-image size-large caption-esquerra wp-lightbox-container\"><img loading=\"lazy\" decoding=\"async\" width=\"1024\" height=\"798\" data-wp-class--hide=\"state.isContentHidden\" data-wp-class--show=\"state.isContentVisible\" data-wp-init=\"callbacks.setButtonStyles\" data-wp-on--click=\"actions.showLightbox\" data-wp-on--load=\"callbacks.setButtonStyles\" data-wp-on-window--resize=\"callbacks.setButtonStyles\" src=\"https:\/\/horst.salvador-dali.org\/wp-content\/uploads\/2026\/02\/2603_resized-Personalizado-1024x798.jpg\" alt=\"\" class=\"wp-image-2394\" srcset=\"https:\/\/horst.salvador-dali.org\/wp-content\/uploads\/2026\/02\/2603_resized-Personalizado-1024x798.jpg 1024w, https:\/\/horst.salvador-dali.org\/wp-content\/uploads\/2026\/02\/2603_resized-Personalizado-300x234.jpg 300w, https:\/\/horst.salvador-dali.org\/wp-content\/uploads\/2026\/02\/2603_resized-Personalizado-768x598.jpg 768w, https:\/\/horst.salvador-dali.org\/wp-content\/uploads\/2026\/02\/2603_resized-Personalizado-1536x1197.jpg 1536w, https:\/\/horst.salvador-dali.org\/wp-content\/uploads\/2026\/02\/2603_resized-Personalizado.jpg 1920w\" sizes=\"auto, (max-width: 1024px) 100vw, 1024px\" \/><button\n\t\t\tclass=\"lightbox-trigger\"\n\t\t\ttype=\"button\"\n\t\t\taria-haspopup=\"dialog\"\n\t\t\taria-label=\"Agrandir\"\n\t\t\tdata-wp-init=\"callbacks.initTriggerButton\"\n\t\t\tdata-wp-on--click=\"actions.showLightbox\"\n\t\t\tdata-wp-style--right=\"state.imageButtonRight\"\n\t\t\tdata-wp-style--top=\"state.imageButtonTop\"\n\t\t>\n\t\t\t<svg xmlns=\"http:\/\/www.w3.org\/2000\/svg\" width=\"12\" height=\"12\" fill=\"none\" viewBox=\"0 0 12 12\">\n\t\t\t\t<path fill=\"#fff\" d=\"M2 0a2 2 0 0 0-2 2v2h1.5V2a.5.5 0 0 1 .5-.5h2V0H2Zm2 10.5H2a.5.5 0 0 1-.5-.5V8H0v2a2 2 0 0 0 2 2h2v-1.5ZM8 12v-1.5h2a.5.5 0 0 0 .5-.5V8H12v2a2 2 0 0 1-2 2H8Zm2-12a2 2 0 0 1 2 2v2h-1.5V2a.5.5 0 0 0-.5-.5H8V0h2Z\" \/>\n\t\t\t<\/svg>\n\t\t<\/button><figcaption class=\"wp-element-caption\"><strong>Horst P. Horst<\/strong><br>Gala<br>1943<\/figcaption><\/figure>\n<\/div>\n<\/div>\n\n\n\n<div class=\"wp-block-columns is-layout-flex wp-container-core-columns-is-layout-9d6595d7 wp-block-columns-is-layout-flex\">\n<div class=\"wp-block-column is-layout-flow wp-block-column-is-layout-flow\" style=\"flex-basis:60%\">\n<figure data-wp-context=\"{&quot;imageId&quot;:&quot;69e750f3b0b98&quot;}\" data-wp-interactive=\"core\/image\" data-wp-key=\"69e750f3b0b98\" class=\"wp-block-image size-full caption-dreta wp-lightbox-container\"><img loading=\"lazy\" decoding=\"async\" width=\"1541\" height=\"1920\" data-wp-class--hide=\"state.isContentHidden\" data-wp-class--show=\"state.isContentVisible\" data-wp-init=\"callbacks.setButtonStyles\" data-wp-on--click=\"actions.showLightbox\" data-wp-on--load=\"callbacks.setButtonStyles\" data-wp-on-window--resize=\"callbacks.setButtonStyles\" src=\"https:\/\/horst.salvador-dali.org\/wp-content\/uploads\/2026\/02\/1988.286.000_as-Personalizado.jpg\" alt=\"\" class=\"wp-image-2416\" srcset=\"https:\/\/horst.salvador-dali.org\/wp-content\/uploads\/2026\/02\/1988.286.000_as-Personalizado.jpg 1541w, https:\/\/horst.salvador-dali.org\/wp-content\/uploads\/2026\/02\/1988.286.000_as-Personalizado-241x300.jpg 241w, https:\/\/horst.salvador-dali.org\/wp-content\/uploads\/2026\/02\/1988.286.000_as-Personalizado-822x1024.jpg 822w, https:\/\/horst.salvador-dali.org\/wp-content\/uploads\/2026\/02\/1988.286.000_as-Personalizado-768x957.jpg 768w, https:\/\/horst.salvador-dali.org\/wp-content\/uploads\/2026\/02\/1988.286.000_as-Personalizado-1233x1536.jpg 1233w\" sizes=\"auto, (max-width: 1541px) 100vw, 1541px\" \/><button\n\t\t\tclass=\"lightbox-trigger\"\n\t\t\ttype=\"button\"\n\t\t\taria-haspopup=\"dialog\"\n\t\t\taria-label=\"Agrandir\"\n\t\t\tdata-wp-init=\"callbacks.initTriggerButton\"\n\t\t\tdata-wp-on--click=\"actions.showLightbox\"\n\t\t\tdata-wp-style--right=\"state.imageButtonRight\"\n\t\t\tdata-wp-style--top=\"state.imageButtonTop\"\n\t\t>\n\t\t\t<svg xmlns=\"http:\/\/www.w3.org\/2000\/svg\" width=\"12\" height=\"12\" fill=\"none\" viewBox=\"0 0 12 12\">\n\t\t\t\t<path fill=\"#fff\" d=\"M2 0a2 2 0 0 0-2 2v2h1.5V2a.5.5 0 0 1 .5-.5h2V0H2Zm2 10.5H2a.5.5 0 0 1-.5-.5V8H0v2a2 2 0 0 0 2 2h2v-1.5ZM8 12v-1.5h2a.5.5 0 0 0 .5-.5V8H12v2a2 2 0 0 1-2 2H8Zm2-12a2 2 0 0 1 2 2v2h-1.5V2a.5.5 0 0 0-.5-.5H8V0h2Z\" \/>\n\t\t\t<\/svg>\n\t\t<\/button><figcaption class=\"wp-element-caption\"><strong>Salvador Dal\u00ed \/ Horst P. Horst<\/strong><br>Cr\u00e9ation de costumes pour le <em>R\u00eave de V\u00e9nus<\/em><br>1939<br>Baltimore&nbsp;Museum&nbsp;of Art, BMA 1988.286<\/figcaption><\/figure>\n<\/div>\n\n\n\n<div class=\"wp-block-column is-vertically-aligned-bottom peufoto is-layout-flow wp-block-column-is-layout-flow\" style=\"flex-basis:40%\"><\/div>\n<\/div>\n\n\n\n<div style=\"height:100px\" aria-hidden=\"true\" class=\"wp-block-spacer\"><\/div>\n\n\n\n<div class=\"wp-block-columns is-layout-flex wp-container-core-columns-is-layout-9d6595d7 wp-block-columns-is-layout-flex\">\n<div class=\"wp-block-column is-layout-flow wp-block-column-is-layout-flow\" style=\"flex-basis:40%\">\n<figure data-wp-context=\"{&quot;imageId&quot;:&quot;69e750f3b11a7&quot;}\" data-wp-interactive=\"core\/image\" data-wp-key=\"69e750f3b11a7\" class=\"wp-block-image size-full caption-dreta superior wp-lightbox-container\"><img loading=\"lazy\" decoding=\"async\" width=\"1875\" height=\"2356\" data-wp-class--hide=\"state.isContentHidden\" data-wp-class--show=\"state.isContentVisible\" data-wp-init=\"callbacks.setButtonStyles\" data-wp-on--click=\"actions.showLightbox\" data-wp-on--load=\"callbacks.setButtonStyles\" data-wp-on-window--resize=\"callbacks.setButtonStyles\" src=\"https:\/\/horst.salvador-dali.org\/wp-content\/uploads\/2026\/02\/Dali-Salvador-Costume-Design-for-the-Dream-of-Venus-1939B81_1348.jpg\" alt=\"\" class=\"wp-image-2391\" srcset=\"https:\/\/horst.salvador-dali.org\/wp-content\/uploads\/2026\/02\/Dali-Salvador-Costume-Design-for-the-Dream-of-Venus-1939B81_1348.jpg 1875w, https:\/\/horst.salvador-dali.org\/wp-content\/uploads\/2026\/02\/Dali-Salvador-Costume-Design-for-the-Dream-of-Venus-1939B81_1348-239x300.jpg 239w, https:\/\/horst.salvador-dali.org\/wp-content\/uploads\/2026\/02\/Dali-Salvador-Costume-Design-for-the-Dream-of-Venus-1939B81_1348-815x1024.jpg 815w, https:\/\/horst.salvador-dali.org\/wp-content\/uploads\/2026\/02\/Dali-Salvador-Costume-Design-for-the-Dream-of-Venus-1939B81_1348-768x965.jpg 768w, https:\/\/horst.salvador-dali.org\/wp-content\/uploads\/2026\/02\/Dali-Salvador-Costume-Design-for-the-Dream-of-Venus-1939B81_1348-1222x1536.jpg 1222w, https:\/\/horst.salvador-dali.org\/wp-content\/uploads\/2026\/02\/Dali-Salvador-Costume-Design-for-the-Dream-of-Venus-1939B81_1348-1630x2048.jpg 1630w\" sizes=\"auto, (max-width: 1875px) 100vw, 1875px\" \/><button\n\t\t\tclass=\"lightbox-trigger\"\n\t\t\ttype=\"button\"\n\t\t\taria-haspopup=\"dialog\"\n\t\t\taria-label=\"Agrandir\"\n\t\t\tdata-wp-init=\"callbacks.initTriggerButton\"\n\t\t\tdata-wp-on--click=\"actions.showLightbox\"\n\t\t\tdata-wp-style--right=\"state.imageButtonRight\"\n\t\t\tdata-wp-style--top=\"state.imageButtonTop\"\n\t\t>\n\t\t\t<svg xmlns=\"http:\/\/www.w3.org\/2000\/svg\" width=\"12\" height=\"12\" fill=\"none\" viewBox=\"0 0 12 12\">\n\t\t\t\t<path fill=\"#fff\" d=\"M2 0a2 2 0 0 0-2 2v2h1.5V2a.5.5 0 0 1 .5-.5h2V0H2Zm2 10.5H2a.5.5 0 0 1-.5-.5V8H0v2a2 2 0 0 0 2 2h2v-1.5ZM8 12v-1.5h2a.5.5 0 0 0 .5-.5V8H12v2a2 2 0 0 1-2 2H8Zm2-12a2 2 0 0 1 2 2v2h-1.5V2a.5.5 0 0 0-.5-.5H8V0h2Z\" \/>\n\t\t\t<\/svg>\n\t\t<\/button><figcaption class=\"wp-element-caption\"><strong>Salvador Dal\u00ed \/ Horst P. Horst.<\/strong><br>Cr\u00e9ation de costumes pour le <em>R\u00eave de V\u00e9nus<\/em><br>1939<br>The Israel Museum, Jerusalem, B81.1348\u00a0<\/figcaption><\/figure>\n<\/div>\n\n\n\n<div class=\"wp-block-column is-vertically-aligned-stretch peufoto is-layout-flow wp-block-column-is-layout-flow\" style=\"flex-basis:26.67%\">\n<div style=\"height:100px\" aria-hidden=\"true\" class=\"wp-block-spacer\"><\/div>\n\n\n\n<div style=\"height:100px\" aria-hidden=\"true\" class=\"wp-block-spacer\"><\/div>\n<\/div>\n\n\n\n<div class=\"wp-block-column is-layout-flow wp-block-column-is-layout-flow\" style=\"flex-basis:33.33%\">\n<div style=\"height:100px\" aria-hidden=\"true\" class=\"wp-block-spacer\"><\/div>\n\n\n\n<figure data-wp-context=\"{&quot;imageId&quot;:&quot;69e750f3b1706&quot;}\" data-wp-interactive=\"core\/image\" data-wp-key=\"69e750f3b1706\" class=\"wp-block-image size-full caption-esquerra wp-lightbox-container\"><img loading=\"lazy\" decoding=\"async\" width=\"1564\" height=\"1920\" data-wp-class--hide=\"state.isContentHidden\" data-wp-class--show=\"state.isContentVisible\" data-wp-init=\"callbacks.setButtonStyles\" data-wp-on--click=\"actions.showLightbox\" data-wp-on--load=\"callbacks.setButtonStyles\" data-wp-on-window--resize=\"callbacks.setButtonStyles\" src=\"https:\/\/horst.salvador-dali.org\/wp-content\/uploads\/2026\/02\/i5599-Personalizado.jpg\" alt=\"\" class=\"wp-image-2425\" srcset=\"https:\/\/horst.salvador-dali.org\/wp-content\/uploads\/2026\/02\/i5599-Personalizado.jpg 1564w, https:\/\/horst.salvador-dali.org\/wp-content\/uploads\/2026\/02\/i5599-Personalizado-244x300.jpg 244w, https:\/\/horst.salvador-dali.org\/wp-content\/uploads\/2026\/02\/i5599-Personalizado-834x1024.jpg 834w, https:\/\/horst.salvador-dali.org\/wp-content\/uploads\/2026\/02\/i5599-Personalizado-768x943.jpg 768w, https:\/\/horst.salvador-dali.org\/wp-content\/uploads\/2026\/02\/i5599-Personalizado-1251x1536.jpg 1251w\" sizes=\"auto, (max-width: 1564px) 100vw, 1564px\" \/><button\n\t\t\tclass=\"lightbox-trigger\"\n\t\t\ttype=\"button\"\n\t\t\taria-haspopup=\"dialog\"\n\t\t\taria-label=\"Agrandir\"\n\t\t\tdata-wp-init=\"callbacks.initTriggerButton\"\n\t\t\tdata-wp-on--click=\"actions.showLightbox\"\n\t\t\tdata-wp-style--right=\"state.imageButtonRight\"\n\t\t\tdata-wp-style--top=\"state.imageButtonTop\"\n\t\t>\n\t\t\t<svg xmlns=\"http:\/\/www.w3.org\/2000\/svg\" width=\"12\" height=\"12\" fill=\"none\" viewBox=\"0 0 12 12\">\n\t\t\t\t<path fill=\"#fff\" d=\"M2 0a2 2 0 0 0-2 2v2h1.5V2a.5.5 0 0 1 .5-.5h2V0H2Zm2 10.5H2a.5.5 0 0 1-.5-.5V8H0v2a2 2 0 0 0 2 2h2v-1.5ZM8 12v-1.5h2a.5.5 0 0 0 .5-.5V8H12v2a2 2 0 0 1-2 2H8Zm2-12a2 2 0 0 1 2 2v2h-1.5V2a.5.5 0 0 0-.5-.5H8V0h2Z\" \/>\n\t\t\t<\/svg>\n\t\t<\/button><figcaption class=\"wp-element-caption\"><strong>Salvador Dal\u00ed \/ Horst P. Horst.<\/strong><br>Gala<br>Gouache et huile sur photographie<\/figcaption><\/figure>\n<\/div>\n<\/div>\n","protected":false},"excerpt":{"rendered":"<p>LE MOD\u00c8LE Selon Irving Penn, Horst savait cr\u00e9er les images les plus belles et romantiques d\u2019une femme. Ses photographies distillent \u00e9l\u00e9gance, glamour et une perfection formelle. Dal\u00ed, de son c\u00f4t\u00e9, tend \u00e9galement \u00e0 l\u2019id\u00e9alisation, surtout lorsque Gala est la protagoniste de l\u2019\u0153uvre. Lorsqu\u2019il n\u2019en est pas ainsi, les femmes daliniennes deviennent des objets de transgression, [&#8230;]<\/p>\n<p><a class=\"btn btn-secondary understrap-read-more-link\" href=\"https:\/\/horst.salvador-dali.org\/fr\/oeuvre\/le-modele\/\">Lire la suite\u2026<span class=\"screen-reader-text\"> from Le Mod\u00e8le<\/span><\/a><\/p>\n","protected":false},"author":7,"featured_media":0,"parent":2504,"menu_order":14,"comment_status":"closed","ping_status":"closed","template":"page-templates\/page-obra.php","meta":{"_acf_changed":false,"inline_featured_image":false,"footnotes":""},"class_list":["post-2531","page","type-page","status-publish","hentry"],"acf":[],"yoast_head":"<!-- This site is optimized with the Yoast SEO plugin v27.4 - https:\/\/yoast.com\/product\/yoast-seo-wordpress\/ -->\n<title>Le Mod\u00e8le - Dal\u00ed\/Horst<\/title>\n<meta name=\"robots\" content=\"index, follow, max-snippet:-1, max-image-preview:large, max-video-preview:-1\" \/>\n<link rel=\"canonical\" href=\"https:\/\/horst.salvador-dali.org\/fr\/oeuvre\/le-modele\/\" \/>\n<meta property=\"og:locale\" content=\"fr_FR\" \/>\n<meta property=\"og:type\" content=\"article\" \/>\n<meta property=\"og:title\" content=\"Le Mod\u00e8le - Dal\u00ed\/Horst\" \/>\n<meta property=\"og:description\" content=\"LE MOD\u00c8LE Selon Irving Penn, Horst savait cr\u00e9er les images les plus belles et romantiques d\u2019une femme. Ses photographies distillent \u00e9l\u00e9gance, glamour et une perfection formelle. Dal\u00ed, de son c\u00f4t\u00e9, tend \u00e9galement \u00e0 l\u2019id\u00e9alisation, surtout lorsque Gala est la protagoniste de l\u2019\u0153uvre. Lorsqu\u2019il n\u2019en est pas ainsi, les femmes daliniennes deviennent des objets de transgression, [...]Lire la suite\u2026 from Le Mod\u00e8le\" \/>\n<meta property=\"og:url\" content=\"https:\/\/horst.salvador-dali.org\/fr\/oeuvre\/le-modele\/\" \/>\n<meta property=\"og:site_name\" content=\"Dal\u00ed\/Horst\" \/>\n<meta property=\"article:publisher\" content=\"https:\/\/www.facebook.com\/MuseusDali\" \/>\n<meta property=\"article:modified_time\" content=\"2026-03-02T10:05:05+00:00\" \/>\n<meta property=\"og:image\" content=\"https:\/\/horst.salvador-dali.org\/wp-content\/uploads\/2026\/02\/2603_resized-Personalizado-1024x798.jpg\" \/>\n<meta name=\"twitter:card\" content=\"summary_large_image\" \/>\n<meta name=\"twitter:site\" content=\"@MuseuDali\" \/>\n<meta name=\"twitter:label1\" content=\"Dur\u00e9e de lecture estim\u00e9e\" \/>\n\t<meta name=\"twitter:data1\" content=\"1 minute\" \/>\n<script type=\"application\/ld+json\" class=\"yoast-schema-graph\">{\"@context\":\"https:\\\/\\\/schema.org\",\"@graph\":[{\"@type\":\"WebPage\",\"@id\":\"https:\\\/\\\/horst.salvador-dali.org\\\/fr\\\/oeuvre\\\/le-modele\\\/\",\"url\":\"https:\\\/\\\/horst.salvador-dali.org\\\/fr\\\/oeuvre\\\/le-modele\\\/\",\"name\":\"Le Mod\u00e8le - Dal\u00ed\\\/Horst\",\"isPartOf\":{\"@id\":\"https:\\\/\\\/horst.salvador-dali.org\\\/fr\\\/#website\"},\"primaryImageOfPage\":{\"@id\":\"https:\\\/\\\/horst.salvador-dali.org\\\/fr\\\/oeuvre\\\/le-modele\\\/#primaryimage\"},\"image\":{\"@id\":\"https:\\\/\\\/horst.salvador-dali.org\\\/fr\\\/oeuvre\\\/le-modele\\\/#primaryimage\"},\"thumbnailUrl\":\"https:\\\/\\\/horst.salvador-dali.org\\\/wp-content\\\/uploads\\\/2026\\\/02\\\/2603_resized-Personalizado-1024x798.jpg\",\"datePublished\":\"2026-02-24T12:03:20+00:00\",\"dateModified\":\"2026-03-02T10:05:05+00:00\",\"breadcrumb\":{\"@id\":\"https:\\\/\\\/horst.salvador-dali.org\\\/fr\\\/oeuvre\\\/le-modele\\\/#breadcrumb\"},\"inLanguage\":\"fr-FR\",\"potentialAction\":[{\"@type\":\"ReadAction\",\"target\":[\"https:\\\/\\\/horst.salvador-dali.org\\\/fr\\\/oeuvre\\\/le-modele\\\/\"]}]},{\"@type\":\"ImageObject\",\"inLanguage\":\"fr-FR\",\"@id\":\"https:\\\/\\\/horst.salvador-dali.org\\\/fr\\\/oeuvre\\\/le-modele\\\/#primaryimage\",\"url\":\"https:\\\/\\\/horst.salvador-dali.org\\\/wp-content\\\/uploads\\\/2026\\\/02\\\/2603_resized-Personalizado-1024x798.jpg\",\"contentUrl\":\"https:\\\/\\\/horst.salvador-dali.org\\\/wp-content\\\/uploads\\\/2026\\\/02\\\/2603_resized-Personalizado-1024x798.jpg\"},{\"@type\":\"BreadcrumbList\",\"@id\":\"https:\\\/\\\/horst.salvador-dali.org\\\/fr\\\/oeuvre\\\/le-modele\\\/#breadcrumb\",\"itemListElement\":[{\"@type\":\"ListItem\",\"position\":1,\"name\":\"Inici\",\"item\":\"https:\\\/\\\/horst.salvador-dali.org\\\/fr\\\/\"},{\"@type\":\"ListItem\",\"position\":2,\"name\":\"Le Mod\u00e8le\"}]},{\"@type\":\"WebSite\",\"@id\":\"https:\\\/\\\/horst.salvador-dali.org\\\/fr\\\/#website\",\"url\":\"https:\\\/\\\/horst.salvador-dali.org\\\/fr\\\/\",\"name\":\"Dal\u00ed\\\/Horst - Mirades creuades\",\"description\":\"\",\"potentialAction\":[{\"@type\":\"SearchAction\",\"target\":{\"@type\":\"EntryPoint\",\"urlTemplate\":\"https:\\\/\\\/horst.salvador-dali.org\\\/fr\\\/?s={search_term_string}\"},\"query-input\":{\"@type\":\"PropertyValueSpecification\",\"valueRequired\":true,\"valueName\":\"search_term_string\"}}],\"inLanguage\":\"fr-FR\"}]}<\/script>\n<!-- \/ Yoast SEO plugin. -->","yoast_head_json":{"title":"Le Mod\u00e8le - Dal\u00ed\/Horst","robots":{"index":"index","follow":"follow","max-snippet":"max-snippet:-1","max-image-preview":"max-image-preview:large","max-video-preview":"max-video-preview:-1"},"canonical":"https:\/\/horst.salvador-dali.org\/fr\/oeuvre\/le-modele\/","og_locale":"fr_FR","og_type":"article","og_title":"Le Mod\u00e8le - Dal\u00ed\/Horst","og_description":"LE MOD\u00c8LE Selon Irving Penn, Horst savait cr\u00e9er les images les plus belles et romantiques d\u2019une femme. Ses photographies distillent \u00e9l\u00e9gance, glamour et une perfection formelle. Dal\u00ed, de son c\u00f4t\u00e9, tend \u00e9galement \u00e0 l\u2019id\u00e9alisation, surtout lorsque Gala est la protagoniste de l\u2019\u0153uvre. Lorsqu\u2019il n\u2019en est pas ainsi, les femmes daliniennes deviennent des objets de transgression, [...]Lire la suite\u2026 from Le Mod\u00e8le","og_url":"https:\/\/horst.salvador-dali.org\/fr\/oeuvre\/le-modele\/","og_site_name":"Dal\u00ed\/Horst","article_publisher":"https:\/\/www.facebook.com\/MuseusDali","article_modified_time":"2026-03-02T10:05:05+00:00","og_image":[{"url":"https:\/\/horst.salvador-dali.org\/wp-content\/uploads\/2026\/02\/2603_resized-Personalizado-1024x798.jpg","type":"","width":"","height":""}],"twitter_card":"summary_large_image","twitter_site":"@MuseuDali","twitter_misc":{"Dur\u00e9e de lecture estim\u00e9e":"1 minute"},"schema":{"@context":"https:\/\/schema.org","@graph":[{"@type":"WebPage","@id":"https:\/\/horst.salvador-dali.org\/fr\/oeuvre\/le-modele\/","url":"https:\/\/horst.salvador-dali.org\/fr\/oeuvre\/le-modele\/","name":"Le Mod\u00e8le - Dal\u00ed\/Horst","isPartOf":{"@id":"https:\/\/horst.salvador-dali.org\/fr\/#website"},"primaryImageOfPage":{"@id":"https:\/\/horst.salvador-dali.org\/fr\/oeuvre\/le-modele\/#primaryimage"},"image":{"@id":"https:\/\/horst.salvador-dali.org\/fr\/oeuvre\/le-modele\/#primaryimage"},"thumbnailUrl":"https:\/\/horst.salvador-dali.org\/wp-content\/uploads\/2026\/02\/2603_resized-Personalizado-1024x798.jpg","datePublished":"2026-02-24T12:03:20+00:00","dateModified":"2026-03-02T10:05:05+00:00","breadcrumb":{"@id":"https:\/\/horst.salvador-dali.org\/fr\/oeuvre\/le-modele\/#breadcrumb"},"inLanguage":"fr-FR","potentialAction":[{"@type":"ReadAction","target":["https:\/\/horst.salvador-dali.org\/fr\/oeuvre\/le-modele\/"]}]},{"@type":"ImageObject","inLanguage":"fr-FR","@id":"https:\/\/horst.salvador-dali.org\/fr\/oeuvre\/le-modele\/#primaryimage","url":"https:\/\/horst.salvador-dali.org\/wp-content\/uploads\/2026\/02\/2603_resized-Personalizado-1024x798.jpg","contentUrl":"https:\/\/horst.salvador-dali.org\/wp-content\/uploads\/2026\/02\/2603_resized-Personalizado-1024x798.jpg"},{"@type":"BreadcrumbList","@id":"https:\/\/horst.salvador-dali.org\/fr\/oeuvre\/le-modele\/#breadcrumb","itemListElement":[{"@type":"ListItem","position":1,"name":"Inici","item":"https:\/\/horst.salvador-dali.org\/fr\/"},{"@type":"ListItem","position":2,"name":"Le Mod\u00e8le"}]},{"@type":"WebSite","@id":"https:\/\/horst.salvador-dali.org\/fr\/#website","url":"https:\/\/horst.salvador-dali.org\/fr\/","name":"Dal\u00ed\/Horst - Mirades creuades","description":"","potentialAction":[{"@type":"SearchAction","target":{"@type":"EntryPoint","urlTemplate":"https:\/\/horst.salvador-dali.org\/fr\/?s={search_term_string}"},"query-input":{"@type":"PropertyValueSpecification","valueRequired":true,"valueName":"search_term_string"}}],"inLanguage":"fr-FR"}]}},"_links":{"self":[{"href":"https:\/\/horst.salvador-dali.org\/fr\/wp-json\/wp\/v2\/pages\/2531","targetHints":{"allow":["GET"]}}],"collection":[{"href":"https:\/\/horst.salvador-dali.org\/fr\/wp-json\/wp\/v2\/pages"}],"about":[{"href":"https:\/\/horst.salvador-dali.org\/fr\/wp-json\/wp\/v2\/types\/page"}],"author":[{"embeddable":true,"href":"https:\/\/horst.salvador-dali.org\/fr\/wp-json\/wp\/v2\/users\/7"}],"replies":[{"embeddable":true,"href":"https:\/\/horst.salvador-dali.org\/fr\/wp-json\/wp\/v2\/comments?post=2531"}],"version-history":[{"count":8,"href":"https:\/\/horst.salvador-dali.org\/fr\/wp-json\/wp\/v2\/pages\/2531\/revisions"}],"predecessor-version":[{"id":2838,"href":"https:\/\/horst.salvador-dali.org\/fr\/wp-json\/wp\/v2\/pages\/2531\/revisions\/2838"}],"up":[{"embeddable":true,"href":"https:\/\/horst.salvador-dali.org\/fr\/wp-json\/wp\/v2\/pages\/2504"}],"wp:attachment":[{"href":"https:\/\/horst.salvador-dali.org\/fr\/wp-json\/wp\/v2\/media?parent=2531"}],"curies":[{"name":"wp","href":"https:\/\/api.w.org\/{rel}","templated":true}]}}