{"id":2504,"date":"2026-02-13T10:34:44","date_gmt":"2026-02-13T09:34:44","guid":{"rendered":"https:\/\/horst.salvador-dali.org\/obra\/"},"modified":"2026-03-02T11:10:06","modified_gmt":"2026-03-02T10:10:06","slug":"oeuvre","status":"publish","type":"page","link":"https:\/\/horst.salvador-dali.org\/fr\/oeuvre\/","title":{"rendered":"\u0152uvre"},"content":{"rendered":"\n<div class=\"wp-block-columns container opcions is-layout-flex wp-container-core-columns-is-layout-9d6595d7 wp-block-columns-is-layout-flex\">\n<div class=\"wp-block-column is-vertically-aligned-top is-layout-flow wp-block-column-is-layout-flow\">\n<figure class=\"wp-block-image size-full\"><img loading=\"lazy\" decoding=\"async\" width=\"1392\" height=\"1850\" src=\"https:\/\/horst.salvador-dali.org\/wp-content\/uploads\/2026\/02\/Vogue_1943-06-01_p56-e1771945315757.jpg\" alt=\"\" class=\"wp-image-2384\" srcset=\"https:\/\/horst.salvador-dali.org\/wp-content\/uploads\/2026\/02\/Vogue_1943-06-01_p56-e1771945315757.jpg 1392w, https:\/\/horst.salvador-dali.org\/wp-content\/uploads\/2026\/02\/Vogue_1943-06-01_p56-e1771945315757-226x300.jpg 226w, https:\/\/horst.salvador-dali.org\/wp-content\/uploads\/2026\/02\/Vogue_1943-06-01_p56-e1771945315757-770x1024.jpg 770w, https:\/\/horst.salvador-dali.org\/wp-content\/uploads\/2026\/02\/Vogue_1943-06-01_p56-e1771945315757-768x1021.jpg 768w, https:\/\/horst.salvador-dali.org\/wp-content\/uploads\/2026\/02\/Vogue_1943-06-01_p56-e1771945315757-1156x1536.jpg 1156w\" sizes=\"auto, (max-width: 1392px) 100vw, 1392px\" \/><\/figure>\n\n\n\n<div class=\"wp-block-columns is-not-stacked-on-mobile opcions-titol is-layout-flex wp-container-core-columns-is-layout-9d6595d7 wp-block-columns-is-layout-flex\">\n<div class=\"wp-block-column is-layout-flow wp-block-column-is-layout-flow\" style=\"flex-basis:90%\">\n<h2 class=\"wp-block-heading\">Le Mod\u00e8le<\/h2>\n<\/div>\n\n\n\n<div class=\"wp-block-column is-layout-flow wp-block-column-is-layout-flow\" style=\"flex-basis:10%\">\n<div class=\"wp-block-buttons is-content-justification-center is-layout-flex wp-container-core-buttons-is-layout-16018d1d wp-block-buttons-is-layout-flex\">\n<div class=\"wp-block-button is-style-outline is-style-outline--1\"><a class=\"wp-block-button__link has-small-font-size has-custom-font-size wp-element-button\" href=\"https:\/\/horst.salvador-dali.org\/fr\/oeuvre\/le-modele\/\">voir<\/a><\/div>\n<\/div>\n<\/div>\n<\/div>\n\n\n\n<p class=\"opcions-text\">Une approche de la femme \u00e0 travers des regards apparemment oppos\u00e9s offre de nouvelles lectures autour de la notion de beaut\u00e9.<\/p>\n<\/div>\n\n\n\n<div class=\"wp-block-column is-vertically-aligned-top is-layout-flow wp-block-column-is-layout-flow\">\n<figure class=\"wp-block-image size-full\"><img loading=\"lazy\" decoding=\"async\" width=\"1412\" height=\"1920\" src=\"https:\/\/horst.salvador-dali.org\/wp-content\/uploads\/2026\/02\/4131_portada.jpg\" alt=\"\" class=\"wp-image-2386\" srcset=\"https:\/\/horst.salvador-dali.org\/wp-content\/uploads\/2026\/02\/4131_portada.jpg 1412w, https:\/\/horst.salvador-dali.org\/wp-content\/uploads\/2026\/02\/4131_portada-221x300.jpg 221w, https:\/\/horst.salvador-dali.org\/wp-content\/uploads\/2026\/02\/4131_portada-753x1024.jpg 753w, https:\/\/horst.salvador-dali.org\/wp-content\/uploads\/2026\/02\/4131_portada-768x1044.jpg 768w, https:\/\/horst.salvador-dali.org\/wp-content\/uploads\/2026\/02\/4131_portada-1130x1536.jpg 1130w\" sizes=\"auto, (max-width: 1412px) 100vw, 1412px\" \/><\/figure>\n\n\n\n<div class=\"wp-block-columns is-not-stacked-on-mobile opcions-titol is-layout-flex wp-container-core-columns-is-layout-9d6595d7 wp-block-columns-is-layout-flex\">\n<div class=\"wp-block-column is-layout-flow wp-block-column-is-layout-flow\" style=\"flex-basis:90%\">\n<h2 class=\"wp-block-heading\">Vogue<\/h2>\n<\/div>\n\n\n\n<div class=\"wp-block-column is-layout-flow wp-block-column-is-layout-flow\"><\/div>\n\n\n\n<div class=\"wp-block-column is-layout-flow wp-block-column-is-layout-flow\" style=\"flex-basis:10%\">\n<div class=\"wp-block-buttons is-content-justification-center is-layout-flex wp-container-core-buttons-is-layout-16018d1d wp-block-buttons-is-layout-flex\">\n<div class=\"wp-block-button is-style-outline is-style-outline--2\"><a class=\"wp-block-button__link has-small-font-size has-custom-font-size wp-element-button\" href=\"https:\/\/horst.salvador-dali.org\/fr\/oeuvre\/vogue\/\">voir<\/a><\/div>\n<\/div>\n<\/div>\n<\/div>\n\n\n\n<p class=\"opcions-text\">L&rsquo;alliance entre la mode et le surr\u00e9alisme fait de <em>Vogue <\/em>et de ses photographes les vecteurs des id\u00e9es daliniennes.<\/p>\n<\/div>\n\n\n\n<div class=\"wp-block-column is-vertically-aligned-top is-layout-flow wp-block-column-is-layout-flow\">\n<figure class=\"wp-block-image size-full\"><img loading=\"lazy\" decoding=\"async\" width=\"1509\" height=\"1920\" src=\"https:\/\/horst.salvador-dali.org\/wp-content\/uploads\/2026\/02\/hst19430201a001-Personalizado.jpg\" alt=\"\" class=\"wp-image-2388\" srcset=\"https:\/\/horst.salvador-dali.org\/wp-content\/uploads\/2026\/02\/hst19430201a001-Personalizado.jpg 1509w, https:\/\/horst.salvador-dali.org\/wp-content\/uploads\/2026\/02\/hst19430201a001-Personalizado-236x300.jpg 236w, https:\/\/horst.salvador-dali.org\/wp-content\/uploads\/2026\/02\/hst19430201a001-Personalizado-805x1024.jpg 805w, https:\/\/horst.salvador-dali.org\/wp-content\/uploads\/2026\/02\/hst19430201a001-Personalizado-768x977.jpg 768w, https:\/\/horst.salvador-dali.org\/wp-content\/uploads\/2026\/02\/hst19430201a001-Personalizado-1207x1536.jpg 1207w\" sizes=\"auto, (max-width: 1509px) 100vw, 1509px\" \/><\/figure>\n\n\n\n<div class=\"wp-block-columns is-not-stacked-on-mobile opcions-titol is-layout-flex wp-container-core-columns-is-layout-9d6595d7 wp-block-columns-is-layout-flex\">\n<div class=\"wp-block-column is-layout-flow wp-block-column-is-layout-flow\" style=\"flex-basis:90%\">\n<h2 class=\"wp-block-heading\">Portraits<\/h2>\n<\/div>\n\n\n\n<div class=\"wp-block-column is-layout-flow wp-block-column-is-layout-flow\" style=\"flex-basis:10%\">\n<div class=\"wp-block-buttons is-content-justification-center is-layout-flex wp-container-core-buttons-is-layout-16018d1d wp-block-buttons-is-layout-flex\">\n<div class=\"wp-block-button is-style-outline is-style-outline--3\"><a class=\"wp-block-button__link has-small-font-size has-custom-font-size wp-element-button\" href=\"https:\/\/horst.salvador-dali.org\/fr\/oeuvre\/portraits\/\">voir<\/a><\/div>\n<\/div>\n<\/div>\n<\/div>\n\n\n\n<p class=\"opcions-text\">Les portraits de Gala et Salvador Dal\u00ed en studio refl\u00e8tent les caract\u00e9ristiques les plus marquantes du style de Horst.<\/p>\n<\/div>\n\n\n\n<div class=\"wp-block-column is-vertically-aligned-top is-layout-flow wp-block-column-is-layout-flow\">\n<figure class=\"wp-block-image size-full\"><img loading=\"lazy\" decoding=\"async\" width=\"1575\" height=\"1920\" src=\"https:\/\/horst.salvador-dali.org\/wp-content\/uploads\/2026\/02\/1249-Personalizado.jpg\" alt=\"\" class=\"wp-image-2389\" srcset=\"https:\/\/horst.salvador-dali.org\/wp-content\/uploads\/2026\/02\/1249-Personalizado.jpg 1575w, https:\/\/horst.salvador-dali.org\/wp-content\/uploads\/2026\/02\/1249-Personalizado-246x300.jpg 246w, https:\/\/horst.salvador-dali.org\/wp-content\/uploads\/2026\/02\/1249-Personalizado-840x1024.jpg 840w, https:\/\/horst.salvador-dali.org\/wp-content\/uploads\/2026\/02\/1249-Personalizado-768x936.jpg 768w, https:\/\/horst.salvador-dali.org\/wp-content\/uploads\/2026\/02\/1249-Personalizado-1260x1536.jpg 1260w\" sizes=\"auto, (max-width: 1575px) 100vw, 1575px\" \/><\/figure>\n\n\n\n<div class=\"wp-block-columns is-not-stacked-on-mobile opcions-titol is-layout-flex wp-container-core-columns-is-layout-9d6595d7 wp-block-columns-is-layout-flex\">\n<div class=\"wp-block-column is-layout-flow wp-block-column-is-layout-flow\" style=\"flex-basis:90%\">\n<h2 class=\"wp-block-heading\">Planches-contact<\/h2>\n<\/div>\n\n\n\n<div class=\"wp-block-column is-layout-flow wp-block-column-is-layout-flow\" style=\"flex-basis:10%\">\n<div class=\"wp-block-buttons is-content-justification-center is-layout-flex wp-container-core-buttons-is-layout-16018d1d wp-block-buttons-is-layout-flex\">\n<div class=\"wp-block-button is-style-outline is-style-outline--4\"><a class=\"wp-block-button__link has-small-font-size has-custom-font-size wp-element-button\" href=\"https:\/\/horst.salvador-dali.org\/fr\/oeuvre\/planches-contact\/\">voir<\/a><\/div>\n<\/div>\n<\/div>\n<\/div>\n\n\n\n<p class=\"opcions-text\">Avec la technologie num\u00e9rique, les planches-contact sont tomb\u00e9es en d\u00e9su\u00e9tude, mais elles demeurent une source d&rsquo;information pr\u00e9cieuse.<\/p>\n<\/div>\n<\/div>\n","protected":false},"excerpt":{"rendered":"<p>Le Mod\u00e8le Une approche de la femme \u00e0 travers des regards apparemment oppos\u00e9s offre de nouvelles lectures autour de la notion de beaut\u00e9. Vogue L&rsquo;alliance entre la mode et le surr\u00e9alisme fait de Vogue et de ses photographes les vecteurs des id\u00e9es daliniennes. Portraits Les portraits de Gala et Salvador Dal\u00ed en studio refl\u00e8tent les [&#8230;]<\/p>\n<p><a class=\"btn btn-secondary understrap-read-more-link\" href=\"https:\/\/horst.salvador-dali.org\/fr\/oeuvre\/\">Lire la suite\u2026<span class=\"screen-reader-text\"> from \u0152uvre<\/span><\/a><\/p>\n","protected":false},"author":7,"featured_media":0,"parent":0,"menu_order":14,"comment_status":"closed","ping_status":"closed","template":"page-templates\/page-fosc.php","meta":{"_acf_changed":false,"inline_featured_image":false,"footnotes":""},"class_list":["post-2504","page","type-page","status-publish","hentry"],"acf":[],"yoast_head":"<!-- This site is optimized with the Yoast SEO plugin v27.4 - https:\/\/yoast.com\/product\/yoast-seo-wordpress\/ -->\n<title>\u0152uvre - Dal\u00ed\/Horst<\/title>\n<meta name=\"robots\" content=\"index, follow, max-snippet:-1, max-image-preview:large, max-video-preview:-1\" \/>\n<link rel=\"canonical\" href=\"https:\/\/horst.salvador-dali.org\/fr\/oeuvre\/\" \/>\n<meta property=\"og:locale\" content=\"fr_FR\" \/>\n<meta property=\"og:type\" content=\"article\" \/>\n<meta property=\"og:title\" content=\"\u0152uvre - Dal\u00ed\/Horst\" \/>\n<meta property=\"og:description\" content=\"Le Mod\u00e8le Une approche de la femme \u00e0 travers des regards apparemment oppos\u00e9s offre de nouvelles lectures autour de la notion de beaut\u00e9. Vogue L&rsquo;alliance entre la mode et le surr\u00e9alisme fait de Vogue et de ses photographes les vecteurs des id\u00e9es daliniennes. Portraits Les portraits de Gala et Salvador Dal\u00ed en studio refl\u00e8tent les [...]Lire la suite\u2026 from \u0152uvre\" \/>\n<meta property=\"og:url\" content=\"https:\/\/horst.salvador-dali.org\/fr\/oeuvre\/\" \/>\n<meta property=\"og:site_name\" content=\"Dal\u00ed\/Horst\" \/>\n<meta property=\"article:publisher\" content=\"https:\/\/www.facebook.com\/MuseusDali\" \/>\n<meta property=\"article:modified_time\" content=\"2026-03-02T10:10:06+00:00\" \/>\n<meta property=\"og:image\" content=\"https:\/\/horst.salvador-dali.org\/wp-content\/uploads\/2026\/02\/Vogue_1943-06-01_p56-e1771945315757.jpg\" \/>\n<meta name=\"twitter:card\" content=\"summary_large_image\" \/>\n<meta name=\"twitter:site\" content=\"@MuseuDali\" \/>\n<script type=\"application\/ld+json\" class=\"yoast-schema-graph\">{\"@context\":\"https:\\\/\\\/schema.org\",\"@graph\":[{\"@type\":\"WebPage\",\"@id\":\"https:\\\/\\\/horst.salvador-dali.org\\\/fr\\\/oeuvre\\\/\",\"url\":\"https:\\\/\\\/horst.salvador-dali.org\\\/fr\\\/oeuvre\\\/\",\"name\":\"\u0152uvre - Dal\u00ed\\\/Horst\",\"isPartOf\":{\"@id\":\"https:\\\/\\\/horst.salvador-dali.org\\\/fr\\\/#website\"},\"primaryImageOfPage\":{\"@id\":\"https:\\\/\\\/horst.salvador-dali.org\\\/fr\\\/oeuvre\\\/#primaryimage\"},\"image\":{\"@id\":\"https:\\\/\\\/horst.salvador-dali.org\\\/fr\\\/oeuvre\\\/#primaryimage\"},\"thumbnailUrl\":\"https:\\\/\\\/horst.salvador-dali.org\\\/wp-content\\\/uploads\\\/2026\\\/02\\\/Vogue_1943-06-01_p56-e1771945315757.jpg\",\"datePublished\":\"2026-02-13T09:34:44+00:00\",\"dateModified\":\"2026-03-02T10:10:06+00:00\",\"breadcrumb\":{\"@id\":\"https:\\\/\\\/horst.salvador-dali.org\\\/fr\\\/oeuvre\\\/#breadcrumb\"},\"inLanguage\":\"fr-FR\",\"potentialAction\":[{\"@type\":\"ReadAction\",\"target\":[\"https:\\\/\\\/horst.salvador-dali.org\\\/fr\\\/oeuvre\\\/\"]}]},{\"@type\":\"ImageObject\",\"inLanguage\":\"fr-FR\",\"@id\":\"https:\\\/\\\/horst.salvador-dali.org\\\/fr\\\/oeuvre\\\/#primaryimage\",\"url\":\"https:\\\/\\\/horst.salvador-dali.org\\\/wp-content\\\/uploads\\\/2026\\\/02\\\/Vogue_1943-06-01_p56-e1771945315757.jpg\",\"contentUrl\":\"https:\\\/\\\/horst.salvador-dali.org\\\/wp-content\\\/uploads\\\/2026\\\/02\\\/Vogue_1943-06-01_p56-e1771945315757.jpg\"},{\"@type\":\"BreadcrumbList\",\"@id\":\"https:\\\/\\\/horst.salvador-dali.org\\\/fr\\\/oeuvre\\\/#breadcrumb\",\"itemListElement\":[{\"@type\":\"ListItem\",\"position\":1,\"name\":\"Inici\",\"item\":\"https:\\\/\\\/horst.salvador-dali.org\\\/fr\\\/\"},{\"@type\":\"ListItem\",\"position\":2,\"name\":\"\u0152uvre\"}]},{\"@type\":\"WebSite\",\"@id\":\"https:\\\/\\\/horst.salvador-dali.org\\\/fr\\\/#website\",\"url\":\"https:\\\/\\\/horst.salvador-dali.org\\\/fr\\\/\",\"name\":\"Dal\u00ed\\\/Horst - Mirades creuades\",\"description\":\"\",\"potentialAction\":[{\"@type\":\"SearchAction\",\"target\":{\"@type\":\"EntryPoint\",\"urlTemplate\":\"https:\\\/\\\/horst.salvador-dali.org\\\/fr\\\/?s={search_term_string}\"},\"query-input\":{\"@type\":\"PropertyValueSpecification\",\"valueRequired\":true,\"valueName\":\"search_term_string\"}}],\"inLanguage\":\"fr-FR\"}]}<\/script>\n<!-- \/ Yoast SEO plugin. -->","yoast_head_json":{"title":"\u0152uvre - Dal\u00ed\/Horst","robots":{"index":"index","follow":"follow","max-snippet":"max-snippet:-1","max-image-preview":"max-image-preview:large","max-video-preview":"max-video-preview:-1"},"canonical":"https:\/\/horst.salvador-dali.org\/fr\/oeuvre\/","og_locale":"fr_FR","og_type":"article","og_title":"\u0152uvre - Dal\u00ed\/Horst","og_description":"Le Mod\u00e8le Une approche de la femme \u00e0 travers des regards apparemment oppos\u00e9s offre de nouvelles lectures autour de la notion de beaut\u00e9. Vogue L&rsquo;alliance entre la mode et le surr\u00e9alisme fait de Vogue et de ses photographes les vecteurs des id\u00e9es daliniennes. Portraits Les portraits de Gala et Salvador Dal\u00ed en studio refl\u00e8tent les [...]Lire la suite\u2026 from \u0152uvre","og_url":"https:\/\/horst.salvador-dali.org\/fr\/oeuvre\/","og_site_name":"Dal\u00ed\/Horst","article_publisher":"https:\/\/www.facebook.com\/MuseusDali","article_modified_time":"2026-03-02T10:10:06+00:00","og_image":[{"url":"https:\/\/horst.salvador-dali.org\/wp-content\/uploads\/2026\/02\/Vogue_1943-06-01_p56-e1771945315757.jpg","type":"","width":"","height":""}],"twitter_card":"summary_large_image","twitter_site":"@MuseuDali","schema":{"@context":"https:\/\/schema.org","@graph":[{"@type":"WebPage","@id":"https:\/\/horst.salvador-dali.org\/fr\/oeuvre\/","url":"https:\/\/horst.salvador-dali.org\/fr\/oeuvre\/","name":"\u0152uvre - Dal\u00ed\/Horst","isPartOf":{"@id":"https:\/\/horst.salvador-dali.org\/fr\/#website"},"primaryImageOfPage":{"@id":"https:\/\/horst.salvador-dali.org\/fr\/oeuvre\/#primaryimage"},"image":{"@id":"https:\/\/horst.salvador-dali.org\/fr\/oeuvre\/#primaryimage"},"thumbnailUrl":"https:\/\/horst.salvador-dali.org\/wp-content\/uploads\/2026\/02\/Vogue_1943-06-01_p56-e1771945315757.jpg","datePublished":"2026-02-13T09:34:44+00:00","dateModified":"2026-03-02T10:10:06+00:00","breadcrumb":{"@id":"https:\/\/horst.salvador-dali.org\/fr\/oeuvre\/#breadcrumb"},"inLanguage":"fr-FR","potentialAction":[{"@type":"ReadAction","target":["https:\/\/horst.salvador-dali.org\/fr\/oeuvre\/"]}]},{"@type":"ImageObject","inLanguage":"fr-FR","@id":"https:\/\/horst.salvador-dali.org\/fr\/oeuvre\/#primaryimage","url":"https:\/\/horst.salvador-dali.org\/wp-content\/uploads\/2026\/02\/Vogue_1943-06-01_p56-e1771945315757.jpg","contentUrl":"https:\/\/horst.salvador-dali.org\/wp-content\/uploads\/2026\/02\/Vogue_1943-06-01_p56-e1771945315757.jpg"},{"@type":"BreadcrumbList","@id":"https:\/\/horst.salvador-dali.org\/fr\/oeuvre\/#breadcrumb","itemListElement":[{"@type":"ListItem","position":1,"name":"Inici","item":"https:\/\/horst.salvador-dali.org\/fr\/"},{"@type":"ListItem","position":2,"name":"\u0152uvre"}]},{"@type":"WebSite","@id":"https:\/\/horst.salvador-dali.org\/fr\/#website","url":"https:\/\/horst.salvador-dali.org\/fr\/","name":"Dal\u00ed\/Horst - Mirades creuades","description":"","potentialAction":[{"@type":"SearchAction","target":{"@type":"EntryPoint","urlTemplate":"https:\/\/horst.salvador-dali.org\/fr\/?s={search_term_string}"},"query-input":{"@type":"PropertyValueSpecification","valueRequired":true,"valueName":"search_term_string"}}],"inLanguage":"fr-FR"}]}},"_links":{"self":[{"href":"https:\/\/horst.salvador-dali.org\/fr\/wp-json\/wp\/v2\/pages\/2504","targetHints":{"allow":["GET"]}}],"collection":[{"href":"https:\/\/horst.salvador-dali.org\/fr\/wp-json\/wp\/v2\/pages"}],"about":[{"href":"https:\/\/horst.salvador-dali.org\/fr\/wp-json\/wp\/v2\/types\/page"}],"author":[{"embeddable":true,"href":"https:\/\/horst.salvador-dali.org\/fr\/wp-json\/wp\/v2\/users\/7"}],"replies":[{"embeddable":true,"href":"https:\/\/horst.salvador-dali.org\/fr\/wp-json\/wp\/v2\/comments?post=2504"}],"version-history":[{"count":9,"href":"https:\/\/horst.salvador-dali.org\/fr\/wp-json\/wp\/v2\/pages\/2504\/revisions"}],"predecessor-version":[{"id":2847,"href":"https:\/\/horst.salvador-dali.org\/fr\/wp-json\/wp\/v2\/pages\/2504\/revisions\/2847"}],"wp:attachment":[{"href":"https:\/\/horst.salvador-dali.org\/fr\/wp-json\/wp\/v2\/media?parent=2504"}],"curies":[{"name":"wp","href":"https:\/\/api.w.org\/{rel}","templated":true}]}}