{"id":2500,"date":"2025-05-25T09:12:22","date_gmt":"2025-05-25T07:12:22","guid":{"rendered":"https:\/\/horst.salvador-dali.org\/inici\/"},"modified":"2026-03-03T18:27:09","modified_gmt":"2026-03-03T17:27:09","slug":"inici","status":"publish","type":"page","link":"https:\/\/horst.salvador-dali.org\/fr\/","title":{"rendered":"Accueil"},"content":{"rendered":"\n<div class=\"wp-block-columns container presentacio p-0 is-layout-flex wp-container-core-columns-is-layout-9d6595d7 wp-block-columns-is-layout-flex\">\n<div class=\"wp-block-column is-layout-flow wp-block-column-is-layout-flow\">\n<h2 class=\"wp-block-heading\"><strong>Pr\u00e9sentation<\/strong><\/h2>\n\n\n\n<h3 class=\"wp-block-heading\"><em><strong>Dal\u00ed\/Horst.\u00a0Regards crois\u00e9s\u00a0<\/strong><\/em><\/h3>\n<\/div>\n\n\n\n<div class=\"wp-block-column is-layout-flow wp-block-column-is-layout-flow\">\n<p class=\"has-medium-font-size\">\u00c0 la fin des ann\u00e9es 1930,&nbsp;Salvador&nbsp;Dal\u00ed&nbsp;et&nbsp;le photographe de&nbsp;<em>Vogue<\/em>&nbsp;Horst P. Horst&nbsp;\u00e9voluent dans les&nbsp;m\u00eames milieux, o\u00f9 ils partagent amiti\u00e9s et complicit\u00e9s.&nbsp;\u00c0&nbsp;Paris,&nbsp;ils fr\u00e9quentent des artistes, des couturiers, des designers,&nbsp;des architectes et des intellectuels&nbsp;qui marqueront leur parcours de mani\u00e8re d\u00e9cisive et les inspireront dans l\u2019\u00e9laboration d\u2019un langage personnel.&nbsp;<\/p>\n\n\n\n<p class=\"has-medium-font-size\">L\u2019exposition invite \u00e0 d\u00e9couvrir la vision de ces deux cr\u00e9ateurs, qui ont laiss\u00e9 une empreinte ind\u00e9l\u00e9bile dans l\u2019imaginaire collectif et continuent, aujourd\u2019hui encore, d\u2019exercer une influence majeure sur le monde de l\u2019art et&nbsp;de&nbsp;la mode.&nbsp;<\/p>\n\n\n\n<p class=\"has-medium-font-size\">Elle pr\u00e9sente les projets \u00e9ditoriaux et artistiques n\u00e9s de leur collaboration durant une d\u00e9cennie.&nbsp;\u00c0 l\u2019occasion de&nbsp;ces initiatives conjointes, l\u2019artiste et le photographe&nbsp;transforment l\u2019acte de regarder en un geste&nbsp;cr\u00e9atif,&nbsp;d\u00e9lib\u00e9r\u00e9 et po\u00e9tique,&nbsp;avec&nbsp;souvent&nbsp;pour toile de fond une m\u00eame fascination pour le monde classique.&nbsp;L\u2019exposition&nbsp;rassemble&nbsp;\u00e9galement des portraits et&nbsp;des&nbsp;planches-contact de&nbsp;Horst,&nbsp;ainsi que des pi\u00e8ces issues de la garde-robe de&nbsp;Gala&nbsp;et&nbsp;de&nbsp;Dal\u00ed,&nbsp;nous permettant ainsi de d\u00e9couvrir&nbsp;les&nbsp;\u00e9l\u00e9ments essentiels&nbsp;de&nbsp;la mise en sc\u00e8ne&nbsp;con\u00e7ue&nbsp;par celui qui regarde,&nbsp;mais aussi par celui qui est regard\u00e9.&nbsp;<\/p>\n<\/div>\n<\/div>\n\n\n\n<div class=\"wp-block-columns container opcions is-layout-flex wp-container-core-columns-is-layout-9d6595d7 wp-block-columns-is-layout-flex\">\n<div class=\"wp-block-column is-vertically-aligned-top is-layout-flow wp-block-column-is-layout-flow\">\n<figure class=\"wp-block-image size-full image-obra\"><img loading=\"lazy\" decoding=\"async\" width=\"1024\" height=\"1263\" src=\"https:\/\/horst.salvador-dali.org\/wp-content\/uploads\/2026\/02\/obra.jpg\" alt=\"\" class=\"wp-image-2249\" srcset=\"https:\/\/horst.salvador-dali.org\/wp-content\/uploads\/2026\/02\/obra.jpg 1024w, https:\/\/horst.salvador-dali.org\/wp-content\/uploads\/2026\/02\/obra-243x300.jpg 243w, https:\/\/horst.salvador-dali.org\/wp-content\/uploads\/2026\/02\/obra-830x1024.jpg 830w, https:\/\/horst.salvador-dali.org\/wp-content\/uploads\/2026\/02\/obra-768x947.jpg 768w\" sizes=\"auto, (max-width: 1024px) 100vw, 1024px\" \/><\/figure>\n\n\n\n<div class=\"wp-block-columns is-not-stacked-on-mobile opcions-titol is-layout-flex wp-container-core-columns-is-layout-9d6595d7 wp-block-columns-is-layout-flex\">\n<div class=\"wp-block-column is-layout-flow wp-block-column-is-layout-flow\" style=\"flex-basis:90%\">\n<h2 class=\"wp-block-heading\">\u0152uvre<\/h2>\n\n\n\n<p>Le regard photographique de Horst<\/p>\n<\/div>\n\n\n\n<div class=\"wp-block-column is-layout-flow wp-block-column-is-layout-flow\" style=\"flex-basis:10%\">\n<div class=\"wp-block-buttons is-content-justification-center is-layout-flex wp-container-core-buttons-is-layout-16018d1d wp-block-buttons-is-layout-flex\">\n<div class=\"wp-block-button is-style-outline is-style-outline--1\"><a class=\"wp-block-button__link has-small-font-size has-custom-font-size wp-element-button\" href=\"https:\/\/horst.salvador-dali.org\/fr\/oeuvre\/\">voir<\/a><\/div>\n<\/div>\n<\/div>\n<\/div>\n\n\n\n<p class=\"opcions-text\">Cette s\u00e9lection d\u2019\u0153uvres nous permet d\u2019explorer plus en profondeur l\u2019univers visuel d\u2019Horst P. Horst, \u00e0 travers des photographies, des projets \u00e9ditoriaux et des documents li\u00e9s \u00e0 la mode. La pr\u00e9sence de Salvador Dal\u00ed se manifeste comme contexte, influence et complicit\u00e9 cr\u00e9ative, renfor\u00e7ant une conception d\u00e9lib\u00e9r\u00e9e et po\u00e9tique du regard.<\/p>\n<\/div>\n\n\n\n<div class=\"wp-block-column is-layout-flow wp-block-column-is-layout-flow\">\n<figure class=\"wp-block-image size-full\"><img loading=\"lazy\" decoding=\"async\" width=\"1024\" height=\"1297\" src=\"https:\/\/horst.salvador-dali.org\/wp-content\/uploads\/2026\/02\/cronologia.jpg\" alt=\"\" class=\"wp-image-2254\" srcset=\"https:\/\/horst.salvador-dali.org\/wp-content\/uploads\/2026\/02\/cronologia.jpg 1024w, https:\/\/horst.salvador-dali.org\/wp-content\/uploads\/2026\/02\/cronologia-237x300.jpg 237w, https:\/\/horst.salvador-dali.org\/wp-content\/uploads\/2026\/02\/cronologia-808x1024.jpg 808w, https:\/\/horst.salvador-dali.org\/wp-content\/uploads\/2026\/02\/cronologia-768x973.jpg 768w\" sizes=\"auto, (max-width: 1024px) 100vw, 1024px\" \/><\/figure>\n\n\n\n<div class=\"wp-block-columns is-not-stacked-on-mobile opcions-titol is-layout-flex wp-container-core-columns-is-layout-9d6595d7 wp-block-columns-is-layout-flex\">\n<div class=\"wp-block-column is-layout-flow wp-block-column-is-layout-flow\" style=\"flex-basis:90%\">\n<h2 class=\"wp-block-heading\">Chronologie<\/h2>\n\n\n\n<p>Contextes partag\u00e9s et trajectoires parall\u00e8les<\/p>\n<\/div>\n\n\n\n<div class=\"wp-block-column is-layout-flow wp-block-column-is-layout-flow\" style=\"flex-basis:10%\">\n<div class=\"wp-block-buttons is-content-justification-center is-layout-flex wp-container-core-buttons-is-layout-16018d1d wp-block-buttons-is-layout-flex\">\n<div class=\"wp-block-button is-style-outline is-style-outline--2\"><a class=\"wp-block-button__link has-small-font-size has-custom-font-size wp-element-button\" href=\"https:\/\/horst.salvador-dali.org\/fr\/chronologie\/\">voir<\/a><\/div>\n<\/div>\n<\/div>\n<\/div>\n\n\n\n<p class=\"opcions-text\">La chronologie situe Salvador Dal\u00ed et Horst P. Horst dans leur contexte historique et cr\u00e9atif. Ce parcours temporel nous permet de comprendre les moments cl\u00e9s de leurs carri\u00e8res, leurs points de convergence et de divergence, et comment le temps, les exp\u00e9riences et les environnements ont fa\u00e7onn\u00e9 leurs visions.<\/p>\n<\/div>\n<\/div>\n\n\n\n<div class=\"wp-block-columns biografia is-layout-flex wp-container-core-columns-is-layout-9d6595d7 wp-block-columns-is-layout-flex\">\n<div class=\"wp-block-column container is-layout-flow wp-block-column-is-layout-flow\" style=\"flex-basis:60%\">\n<h2 class=\"wp-block-heading\"><strong>HORST P. HORST<\/strong><\/h2>\n\n\n\n<p>Horst P. Horst est consid\u00e9r\u00e9 comme l\u2019une des grandes figures de la photographie de mode du XX<sup>e<\/sup> si\u00e8cle. Certaines images iconiques, comme Mainbocher Corset (1939), les photos des costumes con\u00e7us par Salvador Dal\u00ed et Coco Chanel pour le ballet <em>Bacchanale<\/em> (1939), ou encore d\u2019inoubliables portraits d\u2019artistes, de cr\u00e9ateurs de mode, de c\u00e9l\u00e9brit\u00e9s et d\u2019ic\u00f4nes de style font aujourd\u2019hui partie de l\u2019imaginaire collectif et ont fortement contribu\u00e9 \u00e0 fa\u00e7onner l\u2019esth\u00e9tique de la mode et du portrait photographique de l\u2019\u00e9poque.<\/p>\n\n\n\n<button id=\"button-ext-presentacio\" class=\"expand\" title=\"Lire la biographie\">\n<span class=\"text-expand\">En savoir plus<\/span>\n<\/button>\n<\/div>\n\n\n\n<div class=\"wp-block-column is-layout-flow wp-block-column-is-layout-flow\" style=\"flex-basis:40%\">\n<figure class=\"wp-block-image size-large image\"><img loading=\"lazy\" decoding=\"async\" width=\"819\" height=\"1024\" src=\"https:\/\/horst.salvador-dali.org\/wp-content\/uploads\/2026\/02\/biografia-819x1024.webp\" alt=\"\" class=\"wp-image-2296\" srcset=\"https:\/\/horst.salvador-dali.org\/wp-content\/uploads\/2026\/02\/biografia-819x1024.webp 819w, https:\/\/horst.salvador-dali.org\/wp-content\/uploads\/2026\/02\/biografia-240x300.webp 240w, https:\/\/horst.salvador-dali.org\/wp-content\/uploads\/2026\/02\/biografia-768x960.webp 768w, https:\/\/horst.salvador-dali.org\/wp-content\/uploads\/2026\/02\/biografia-1229x1536.webp 1229w, https:\/\/horst.salvador-dali.org\/wp-content\/uploads\/2026\/02\/biografia-1638x2048.webp 1638w, https:\/\/horst.salvador-dali.org\/wp-content\/uploads\/2026\/02\/biografia.webp 2048w\" sizes=\"auto, (max-width: 819px) 100vw, 819px\" \/><\/figure>\n<\/div>\n<\/div>\n\n\n\n<div class=\"wp-block-columns expand-content llegir-mes is-layout-flex wp-container-core-columns-is-layout-9d6595d7 wp-block-columns-is-layout-flex\" id=\"ext-presentacio\">\n<div class=\"wp-block-column is-layout-flow wp-block-column-is-layout-flow\">\n<button class=\"expanded-close\"><\/button>\n\n\n\n<p>Horst Paul Albert Bohrmann na\u00eet en 1906 \u00e0 Weissenfels (Allemagne), au sein d\u2019une famille de commer\u00e7ants prosp\u00e8re et cultiv\u00e9e. Il fait des \u00e9tudes d\u2019architecture, \u00e0 Hambourg, jusqu\u2019en 1930. Cette ann\u00e9e-l\u00e0, pouss\u00e9 par son esprit d\u2019aventure et une profonde qu\u00eate de beaut\u00e9, il s\u2019installe \u00e0 Paris pour travailler comme apprenti au sein de l\u2019atelier de Le Corbusier. L\u2019exp\u00e9rience se r\u00e9v\u00e8le peu stimulante pour le jeune \u00e9tudiant, mais elle lui permet d\u2019\u00e9largir son cercle d\u2019amis et d\u2019arpenter pendant des heures les mus\u00e9es et galeries de la ville. Il fait bient\u00f4t la connaissance du baron George Hoyningen-Huene, alors photographe vedette de&nbsp;<em>Vogue<\/em>, qui devient son mentor et lui ouvre les portes des milieux cr\u00e9atifs et intellectuels parisiens, particuli\u00e8rement dynamiques. Sous l\u2019influence de Hoyningen-Huene, Horst d\u00e9couvre sa v\u00e9ritable vocation et d\u00e9cide de se consacrer \u00e0 la photographie, jusqu\u2019\u00e0 devenir l\u2019un des photographes les plus embl\u00e9matiques de l\u2019univers Cond\u00e9 Nast, le grand empire \u00e9ditorial de magazines tels que&nbsp;<em>Vogue<\/em>&nbsp;et&nbsp;<em>Vanity Fair.<\/em><\/p>\n\n\n\n<p>Ses travaux pour&nbsp;<em>Vogue<\/em>&nbsp;t\u00e9moignent de l\u2019acuit\u00e9 de son regard. Dot\u00e9 d\u2019une grande culture et particuli\u00e8rement sensible \u00e0 l\u2019esth\u00e9tique classique comme au surr\u00e9alisme, il a su montrer la beaut\u00e9 durant l\u2019une des p\u00e9riodes les plus sombres du si\u00e8cle dernier, marqu\u00e9e par la guerre et l\u2019incertitude. Son \u0153uvre, profond\u00e9ment \u00e9vocatrice, fond\u00e9e sur une ma\u00eetrise subtile de la lumi\u00e8re, de la composition et du geste, a fait r\u00eaver toute une g\u00e9n\u00e9ration de lecteurs et de cr\u00e9ateurs. Par cette \u0153uvre, Horst a pos\u00e9 les bases d\u2019un id\u00e9al de beaut\u00e9 moderne, sophistiqu\u00e9 et intemporel.<\/p>\n<\/div>\n<\/div>\n\n\n\n<div class=\"wp-block-columns cita is-layout-flex wp-container-core-columns-is-layout-9d6595d7 wp-block-columns-is-layout-flex\">\n<div class=\"wp-block-column container is-layout-flow wp-block-column-is-layout-flow\">\n<blockquote class=\"wp-block-quote is-layout-flow wp-block-quote-is-layout-flow\">\n<p class=\"has-text-align-center\"><strong>\u00ab Horst r\u00e9alisait les images de femmes les plus belles et les plus romantiques. Hoyningen-Huene en faisait de plus puissantes. Avedon et moi de plus \u00e9tranges, mais les siennes \u00e9taient toujours empreintes d\u2019amour et de respect. \u00bb<\/strong><\/p>\n<\/blockquote>\n\n\n\n<p class=\"has-text-align-center dali\"><strong>IRVING PENN, photographe<\/strong><\/p>\n<\/div>\n<\/div>\n","protected":false},"excerpt":{"rendered":"<p>Pr\u00e9sentation Dal\u00ed\/Horst.\u00a0Regards crois\u00e9s\u00a0 \u00c0 la fin des ann\u00e9es 1930,&nbsp;Salvador&nbsp;Dal\u00ed&nbsp;et&nbsp;le photographe de&nbsp;Vogue&nbsp;Horst P. Horst&nbsp;\u00e9voluent dans les&nbsp;m\u00eames milieux, o\u00f9 ils partagent amiti\u00e9s et complicit\u00e9s.&nbsp;\u00c0&nbsp;Paris,&nbsp;ils fr\u00e9quentent des artistes, des couturiers, des designers,&nbsp;des architectes et des intellectuels&nbsp;qui marqueront leur parcours de mani\u00e8re d\u00e9cisive et les inspireront dans l\u2019\u00e9laboration d\u2019un langage personnel.&nbsp; L\u2019exposition invite \u00e0 d\u00e9couvrir la vision de ces [&#8230;]<\/p>\n<p><a class=\"btn btn-secondary understrap-read-more-link\" href=\"https:\/\/horst.salvador-dali.org\/fr\/\">Lire la suite\u2026<span class=\"screen-reader-text\"> from Accueil<\/span><\/a><\/p>\n","protected":false},"author":6,"featured_media":2754,"parent":0,"menu_order":14,"comment_status":"closed","ping_status":"closed","template":"","meta":{"_acf_changed":false,"inline_featured_image":false,"footnotes":""},"class_list":["post-2500","page","type-page","status-publish","has-post-thumbnail","hentry"],"acf":[],"yoast_head":"<!-- This site is optimized with the Yoast SEO plugin v27.4 - https:\/\/yoast.com\/product\/yoast-seo-wordpress\/ -->\n<title>Dal\u00ed\/Horst | Fundaci\u00f3 Gala - Salvador Dal\u00ed<\/title>\n<meta name=\"description\" content=\"L\u2019exposition Dal\u00ed\/Horst. Regards crois\u00e9s, au Ch\u00e2teau Gala Dal\u00ed de P\u00fabol, examine la relation professionnelle et les complicit\u00e9s cr\u00e9atives entre Salvador Dal\u00ed et Horst P. Horst \u00e0 travers des projets communs, des portraits et des influences mutuelles d\u00e9velopp\u00e9s sur plusieurs d\u00e9cennies. L\u2019exposition propose une r\u00e9flexion sur l\u2019acte de regarder et sur la construction d\u2019un univers visuel qui demeure une r\u00e9f\u00e9rence cl\u00e9 tant dans l\u2019art que dans la mode actuelle.\" \/>\n<meta name=\"robots\" content=\"index, follow, max-snippet:-1, max-image-preview:large, max-video-preview:-1\" \/>\n<link rel=\"canonical\" href=\"https:\/\/horst.salvador-dali.org\/fr\/\" \/>\n<meta property=\"og:locale\" content=\"fr_FR\" \/>\n<meta property=\"og:type\" content=\"article\" \/>\n<meta property=\"og:title\" content=\"Dal\u00ed\/Horst | Fundaci\u00f3 Gala - Salvador Dal\u00ed\" \/>\n<meta property=\"og:description\" content=\"L\u2019exposition Dal\u00ed\/Horst. Regards crois\u00e9s, au Ch\u00e2teau Gala Dal\u00ed de P\u00fabol, examine la relation professionnelle et les complicit\u00e9s cr\u00e9atives entre Salvador Dal\u00ed et Horst P. Horst \u00e0 travers des projets communs, des portraits et des influences mutuelles d\u00e9velopp\u00e9s sur plusieurs d\u00e9cennies. L\u2019exposition propose une r\u00e9flexion sur l\u2019acte de regarder et sur la construction d\u2019un univers visuel qui demeure une r\u00e9f\u00e9rence cl\u00e9 tant dans l\u2019art que dans la mode actuelle.\" \/>\n<meta property=\"og:url\" content=\"https:\/\/horst.salvador-dali.org\/fr\/\" \/>\n<meta property=\"og:site_name\" content=\"Dal\u00ed\/Horst\" \/>\n<meta property=\"article:publisher\" content=\"https:\/\/www.facebook.com\/MuseusDali\" \/>\n<meta property=\"article:modified_time\" content=\"2026-03-03T17:27:09+00:00\" \/>\n<meta property=\"og:image\" content=\"https:\/\/horst.salvador-dali.org\/wp-content\/uploads\/2026\/02\/2603_resized-Personalizado.jpg\" \/>\n\t<meta property=\"og:image:width\" content=\"1920\" \/>\n\t<meta property=\"og:image:height\" content=\"1496\" \/>\n\t<meta property=\"og:image:type\" content=\"image\/jpeg\" \/>\n<meta name=\"twitter:card\" content=\"summary_large_image\" \/>\n<meta name=\"twitter:site\" content=\"@MuseuDali\" \/>\n<meta name=\"twitter:label1\" content=\"Dur\u00e9e de lecture estim\u00e9e\" \/>\n\t<meta name=\"twitter:data1\" content=\"5 minutes\" \/>\n<script type=\"application\/ld+json\" class=\"yoast-schema-graph\">{\"@context\":\"https:\\\/\\\/schema.org\",\"@graph\":[{\"@type\":\"WebPage\",\"@id\":\"https:\\\/\\\/horst.salvador-dali.org\\\/fr\\\/\",\"url\":\"https:\\\/\\\/horst.salvador-dali.org\\\/fr\\\/\",\"name\":\"Dal\u00ed\\\/Horst | Fundaci\u00f3 Gala - Salvador Dal\u00ed\",\"isPartOf\":{\"@id\":\"https:\\\/\\\/horst.salvador-dali.org\\\/fr\\\/#website\"},\"primaryImageOfPage\":{\"@id\":\"https:\\\/\\\/horst.salvador-dali.org\\\/fr\\\/#primaryimage\"},\"image\":{\"@id\":\"https:\\\/\\\/horst.salvador-dali.org\\\/fr\\\/#primaryimage\"},\"thumbnailUrl\":\"https:\\\/\\\/horst.salvador-dali.org\\\/wp-content\\\/uploads\\\/2026\\\/02\\\/2603_resized-Personalizado.jpg\",\"datePublished\":\"2025-05-25T07:12:22+00:00\",\"dateModified\":\"2026-03-03T17:27:09+00:00\",\"description\":\"L\u2019exposition Dal\u00ed\\\/Horst. Regards crois\u00e9s, au Ch\u00e2teau Gala Dal\u00ed de P\u00fabol, examine la relation professionnelle et les complicit\u00e9s cr\u00e9atives entre Salvador Dal\u00ed et Horst P. Horst \u00e0 travers des projets communs, des portraits et des influences mutuelles d\u00e9velopp\u00e9s sur plusieurs d\u00e9cennies. L\u2019exposition propose une r\u00e9flexion sur l\u2019acte de regarder et sur la construction d\u2019un univers visuel qui demeure une r\u00e9f\u00e9rence cl\u00e9 tant dans l\u2019art que dans la mode actuelle.\",\"breadcrumb\":{\"@id\":\"https:\\\/\\\/horst.salvador-dali.org\\\/fr\\\/#breadcrumb\"},\"inLanguage\":\"fr-FR\",\"potentialAction\":[{\"@type\":\"ReadAction\",\"target\":[\"https:\\\/\\\/horst.salvador-dali.org\\\/fr\\\/\"]}]},{\"@type\":\"ImageObject\",\"inLanguage\":\"fr-FR\",\"@id\":\"https:\\\/\\\/horst.salvador-dali.org\\\/fr\\\/#primaryimage\",\"url\":\"https:\\\/\\\/horst.salvador-dali.org\\\/wp-content\\\/uploads\\\/2026\\\/02\\\/2603_resized-Personalizado.jpg\",\"contentUrl\":\"https:\\\/\\\/horst.salvador-dali.org\\\/wp-content\\\/uploads\\\/2026\\\/02\\\/2603_resized-Personalizado.jpg\",\"width\":1920,\"height\":1496,\"caption\":\"Horst P. Horst, Gala, 1943. Tirage d\u2019\u00e9poque. Arxiu Fundaci\u00f3 Gala-Salvador Dal\u00ed\"},{\"@type\":\"BreadcrumbList\",\"@id\":\"https:\\\/\\\/horst.salvador-dali.org\\\/fr\\\/#breadcrumb\",\"itemListElement\":[{\"@type\":\"ListItem\",\"position\":1,\"name\":\"Inici\",\"item\":\"https:\\\/\\\/horst.salvador-dali.org\\\/fr\\\/\"},{\"@type\":\"ListItem\",\"position\":2,\"name\":\"Accueil\"}]},{\"@type\":\"WebSite\",\"@id\":\"https:\\\/\\\/horst.salvador-dali.org\\\/fr\\\/#website\",\"url\":\"https:\\\/\\\/horst.salvador-dali.org\\\/fr\\\/\",\"name\":\"Dal\u00ed\\\/Horst - Mirades creuades\",\"description\":\"\",\"potentialAction\":[{\"@type\":\"SearchAction\",\"target\":{\"@type\":\"EntryPoint\",\"urlTemplate\":\"https:\\\/\\\/horst.salvador-dali.org\\\/fr\\\/?s={search_term_string}\"},\"query-input\":{\"@type\":\"PropertyValueSpecification\",\"valueRequired\":true,\"valueName\":\"search_term_string\"}}],\"inLanguage\":\"fr-FR\"}]}<\/script>\n<!-- \/ Yoast SEO plugin. -->","yoast_head_json":{"title":"Dal\u00ed\/Horst | Fundaci\u00f3 Gala - Salvador Dal\u00ed","description":"L\u2019exposition Dal\u00ed\/Horst. Regards crois\u00e9s, au Ch\u00e2teau Gala Dal\u00ed de P\u00fabol, examine la relation professionnelle et les complicit\u00e9s cr\u00e9atives entre Salvador Dal\u00ed et Horst P. Horst \u00e0 travers des projets communs, des portraits et des influences mutuelles d\u00e9velopp\u00e9s sur plusieurs d\u00e9cennies. L\u2019exposition propose une r\u00e9flexion sur l\u2019acte de regarder et sur la construction d\u2019un univers visuel qui demeure une r\u00e9f\u00e9rence cl\u00e9 tant dans l\u2019art que dans la mode actuelle.","robots":{"index":"index","follow":"follow","max-snippet":"max-snippet:-1","max-image-preview":"max-image-preview:large","max-video-preview":"max-video-preview:-1"},"canonical":"https:\/\/horst.salvador-dali.org\/fr\/","og_locale":"fr_FR","og_type":"article","og_title":"Dal\u00ed\/Horst | Fundaci\u00f3 Gala - Salvador Dal\u00ed","og_description":"L\u2019exposition Dal\u00ed\/Horst. Regards crois\u00e9s, au Ch\u00e2teau Gala Dal\u00ed de P\u00fabol, examine la relation professionnelle et les complicit\u00e9s cr\u00e9atives entre Salvador Dal\u00ed et Horst P. Horst \u00e0 travers des projets communs, des portraits et des influences mutuelles d\u00e9velopp\u00e9s sur plusieurs d\u00e9cennies. L\u2019exposition propose une r\u00e9flexion sur l\u2019acte de regarder et sur la construction d\u2019un univers visuel qui demeure une r\u00e9f\u00e9rence cl\u00e9 tant dans l\u2019art que dans la mode actuelle.","og_url":"https:\/\/horst.salvador-dali.org\/fr\/","og_site_name":"Dal\u00ed\/Horst","article_publisher":"https:\/\/www.facebook.com\/MuseusDali","article_modified_time":"2026-03-03T17:27:09+00:00","og_image":[{"width":1920,"height":1496,"url":"https:\/\/horst.salvador-dali.org\/wp-content\/uploads\/2026\/02\/2603_resized-Personalizado.jpg","type":"image\/jpeg"}],"twitter_card":"summary_large_image","twitter_site":"@MuseuDali","twitter_misc":{"Dur\u00e9e de lecture estim\u00e9e":"5 minutes"},"schema":{"@context":"https:\/\/schema.org","@graph":[{"@type":"WebPage","@id":"https:\/\/horst.salvador-dali.org\/fr\/","url":"https:\/\/horst.salvador-dali.org\/fr\/","name":"Dal\u00ed\/Horst | Fundaci\u00f3 Gala - Salvador Dal\u00ed","isPartOf":{"@id":"https:\/\/horst.salvador-dali.org\/fr\/#website"},"primaryImageOfPage":{"@id":"https:\/\/horst.salvador-dali.org\/fr\/#primaryimage"},"image":{"@id":"https:\/\/horst.salvador-dali.org\/fr\/#primaryimage"},"thumbnailUrl":"https:\/\/horst.salvador-dali.org\/wp-content\/uploads\/2026\/02\/2603_resized-Personalizado.jpg","datePublished":"2025-05-25T07:12:22+00:00","dateModified":"2026-03-03T17:27:09+00:00","description":"L\u2019exposition Dal\u00ed\/Horst. Regards crois\u00e9s, au Ch\u00e2teau Gala Dal\u00ed de P\u00fabol, examine la relation professionnelle et les complicit\u00e9s cr\u00e9atives entre Salvador Dal\u00ed et Horst P. Horst \u00e0 travers des projets communs, des portraits et des influences mutuelles d\u00e9velopp\u00e9s sur plusieurs d\u00e9cennies. L\u2019exposition propose une r\u00e9flexion sur l\u2019acte de regarder et sur la construction d\u2019un univers visuel qui demeure une r\u00e9f\u00e9rence cl\u00e9 tant dans l\u2019art que dans la mode actuelle.","breadcrumb":{"@id":"https:\/\/horst.salvador-dali.org\/fr\/#breadcrumb"},"inLanguage":"fr-FR","potentialAction":[{"@type":"ReadAction","target":["https:\/\/horst.salvador-dali.org\/fr\/"]}]},{"@type":"ImageObject","inLanguage":"fr-FR","@id":"https:\/\/horst.salvador-dali.org\/fr\/#primaryimage","url":"https:\/\/horst.salvador-dali.org\/wp-content\/uploads\/2026\/02\/2603_resized-Personalizado.jpg","contentUrl":"https:\/\/horst.salvador-dali.org\/wp-content\/uploads\/2026\/02\/2603_resized-Personalizado.jpg","width":1920,"height":1496,"caption":"Horst P. Horst, Gala, 1943. Tirage d\u2019\u00e9poque. Arxiu Fundaci\u00f3 Gala-Salvador Dal\u00ed"},{"@type":"BreadcrumbList","@id":"https:\/\/horst.salvador-dali.org\/fr\/#breadcrumb","itemListElement":[{"@type":"ListItem","position":1,"name":"Inici","item":"https:\/\/horst.salvador-dali.org\/fr\/"},{"@type":"ListItem","position":2,"name":"Accueil"}]},{"@type":"WebSite","@id":"https:\/\/horst.salvador-dali.org\/fr\/#website","url":"https:\/\/horst.salvador-dali.org\/fr\/","name":"Dal\u00ed\/Horst - Mirades creuades","description":"","potentialAction":[{"@type":"SearchAction","target":{"@type":"EntryPoint","urlTemplate":"https:\/\/horst.salvador-dali.org\/fr\/?s={search_term_string}"},"query-input":{"@type":"PropertyValueSpecification","valueRequired":true,"valueName":"search_term_string"}}],"inLanguage":"fr-FR"}]}},"_links":{"self":[{"href":"https:\/\/horst.salvador-dali.org\/fr\/wp-json\/wp\/v2\/pages\/2500","targetHints":{"allow":["GET"]}}],"collection":[{"href":"https:\/\/horst.salvador-dali.org\/fr\/wp-json\/wp\/v2\/pages"}],"about":[{"href":"https:\/\/horst.salvador-dali.org\/fr\/wp-json\/wp\/v2\/types\/page"}],"author":[{"embeddable":true,"href":"https:\/\/horst.salvador-dali.org\/fr\/wp-json\/wp\/v2\/users\/6"}],"replies":[{"embeddable":true,"href":"https:\/\/horst.salvador-dali.org\/fr\/wp-json\/wp\/v2\/comments?post=2500"}],"version-history":[{"count":16,"href":"https:\/\/horst.salvador-dali.org\/fr\/wp-json\/wp\/v2\/pages\/2500\/revisions"}],"predecessor-version":[{"id":2919,"href":"https:\/\/horst.salvador-dali.org\/fr\/wp-json\/wp\/v2\/pages\/2500\/revisions\/2919"}],"wp:featuredmedia":[{"embeddable":true,"href":"https:\/\/horst.salvador-dali.org\/fr\/wp-json\/wp\/v2\/media\/2754"}],"wp:attachment":[{"href":"https:\/\/horst.salvador-dali.org\/fr\/wp-json\/wp\/v2\/media?parent=2500"}],"curies":[{"name":"wp","href":"https:\/\/api.w.org\/{rel}","templated":true}]}}