{"id":2928,"date":"2026-02-13T21:08:06","date_gmt":"2026-02-13T20:08:06","guid":{"rendered":"https:\/\/horst.salvador-dali.org\/credits\/"},"modified":"2026-03-03T11:54:34","modified_gmt":"2026-03-03T10:54:34","slug":"creditos","status":"publish","type":"page","link":"https:\/\/horst.salvador-dali.org\/es\/creditos\/","title":{"rendered":"Creditos"},"content":{"rendered":"\n<div style=\"height:50px\" aria-hidden=\"true\" class=\"wp-block-spacer\"><\/div>\n\n\n\n<div class=\"wp-block-columns pag-credits is-layout-flex wp-container-core-columns-is-layout-9d6595d7 wp-block-columns-is-layout-flex\">\n<div class=\"wp-block-column pag-credits is-layout-flow wp-block-column-is-layout-flow\">\n<p><strong>EXPOSICI\u00d3N<\/strong><\/p>\n\n\n\n<p>COMISARIADO<br>Rosa Maria Maurell y Bea Crespo<br>Con la direcci\u00f3n cient\u00edfica de Montse Aguer Teixidor<\/p>\n\n\n\n<p>Documentaci\u00f3n y coordinaci\u00f3n: Centre d\u2019Estudis Dalinians<br>Dise\u00f1o: Pep Canaleta, 3carme33<br>Contenido gr\u00e1fico: Alex Gifreu<br>Conservaci\u00f3n preventiva: Irene Civil, Elisenda Aragon\u00e9s, Laura Feliz, Josep Maria Guillamet<br>Registro: Adriana Francescutto<br>Comunicaci\u00f3n: Imma Parada<br>Transformaci\u00f3n digital: Pere Gal\u00e1n<br>Gesti\u00f3n de derechos: Mercedes Aznar<br>Montaje: Roger Ferrer, Ferran Ortega<\/p>\n\n\n\n<div style=\"height:50px\" aria-hidden=\"true\" class=\"wp-block-spacer\"><\/div>\n\n\n\n<div style=\"height:50px\" aria-hidden=\"true\" class=\"wp-block-spacer\"><\/div>\n\n\n\n<p><strong>COPYRIGHTS<\/strong><br><br>De los textos: sus autores<\/p>\n\n\n\n<p>De las fotograf\u00edas de Horst P. Horst:<br><strong>Courtesy of \u00a9 thehorstestate \/ \u00a9 cond\u00e9nast, 2026<\/strong><\/p>\n\n\n\n<p><strong>Horst P. Horst, Vogue \u00a9 Cond\u00e9 Nast<\/strong><br>De las obras de Salvador Dal\u00ed:<br><strong>\u00a9 Salvador Dal\u00ed, Fundaci\u00f3 Gala-Salvador Dal\u00ed, Figueres, 2026<\/strong><br>De la imagen de Salvador Dal\u00ed:<br><strong>Drets d\u2019imatge de Salvador Dal\u00ed reservats. Fundaci\u00f3 Gala-Salvador Dal\u00ed, Figueres, 2026<\/strong><\/p>\n\n\n\n<p>Programaci\u00f3n web, dise\u00f1o y gesti\u00f3n de proyecto:\u00a0<a href=\"https:\/\/latempesta.cc\/es\" target=\"_blank\" rel=\"noreferrer noopener\">La Tempesta<\/a><\/p>\n\n\n\n<p>Marzo 2026<\/p>\n<\/div>\n<\/div>\n","protected":false},"excerpt":{"rendered":"<p>EXPOSICI\u00d3N COMISARIADORosa Maria Maurell y Bea CrespoCon la direcci\u00f3n cient\u00edfica de Montse Aguer Teixidor Documentaci\u00f3n y coordinaci\u00f3n: Centre d\u2019Estudis DaliniansDise\u00f1o: Pep Canaleta, 3carme33Contenido gr\u00e1fico: Alex GifreuConservaci\u00f3n preventiva: Irene Civil, Elisenda Aragon\u00e9s, Laura Feliz, Josep Maria GuillametRegistro: Adriana FrancescuttoComunicaci\u00f3n: Imma ParadaTransformaci\u00f3n digital: Pere Gal\u00e1nGesti\u00f3n de derechos: Mercedes AznarMontaje: Roger Ferrer, Ferran Ortega COPYRIGHTS De los textos: [&#8230;]<\/p>\n<p><a class=\"btn btn-secondary understrap-read-more-link\" href=\"https:\/\/horst.salvador-dali.org\/es\/creditos\/\">Leer m\u00e1s&#8230;<span class=\"screen-reader-text\"> from Creditos<\/span><\/a><\/p>\n","protected":false},"author":7,"featured_media":0,"parent":0,"menu_order":0,"comment_status":"closed","ping_status":"closed","template":"page-templates\/page-fosc.php","meta":{"_acf_changed":false,"inline_featured_image":false,"footnotes":""},"class_list":["post-2928","page","type-page","status-publish","hentry"],"acf":[],"yoast_head":"<!-- This site is optimized with the Yoast SEO plugin v27.4 - https:\/\/yoast.com\/product\/yoast-seo-wordpress\/ -->\n<title>Creditos - Dal\u00ed\/Horst<\/title>\n<meta name=\"robots\" content=\"noindex, nofollow\" \/>\n<meta property=\"og:locale\" content=\"es_ES\" \/>\n<meta property=\"og:type\" content=\"article\" \/>\n<meta property=\"og:title\" content=\"Creditos - Dal\u00ed\/Horst\" \/>\n<meta property=\"og:description\" content=\"EXPOSICI\u00d3N COMISARIADORosa Maria Maurell y Bea CrespoCon la direcci\u00f3n cient\u00edfica de Montse Aguer Teixidor Documentaci\u00f3n y coordinaci\u00f3n: Centre d\u2019Estudis DaliniansDise\u00f1o: Pep Canaleta, 3carme33Contenido gr\u00e1fico: Alex GifreuConservaci\u00f3n preventiva: Irene Civil, Elisenda Aragon\u00e9s, Laura Feliz, Josep Maria GuillametRegistro: Adriana FrancescuttoComunicaci\u00f3n: Imma ParadaTransformaci\u00f3n digital: Pere Gal\u00e1nGesti\u00f3n de derechos: Mercedes AznarMontaje: Roger Ferrer, Ferran Ortega COPYRIGHTS De los textos: [...]Leer m\u00e1s... from Creditos\" \/>\n<meta property=\"og:url\" content=\"https:\/\/horst.salvador-dali.org\/es\/creditos\/\" \/>\n<meta property=\"og:site_name\" content=\"Dal\u00ed\/Horst\" \/>\n<meta property=\"article:publisher\" content=\"https:\/\/www.facebook.com\/MuseusDali\" \/>\n<meta property=\"article:modified_time\" content=\"2026-03-03T10:54:34+00:00\" \/>\n<meta name=\"twitter:card\" content=\"summary_large_image\" \/>\n<meta name=\"twitter:site\" content=\"@MuseuDali\" \/>\n<meta name=\"twitter:label1\" content=\"Tiempo de lectura\" \/>\n\t<meta name=\"twitter:data1\" content=\"1 minuto\" \/>\n<script type=\"application\/ld+json\" class=\"yoast-schema-graph\">{\"@context\":\"https:\\\/\\\/schema.org\",\"@graph\":[{\"@type\":\"WebPage\",\"@id\":\"https:\\\/\\\/horst.salvador-dali.org\\\/es\\\/creditos\\\/\",\"url\":\"https:\\\/\\\/horst.salvador-dali.org\\\/es\\\/creditos\\\/\",\"name\":\"Creditos - Dal\u00ed\\\/Horst\",\"isPartOf\":{\"@id\":\"https:\\\/\\\/horst.salvador-dali.org\\\/es\\\/#website\"},\"datePublished\":\"2026-02-13T20:08:06+00:00\",\"dateModified\":\"2026-03-03T10:54:34+00:00\",\"breadcrumb\":{\"@id\":\"https:\\\/\\\/horst.salvador-dali.org\\\/es\\\/creditos\\\/#breadcrumb\"},\"inLanguage\":\"es\",\"potentialAction\":[{\"@type\":\"ReadAction\",\"target\":[\"https:\\\/\\\/horst.salvador-dali.org\\\/es\\\/creditos\\\/\"]}]},{\"@type\":\"BreadcrumbList\",\"@id\":\"https:\\\/\\\/horst.salvador-dali.org\\\/es\\\/creditos\\\/#breadcrumb\",\"itemListElement\":[{\"@type\":\"ListItem\",\"position\":1,\"name\":\"Inici\",\"item\":\"https:\\\/\\\/horst.salvador-dali.org\\\/es\\\/\"},{\"@type\":\"ListItem\",\"position\":2,\"name\":\"Creditos\"}]},{\"@type\":\"WebSite\",\"@id\":\"https:\\\/\\\/horst.salvador-dali.org\\\/es\\\/#website\",\"url\":\"https:\\\/\\\/horst.salvador-dali.org\\\/es\\\/\",\"name\":\"Dal\u00ed\\\/Horst - Mirades creuades\",\"description\":\"\",\"potentialAction\":[{\"@type\":\"SearchAction\",\"target\":{\"@type\":\"EntryPoint\",\"urlTemplate\":\"https:\\\/\\\/horst.salvador-dali.org\\\/es\\\/?s={search_term_string}\"},\"query-input\":{\"@type\":\"PropertyValueSpecification\",\"valueRequired\":true,\"valueName\":\"search_term_string\"}}],\"inLanguage\":\"es\"}]}<\/script>\n<!-- \/ Yoast SEO plugin. -->","yoast_head_json":{"title":"Creditos - Dal\u00ed\/Horst","robots":{"index":"noindex","follow":"nofollow"},"og_locale":"es_ES","og_type":"article","og_title":"Creditos - Dal\u00ed\/Horst","og_description":"EXPOSICI\u00d3N COMISARIADORosa Maria Maurell y Bea CrespoCon la direcci\u00f3n cient\u00edfica de Montse Aguer Teixidor Documentaci\u00f3n y coordinaci\u00f3n: Centre d\u2019Estudis DaliniansDise\u00f1o: Pep Canaleta, 3carme33Contenido gr\u00e1fico: Alex GifreuConservaci\u00f3n preventiva: Irene Civil, Elisenda Aragon\u00e9s, Laura Feliz, Josep Maria GuillametRegistro: Adriana FrancescuttoComunicaci\u00f3n: Imma ParadaTransformaci\u00f3n digital: Pere Gal\u00e1nGesti\u00f3n de derechos: Mercedes AznarMontaje: Roger Ferrer, Ferran Ortega COPYRIGHTS De los textos: [...]Leer m\u00e1s... from Creditos","og_url":"https:\/\/horst.salvador-dali.org\/es\/creditos\/","og_site_name":"Dal\u00ed\/Horst","article_publisher":"https:\/\/www.facebook.com\/MuseusDali","article_modified_time":"2026-03-03T10:54:34+00:00","twitter_card":"summary_large_image","twitter_site":"@MuseuDali","twitter_misc":{"Tiempo de lectura":"1 minuto"},"schema":{"@context":"https:\/\/schema.org","@graph":[{"@type":"WebPage","@id":"https:\/\/horst.salvador-dali.org\/es\/creditos\/","url":"https:\/\/horst.salvador-dali.org\/es\/creditos\/","name":"Creditos - Dal\u00ed\/Horst","isPartOf":{"@id":"https:\/\/horst.salvador-dali.org\/es\/#website"},"datePublished":"2026-02-13T20:08:06+00:00","dateModified":"2026-03-03T10:54:34+00:00","breadcrumb":{"@id":"https:\/\/horst.salvador-dali.org\/es\/creditos\/#breadcrumb"},"inLanguage":"es","potentialAction":[{"@type":"ReadAction","target":["https:\/\/horst.salvador-dali.org\/es\/creditos\/"]}]},{"@type":"BreadcrumbList","@id":"https:\/\/horst.salvador-dali.org\/es\/creditos\/#breadcrumb","itemListElement":[{"@type":"ListItem","position":1,"name":"Inici","item":"https:\/\/horst.salvador-dali.org\/es\/"},{"@type":"ListItem","position":2,"name":"Creditos"}]},{"@type":"WebSite","@id":"https:\/\/horst.salvador-dali.org\/es\/#website","url":"https:\/\/horst.salvador-dali.org\/es\/","name":"Dal\u00ed\/Horst - Mirades creuades","description":"","potentialAction":[{"@type":"SearchAction","target":{"@type":"EntryPoint","urlTemplate":"https:\/\/horst.salvador-dali.org\/es\/?s={search_term_string}"},"query-input":{"@type":"PropertyValueSpecification","valueRequired":true,"valueName":"search_term_string"}}],"inLanguage":"es"}]}},"_links":{"self":[{"href":"https:\/\/horst.salvador-dali.org\/es\/wp-json\/wp\/v2\/pages\/2928","targetHints":{"allow":["GET"]}}],"collection":[{"href":"https:\/\/horst.salvador-dali.org\/es\/wp-json\/wp\/v2\/pages"}],"about":[{"href":"https:\/\/horst.salvador-dali.org\/es\/wp-json\/wp\/v2\/types\/page"}],"author":[{"embeddable":true,"href":"https:\/\/horst.salvador-dali.org\/es\/wp-json\/wp\/v2\/users\/7"}],"replies":[{"embeddable":true,"href":"https:\/\/horst.salvador-dali.org\/es\/wp-json\/wp\/v2\/comments?post=2928"}],"version-history":[{"count":4,"href":"https:\/\/horst.salvador-dali.org\/es\/wp-json\/wp\/v2\/pages\/2928\/revisions"}],"predecessor-version":[{"id":2942,"href":"https:\/\/horst.salvador-dali.org\/es\/wp-json\/wp\/v2\/pages\/2928\/revisions\/2942"}],"wp:attachment":[{"href":"https:\/\/horst.salvador-dali.org\/es\/wp-json\/wp\/v2\/media?parent=2928"}],"curies":[{"name":"wp","href":"https:\/\/api.w.org\/{rel}","templated":true}]}}