{"id":2589,"date":"2026-02-24T13:13:12","date_gmt":"2026-02-24T12:13:12","guid":{"rendered":"https:\/\/horst.salvador-dali.org\/obra\/vogue\/"},"modified":"2026-03-02T11:12:11","modified_gmt":"2026-03-02T10:12:11","slug":"vogue","status":"publish","type":"page","link":"https:\/\/horst.salvador-dali.org\/es\/obra\/vogue\/","title":{"rendered":"Vogue"},"content":{"rendered":"\n<div class=\"wp-block-columns is-layout-flex wp-container-core-columns-is-layout-9d6595d7 wp-block-columns-is-layout-flex\">\n<div class=\"wp-block-column is-layout-flow wp-block-column-is-layout-flow\" style=\"flex-basis:40%\">\n<h1 class=\"wp-block-heading has-x-large-font-size\"><strong><em>VOGUE<\/em><\/strong><\/h1>\n\n\n\n<p class=\"has-medium-font-size\">A partir de los a\u00f1os veinte, revistas como <em>Vogue <\/em>se encargan de difundir el <em>chic<\/em> franc\u00e9s m\u00e1s all\u00e1 de Par\u00eds, y lo hacen a trav\u00e9s de la fotograf\u00eda de moda, que se convierte en un potente instrumento de promoci\u00f3n comercial. Paralelamente, con las vanguardias art\u00edsticas, el arte sale de los museos y se abre paso en otras disciplinas. En este contexto, la alianza entre la moda y el surrealismo se vuelve natural y prol\u00edfica. La subversi\u00f3n de la realidad y el elemento on\u00edrico, rasgos de identidad del movimiento \u2014con Dal\u00ed como una de las figuras m\u00e1s visibles\u2014, se transforman en una fuente de inspiraci\u00f3n de primer orden y en un eficaz reclamo publicitario.<\/p>\n<\/div>\n\n\n\n<div class=\"wp-block-column is-layout-flow wp-block-column-is-layout-flow\" style=\"flex-basis:7%\"><\/div>\n\n\n\n<div class=\"wp-block-column is-vertically-aligned-bottom peufoto is-layout-flow wp-block-column-is-layout-flow\" style=\"flex-basis:13%\"><\/div>\n\n\n\n<div class=\"wp-block-column is-layout-flow wp-block-column-is-layout-flow\" style=\"flex-basis:40%\"><\/div>\n<\/div>\n\n\n\n<div class=\"wp-block-columns is-layout-flex wp-container-core-columns-is-layout-9d6595d7 wp-block-columns-is-layout-flex\">\n<div class=\"wp-block-column is-layout-flow wp-block-column-is-layout-flow\" style=\"flex-basis:80%\">\n<figure data-wp-context=\"{&quot;imageId&quot;:&quot;69e76813e9506&quot;}\" data-wp-interactive=\"core\/image\" data-wp-key=\"69e76813e9506\" class=\"wp-block-image size-full caption-dreta wp-lightbox-container\"><img loading=\"lazy\" decoding=\"async\" width=\"1920\" height=\"1298\" data-wp-class--hide=\"state.isContentHidden\" data-wp-class--show=\"state.isContentVisible\" data-wp-init=\"callbacks.setButtonStyles\" data-wp-on--click=\"actions.showLightbox\" data-wp-on--load=\"callbacks.setButtonStyles\" data-wp-on-window--resize=\"callbacks.setButtonStyles\" src=\"https:\/\/horst.salvador-dali.org\/wp-content\/uploads\/2026\/02\/4131-Personalizado.jpg\" alt=\"\" class=\"wp-image-2432\" srcset=\"https:\/\/horst.salvador-dali.org\/wp-content\/uploads\/2026\/02\/4131-Personalizado.jpg 1920w, https:\/\/horst.salvador-dali.org\/wp-content\/uploads\/2026\/02\/4131-Personalizado-300x203.jpg 300w, https:\/\/horst.salvador-dali.org\/wp-content\/uploads\/2026\/02\/4131-Personalizado-1024x692.jpg 1024w, https:\/\/horst.salvador-dali.org\/wp-content\/uploads\/2026\/02\/4131-Personalizado-768x519.jpg 768w, https:\/\/horst.salvador-dali.org\/wp-content\/uploads\/2026\/02\/4131-Personalizado-1536x1038.jpg 1536w\" sizes=\"auto, (max-width: 1920px) 100vw, 1920px\" \/><button\n\t\t\tclass=\"lightbox-trigger\"\n\t\t\ttype=\"button\"\n\t\t\taria-haspopup=\"dialog\"\n\t\t\taria-label=\"Agrandar\"\n\t\t\tdata-wp-init=\"callbacks.initTriggerButton\"\n\t\t\tdata-wp-on--click=\"actions.showLightbox\"\n\t\t\tdata-wp-style--right=\"state.imageButtonRight\"\n\t\t\tdata-wp-style--top=\"state.imageButtonTop\"\n\t\t>\n\t\t\t<svg xmlns=\"http:\/\/www.w3.org\/2000\/svg\" width=\"12\" height=\"12\" fill=\"none\" viewBox=\"0 0 12 12\">\n\t\t\t\t<path fill=\"#fff\" d=\"M2 0a2 2 0 0 0-2 2v2h1.5V2a.5.5 0 0 1 .5-.5h2V0H2Zm2 10.5H2a.5.5 0 0 1-.5-.5V8H0v2a2 2 0 0 0 2 2h2v-1.5ZM8 12v-1.5h2a.5.5 0 0 0 .5-.5V8H12v2a2 2 0 0 1-2 2H8Zm2-12a2 2 0 0 1 2 2v2h-1.5V2a.5.5 0 0 0-.5-.5H8V0h2Z\" \/>\n\t\t\t<\/svg>\n\t\t<\/button><figcaption class=\"wp-element-caption\"><strong>\u201cDali\u2019s \u2018Venusberg\u2019 Ballet\u201d<\/strong><br><em>Vogue<\/em><br>Nueva York<br>15\/10\/1939<\/figcaption><\/figure>\n<\/div>\n\n\n\n<div class=\"wp-block-column is-vertically-aligned-bottom peufoto is-layout-flow wp-block-column-is-layout-flow\" style=\"flex-basis:20%\"><\/div>\n<\/div>\n\n\n\n<div class=\"wp-block-columns is-layout-flex wp-container-core-columns-is-layout-9d6595d7 wp-block-columns-is-layout-flex\">\n<div class=\"wp-block-column is-layout-flow wp-block-column-is-layout-flow\" style=\"flex-basis:60%\">\n<figure data-wp-context=\"{&quot;imageId&quot;:&quot;69e76813e9c01&quot;}\" data-wp-interactive=\"core\/image\" data-wp-key=\"69e76813e9c01\" class=\"wp-block-image size-full caption-dreta wp-lightbox-container\"><img loading=\"lazy\" decoding=\"async\" width=\"1920\" height=\"1293\" data-wp-class--hide=\"state.isContentHidden\" data-wp-class--show=\"state.isContentVisible\" data-wp-init=\"callbacks.setButtonStyles\" data-wp-on--click=\"actions.showLightbox\" data-wp-on--load=\"callbacks.setButtonStyles\" data-wp-on-window--resize=\"callbacks.setButtonStyles\" src=\"https:\/\/horst.salvador-dali.org\/wp-content\/uploads\/2026\/02\/Vogue_Gala-Personalizado.jpg\" alt=\"\" class=\"wp-image-2435\" srcset=\"https:\/\/horst.salvador-dali.org\/wp-content\/uploads\/2026\/02\/Vogue_Gala-Personalizado.jpg 1920w, https:\/\/horst.salvador-dali.org\/wp-content\/uploads\/2026\/02\/Vogue_Gala-Personalizado-300x202.jpg 300w, https:\/\/horst.salvador-dali.org\/wp-content\/uploads\/2026\/02\/Vogue_Gala-Personalizado-1024x690.jpg 1024w, https:\/\/horst.salvador-dali.org\/wp-content\/uploads\/2026\/02\/Vogue_Gala-Personalizado-768x517.jpg 768w, https:\/\/horst.salvador-dali.org\/wp-content\/uploads\/2026\/02\/Vogue_Gala-Personalizado-1536x1034.jpg 1536w\" sizes=\"auto, (max-width: 1920px) 100vw, 1920px\" \/><button\n\t\t\tclass=\"lightbox-trigger\"\n\t\t\ttype=\"button\"\n\t\t\taria-haspopup=\"dialog\"\n\t\t\taria-label=\"Agrandar\"\n\t\t\tdata-wp-init=\"callbacks.initTriggerButton\"\n\t\t\tdata-wp-on--click=\"actions.showLightbox\"\n\t\t\tdata-wp-style--right=\"state.imageButtonRight\"\n\t\t\tdata-wp-style--top=\"state.imageButtonTop\"\n\t\t>\n\t\t\t<svg xmlns=\"http:\/\/www.w3.org\/2000\/svg\" width=\"12\" height=\"12\" fill=\"none\" viewBox=\"0 0 12 12\">\n\t\t\t\t<path fill=\"#fff\" d=\"M2 0a2 2 0 0 0-2 2v2h1.5V2a.5.5 0 0 1 .5-.5h2V0H2Zm2 10.5H2a.5.5 0 0 1-.5-.5V8H0v2a2 2 0 0 0 2 2h2v-1.5ZM8 12v-1.5h2a.5.5 0 0 0 .5-.5V8H12v2a2 2 0 0 1-2 2H8Zm2-12a2 2 0 0 1 2 2v2h-1.5V2a.5.5 0 0 0-.5-.5H8V0h2Z\" \/>\n\t\t\t<\/svg>\n\t\t<\/button><figcaption class=\"wp-element-caption\"><strong>\u201cPeople&nbsp;are&nbsp;talking&nbsp;about&#8230;&nbsp;Madame&nbsp;Salvador&nbsp;Dali\u201d<\/strong><br><em>Vogue<\/em><br>Nueva York<br>01\/06\/1943&nbsp;<\/figcaption><\/figure>\n<\/div>\n\n\n\n<div class=\"wp-block-column is-vertically-aligned-bottom peufoto is-layout-flow wp-block-column-is-layout-flow\" style=\"flex-basis:40%\"><\/div>\n<\/div>\n\n\n\n<div style=\"height:100px\" aria-hidden=\"true\" class=\"wp-block-spacer\"><\/div>\n\n\n\n<div class=\"wp-block-columns is-layout-flex wp-container-core-columns-is-layout-9d6595d7 wp-block-columns-is-layout-flex\">\n<div class=\"wp-block-column is-layout-flow wp-block-column-is-layout-flow\" style=\"flex-basis:40%\">\n<figure data-wp-context=\"{&quot;imageId&quot;:&quot;69e76813ea1b4&quot;}\" data-wp-interactive=\"core\/image\" data-wp-key=\"69e76813ea1b4\" class=\"wp-block-image size-full caption-dreta superior wp-lightbox-container\"><img loading=\"lazy\" decoding=\"async\" width=\"1920\" height=\"1376\" data-wp-class--hide=\"state.isContentHidden\" data-wp-class--show=\"state.isContentVisible\" data-wp-init=\"callbacks.setButtonStyles\" data-wp-on--click=\"actions.showLightbox\" data-wp-on--load=\"callbacks.setButtonStyles\" data-wp-on-window--resize=\"callbacks.setButtonStyles\" src=\"https:\/\/horst.salvador-dali.org\/wp-content\/uploads\/2026\/02\/Vogue_Malta-Personalizado.jpg\" alt=\"\" class=\"wp-image-2442\" srcset=\"https:\/\/horst.salvador-dali.org\/wp-content\/uploads\/2026\/02\/Vogue_Malta-Personalizado.jpg 1920w, https:\/\/horst.salvador-dali.org\/wp-content\/uploads\/2026\/02\/Vogue_Malta-Personalizado-300x215.jpg 300w, https:\/\/horst.salvador-dali.org\/wp-content\/uploads\/2026\/02\/Vogue_Malta-Personalizado-1024x734.jpg 1024w, https:\/\/horst.salvador-dali.org\/wp-content\/uploads\/2026\/02\/Vogue_Malta-Personalizado-768x550.jpg 768w, https:\/\/horst.salvador-dali.org\/wp-content\/uploads\/2026\/02\/Vogue_Malta-Personalizado-1536x1101.jpg 1536w\" sizes=\"auto, (max-width: 1920px) 100vw, 1920px\" \/><button\n\t\t\tclass=\"lightbox-trigger\"\n\t\t\ttype=\"button\"\n\t\t\taria-haspopup=\"dialog\"\n\t\t\taria-label=\"Agrandar\"\n\t\t\tdata-wp-init=\"callbacks.initTriggerButton\"\n\t\t\tdata-wp-on--click=\"actions.showLightbox\"\n\t\t\tdata-wp-style--right=\"state.imageButtonRight\"\n\t\t\tdata-wp-style--top=\"state.imageButtonTop\"\n\t\t>\n\t\t\t<svg xmlns=\"http:\/\/www.w3.org\/2000\/svg\" width=\"12\" height=\"12\" fill=\"none\" viewBox=\"0 0 12 12\">\n\t\t\t\t<path fill=\"#fff\" d=\"M2 0a2 2 0 0 0-2 2v2h1.5V2a.5.5 0 0 1 .5-.5h2V0H2Zm2 10.5H2a.5.5 0 0 1-.5-.5V8H0v2a2 2 0 0 0 2 2h2v-1.5ZM8 12v-1.5h2a.5.5 0 0 0 .5-.5V8H12v2a2 2 0 0 1-2 2H8Zm2-12a2 2 0 0 1 2 2v2h-1.5V2a.5.5 0 0 0-.5-.5H8V0h2Z\" \/>\n\t\t\t<\/svg>\n\t\t<\/button><figcaption class=\"wp-element-caption\"><strong>\u201cIn&nbsp;the&nbsp;Dali&nbsp;Room\u201d<\/strong><br><em>Vogue<\/em><br>Nueva York<br>01\/03\/1943&nbsp;<\/figcaption><\/figure>\n<\/div>\n\n\n\n<div class=\"wp-block-column is-vertically-aligned-stretch peufoto is-layout-flow wp-block-column-is-layout-flow\" style=\"flex-basis:26.67%\">\n<div style=\"height:100px\" aria-hidden=\"true\" class=\"wp-block-spacer\"><\/div>\n\n\n\n<div style=\"height:100px\" aria-hidden=\"true\" class=\"wp-block-spacer\"><\/div>\n<\/div>\n\n\n\n<div class=\"wp-block-column is-layout-flow wp-block-column-is-layout-flow\" style=\"flex-basis:33.33%\">\n<div style=\"height:100px\" aria-hidden=\"true\" class=\"wp-block-spacer\"><\/div>\n\n\n\n<figure data-wp-context=\"{&quot;imageId&quot;:&quot;69e76813ea6f2&quot;}\" data-wp-interactive=\"core\/image\" data-wp-key=\"69e76813ea6f2\" class=\"wp-block-image size-full caption-esquerra wp-lightbox-container\"><img loading=\"lazy\" decoding=\"async\" width=\"2560\" height=\"1762\" data-wp-class--hide=\"state.isContentHidden\" data-wp-class--show=\"state.isContentVisible\" data-wp-init=\"callbacks.setButtonStyles\" data-wp-on--click=\"actions.showLightbox\" data-wp-on--load=\"callbacks.setButtonStyles\" data-wp-on-window--resize=\"callbacks.setButtonStyles\" src=\"https:\/\/horst.salvador-dali.org\/wp-content\/uploads\/2026\/02\/4260-Personalizado-scaled.jpg\" alt=\"\" class=\"wp-image-2407\" srcset=\"https:\/\/horst.salvador-dali.org\/wp-content\/uploads\/2026\/02\/4260-Personalizado-scaled.jpg 2560w, https:\/\/horst.salvador-dali.org\/wp-content\/uploads\/2026\/02\/4260-Personalizado-300x206.jpg 300w, https:\/\/horst.salvador-dali.org\/wp-content\/uploads\/2026\/02\/4260-Personalizado-1024x705.jpg 1024w, https:\/\/horst.salvador-dali.org\/wp-content\/uploads\/2026\/02\/4260-Personalizado-768x529.jpg 768w, https:\/\/horst.salvador-dali.org\/wp-content\/uploads\/2026\/02\/4260-Personalizado-1536x1057.jpg 1536w, https:\/\/horst.salvador-dali.org\/wp-content\/uploads\/2026\/02\/4260-Personalizado-2048x1409.jpg 2048w\" sizes=\"auto, (max-width: 2560px) 100vw, 2560px\" \/><button\n\t\t\tclass=\"lightbox-trigger\"\n\t\t\ttype=\"button\"\n\t\t\taria-haspopup=\"dialog\"\n\t\t\taria-label=\"Agrandar\"\n\t\t\tdata-wp-init=\"callbacks.initTriggerButton\"\n\t\t\tdata-wp-on--click=\"actions.showLightbox\"\n\t\t\tdata-wp-style--right=\"state.imageButtonRight\"\n\t\t\tdata-wp-style--top=\"state.imageButtonTop\"\n\t\t>\n\t\t\t<svg xmlns=\"http:\/\/www.w3.org\/2000\/svg\" width=\"12\" height=\"12\" fill=\"none\" viewBox=\"0 0 12 12\">\n\t\t\t\t<path fill=\"#fff\" d=\"M2 0a2 2 0 0 0-2 2v2h1.5V2a.5.5 0 0 1 .5-.5h2V0H2Zm2 10.5H2a.5.5 0 0 1-.5-.5V8H0v2a2 2 0 0 0 2 2h2v-1.5ZM8 12v-1.5h2a.5.5 0 0 0 .5-.5V8H12v2a2 2 0 0 1-2 2H8Zm2-12a2 2 0 0 1 2 2v2h-1.5V2a.5.5 0 0 0-.5-.5H8V0h2Z\" \/>\n\t\t\t<\/svg>\n\t\t<\/button><figcaption class=\"wp-element-caption\"><strong>\u201cDali&nbsp;composes a&nbsp;photograph\u201d<\/strong><br><em>Vogue<\/em><br>Nueva York&nbsp;<br>15\/05\/1948&nbsp;<\/figcaption><\/figure>\n<\/div>\n<\/div>\n\n\n\n<div style=\"height:100px\" aria-hidden=\"true\" class=\"wp-block-spacer\"><\/div>\n\n\n\n<div class=\"wp-block-columns is-layout-flex wp-container-core-columns-is-layout-9d6595d7 wp-block-columns-is-layout-flex\">\n<div class=\"wp-block-column is-layout-flow wp-block-column-is-layout-flow\" style=\"flex-basis:80%\">\n<figure data-wp-context=\"{&quot;imageId&quot;:&quot;69e76813eac46&quot;}\" data-wp-interactive=\"core\/image\" data-wp-key=\"69e76813eac46\" class=\"wp-block-image size-full caption-dreta wp-lightbox-container\"><img loading=\"lazy\" decoding=\"async\" width=\"2048\" height=\"2560\" data-wp-class--hide=\"state.isContentHidden\" data-wp-class--show=\"state.isContentVisible\" data-wp-init=\"callbacks.setButtonStyles\" data-wp-on--click=\"actions.showLightbox\" data-wp-on--load=\"callbacks.setButtonStyles\" data-wp-on-window--resize=\"callbacks.setButtonStyles\" src=\"https:\/\/horst.salvador-dali.org\/wp-content\/uploads\/2026\/02\/biografia.webp\" alt=\"\" class=\"wp-image-2296\" srcset=\"https:\/\/horst.salvador-dali.org\/wp-content\/uploads\/2026\/02\/biografia.webp 2048w, https:\/\/horst.salvador-dali.org\/wp-content\/uploads\/2026\/02\/biografia-240x300.webp 240w, https:\/\/horst.salvador-dali.org\/wp-content\/uploads\/2026\/02\/biografia-819x1024.webp 819w, https:\/\/horst.salvador-dali.org\/wp-content\/uploads\/2026\/02\/biografia-768x960.webp 768w, https:\/\/horst.salvador-dali.org\/wp-content\/uploads\/2026\/02\/biografia-1229x1536.webp 1229w, https:\/\/horst.salvador-dali.org\/wp-content\/uploads\/2026\/02\/biografia-1638x2048.webp 1638w\" sizes=\"auto, (max-width: 2048px) 100vw, 2048px\" \/><button\n\t\t\tclass=\"lightbox-trigger\"\n\t\t\ttype=\"button\"\n\t\t\taria-haspopup=\"dialog\"\n\t\t\taria-label=\"Agrandar\"\n\t\t\tdata-wp-init=\"callbacks.initTriggerButton\"\n\t\t\tdata-wp-on--click=\"actions.showLightbox\"\n\t\t\tdata-wp-style--right=\"state.imageButtonRight\"\n\t\t\tdata-wp-style--top=\"state.imageButtonTop\"\n\t\t>\n\t\t\t<svg xmlns=\"http:\/\/www.w3.org\/2000\/svg\" width=\"12\" height=\"12\" fill=\"none\" viewBox=\"0 0 12 12\">\n\t\t\t\t<path fill=\"#fff\" d=\"M2 0a2 2 0 0 0-2 2v2h1.5V2a.5.5 0 0 1 .5-.5h2V0H2Zm2 10.5H2a.5.5 0 0 1-.5-.5V8H0v2a2 2 0 0 0 2 2h2v-1.5ZM8 12v-1.5h2a.5.5 0 0 0 .5-.5V8H12v2a2 2 0 0 1-2 2H8Zm2-12a2 2 0 0 1 2 2v2h-1.5V2a.5.5 0 0 0-.5-.5H8V0h2Z\" \/>\n\t\t\t<\/svg>\n\t\t<\/button><figcaption class=\"wp-element-caption\"><strong>Horst P. Horst<\/strong><br>Kathy Dennis con vestido de Mollie Parnis y escenograf\u00eda de Marcel Vert\u00e8s<br>1953&nbsp;<\/figcaption><\/figure>\n<\/div>\n\n\n\n<div class=\"wp-block-column is-vertically-aligned-bottom peufoto is-layout-flow wp-block-column-is-layout-flow\" style=\"flex-basis:20%\"><\/div>\n<\/div>\n","protected":false},"excerpt":{"rendered":"<p>VOGUE A partir de los a\u00f1os veinte, revistas como Vogue se encargan de difundir el chic franc\u00e9s m\u00e1s all\u00e1 de Par\u00eds, y lo hacen a trav\u00e9s de la fotograf\u00eda de moda, que se convierte en un potente instrumento de promoci\u00f3n comercial. Paralelamente, con las vanguardias art\u00edsticas, el arte sale de los museos y se abre [&#8230;]<\/p>\n<p><a class=\"btn btn-secondary understrap-read-more-link\" href=\"https:\/\/horst.salvador-dali.org\/es\/obra\/vogue\/\">Leer m\u00e1s&#8230;<span class=\"screen-reader-text\"> from Vogue<\/span><\/a><\/p>\n","protected":false},"author":7,"featured_media":0,"parent":2506,"menu_order":24,"comment_status":"closed","ping_status":"closed","template":"page-templates\/page-obra.php","meta":{"_acf_changed":false,"inline_featured_image":false,"footnotes":""},"class_list":["post-2589","page","type-page","status-publish","hentry"],"acf":[],"yoast_head":"<!-- This site is optimized with the Yoast SEO plugin v27.4 - https:\/\/yoast.com\/product\/yoast-seo-wordpress\/ -->\n<title>Vogue - Dal\u00ed\/Horst<\/title>\n<meta name=\"robots\" content=\"index, follow, max-snippet:-1, max-image-preview:large, max-video-preview:-1\" \/>\n<link rel=\"canonical\" href=\"https:\/\/horst.salvador-dali.org\/es\/obra\/vogue\/\" \/>\n<meta property=\"og:locale\" content=\"es_ES\" \/>\n<meta property=\"og:type\" content=\"article\" \/>\n<meta property=\"og:title\" content=\"Vogue - Dal\u00ed\/Horst\" \/>\n<meta property=\"og:description\" content=\"VOGUE A partir de los a\u00f1os veinte, revistas como Vogue se encargan de difundir el chic franc\u00e9s m\u00e1s all\u00e1 de Par\u00eds, y lo hacen a trav\u00e9s de la fotograf\u00eda de moda, que se convierte en un potente instrumento de promoci\u00f3n comercial. Paralelamente, con las vanguardias art\u00edsticas, el arte sale de los museos y se abre [...]Leer m\u00e1s... from Vogue\" \/>\n<meta property=\"og:url\" content=\"https:\/\/horst.salvador-dali.org\/es\/obra\/vogue\/\" \/>\n<meta property=\"og:site_name\" content=\"Dal\u00ed\/Horst\" \/>\n<meta property=\"article:publisher\" content=\"https:\/\/www.facebook.com\/MuseusDali\" \/>\n<meta property=\"article:modified_time\" content=\"2026-03-02T10:12:11+00:00\" \/>\n<meta property=\"og:image\" content=\"https:\/\/horst.salvador-dali.org\/wp-content\/uploads\/2026\/02\/4131-Personalizado.jpg\" \/>\n<meta name=\"twitter:card\" content=\"summary_large_image\" \/>\n<meta name=\"twitter:site\" content=\"@MuseuDali\" \/>\n<meta name=\"twitter:label1\" content=\"Tiempo de lectura\" \/>\n\t<meta name=\"twitter:data1\" content=\"1 minuto\" \/>\n<script type=\"application\/ld+json\" class=\"yoast-schema-graph\">{\"@context\":\"https:\\\/\\\/schema.org\",\"@graph\":[{\"@type\":\"WebPage\",\"@id\":\"https:\\\/\\\/horst.salvador-dali.org\\\/es\\\/obra\\\/vogue\\\/\",\"url\":\"https:\\\/\\\/horst.salvador-dali.org\\\/es\\\/obra\\\/vogue\\\/\",\"name\":\"Vogue - Dal\u00ed\\\/Horst\",\"isPartOf\":{\"@id\":\"https:\\\/\\\/horst.salvador-dali.org\\\/es\\\/#website\"},\"primaryImageOfPage\":{\"@id\":\"https:\\\/\\\/horst.salvador-dali.org\\\/es\\\/obra\\\/vogue\\\/#primaryimage\"},\"image\":{\"@id\":\"https:\\\/\\\/horst.salvador-dali.org\\\/es\\\/obra\\\/vogue\\\/#primaryimage\"},\"thumbnailUrl\":\"https:\\\/\\\/horst.salvador-dali.org\\\/wp-content\\\/uploads\\\/2026\\\/02\\\/4131-Personalizado.jpg\",\"datePublished\":\"2026-02-24T12:13:12+00:00\",\"dateModified\":\"2026-03-02T10:12:11+00:00\",\"breadcrumb\":{\"@id\":\"https:\\\/\\\/horst.salvador-dali.org\\\/es\\\/obra\\\/vogue\\\/#breadcrumb\"},\"inLanguage\":\"es\",\"potentialAction\":[{\"@type\":\"ReadAction\",\"target\":[\"https:\\\/\\\/horst.salvador-dali.org\\\/es\\\/obra\\\/vogue\\\/\"]}]},{\"@type\":\"ImageObject\",\"inLanguage\":\"es\",\"@id\":\"https:\\\/\\\/horst.salvador-dali.org\\\/es\\\/obra\\\/vogue\\\/#primaryimage\",\"url\":\"https:\\\/\\\/horst.salvador-dali.org\\\/wp-content\\\/uploads\\\/2026\\\/02\\\/4131-Personalizado.jpg\",\"contentUrl\":\"https:\\\/\\\/horst.salvador-dali.org\\\/wp-content\\\/uploads\\\/2026\\\/02\\\/4131-Personalizado.jpg\"},{\"@type\":\"BreadcrumbList\",\"@id\":\"https:\\\/\\\/horst.salvador-dali.org\\\/es\\\/obra\\\/vogue\\\/#breadcrumb\",\"itemListElement\":[{\"@type\":\"ListItem\",\"position\":1,\"name\":\"Inici\",\"item\":\"https:\\\/\\\/horst.salvador-dali.org\\\/es\\\/\"},{\"@type\":\"ListItem\",\"position\":2,\"name\":\"Vogue\"}]},{\"@type\":\"WebSite\",\"@id\":\"https:\\\/\\\/horst.salvador-dali.org\\\/es\\\/#website\",\"url\":\"https:\\\/\\\/horst.salvador-dali.org\\\/es\\\/\",\"name\":\"Dal\u00ed\\\/Horst - Mirades creuades\",\"description\":\"\",\"potentialAction\":[{\"@type\":\"SearchAction\",\"target\":{\"@type\":\"EntryPoint\",\"urlTemplate\":\"https:\\\/\\\/horst.salvador-dali.org\\\/es\\\/?s={search_term_string}\"},\"query-input\":{\"@type\":\"PropertyValueSpecification\",\"valueRequired\":true,\"valueName\":\"search_term_string\"}}],\"inLanguage\":\"es\"}]}<\/script>\n<!-- \/ Yoast SEO plugin. -->","yoast_head_json":{"title":"Vogue - Dal\u00ed\/Horst","robots":{"index":"index","follow":"follow","max-snippet":"max-snippet:-1","max-image-preview":"max-image-preview:large","max-video-preview":"max-video-preview:-1"},"canonical":"https:\/\/horst.salvador-dali.org\/es\/obra\/vogue\/","og_locale":"es_ES","og_type":"article","og_title":"Vogue - Dal\u00ed\/Horst","og_description":"VOGUE A partir de los a\u00f1os veinte, revistas como Vogue se encargan de difundir el chic franc\u00e9s m\u00e1s all\u00e1 de Par\u00eds, y lo hacen a trav\u00e9s de la fotograf\u00eda de moda, que se convierte en un potente instrumento de promoci\u00f3n comercial. Paralelamente, con las vanguardias art\u00edsticas, el arte sale de los museos y se abre [...]Leer m\u00e1s... from Vogue","og_url":"https:\/\/horst.salvador-dali.org\/es\/obra\/vogue\/","og_site_name":"Dal\u00ed\/Horst","article_publisher":"https:\/\/www.facebook.com\/MuseusDali","article_modified_time":"2026-03-02T10:12:11+00:00","og_image":[{"url":"https:\/\/horst.salvador-dali.org\/wp-content\/uploads\/2026\/02\/4131-Personalizado.jpg","type":"","width":"","height":""}],"twitter_card":"summary_large_image","twitter_site":"@MuseuDali","twitter_misc":{"Tiempo de lectura":"1 minuto"},"schema":{"@context":"https:\/\/schema.org","@graph":[{"@type":"WebPage","@id":"https:\/\/horst.salvador-dali.org\/es\/obra\/vogue\/","url":"https:\/\/horst.salvador-dali.org\/es\/obra\/vogue\/","name":"Vogue - Dal\u00ed\/Horst","isPartOf":{"@id":"https:\/\/horst.salvador-dali.org\/es\/#website"},"primaryImageOfPage":{"@id":"https:\/\/horst.salvador-dali.org\/es\/obra\/vogue\/#primaryimage"},"image":{"@id":"https:\/\/horst.salvador-dali.org\/es\/obra\/vogue\/#primaryimage"},"thumbnailUrl":"https:\/\/horst.salvador-dali.org\/wp-content\/uploads\/2026\/02\/4131-Personalizado.jpg","datePublished":"2026-02-24T12:13:12+00:00","dateModified":"2026-03-02T10:12:11+00:00","breadcrumb":{"@id":"https:\/\/horst.salvador-dali.org\/es\/obra\/vogue\/#breadcrumb"},"inLanguage":"es","potentialAction":[{"@type":"ReadAction","target":["https:\/\/horst.salvador-dali.org\/es\/obra\/vogue\/"]}]},{"@type":"ImageObject","inLanguage":"es","@id":"https:\/\/horst.salvador-dali.org\/es\/obra\/vogue\/#primaryimage","url":"https:\/\/horst.salvador-dali.org\/wp-content\/uploads\/2026\/02\/4131-Personalizado.jpg","contentUrl":"https:\/\/horst.salvador-dali.org\/wp-content\/uploads\/2026\/02\/4131-Personalizado.jpg"},{"@type":"BreadcrumbList","@id":"https:\/\/horst.salvador-dali.org\/es\/obra\/vogue\/#breadcrumb","itemListElement":[{"@type":"ListItem","position":1,"name":"Inici","item":"https:\/\/horst.salvador-dali.org\/es\/"},{"@type":"ListItem","position":2,"name":"Vogue"}]},{"@type":"WebSite","@id":"https:\/\/horst.salvador-dali.org\/es\/#website","url":"https:\/\/horst.salvador-dali.org\/es\/","name":"Dal\u00ed\/Horst - Mirades creuades","description":"","potentialAction":[{"@type":"SearchAction","target":{"@type":"EntryPoint","urlTemplate":"https:\/\/horst.salvador-dali.org\/es\/?s={search_term_string}"},"query-input":{"@type":"PropertyValueSpecification","valueRequired":true,"valueName":"search_term_string"}}],"inLanguage":"es"}]}},"_links":{"self":[{"href":"https:\/\/horst.salvador-dali.org\/es\/wp-json\/wp\/v2\/pages\/2589","targetHints":{"allow":["GET"]}}],"collection":[{"href":"https:\/\/horst.salvador-dali.org\/es\/wp-json\/wp\/v2\/pages"}],"about":[{"href":"https:\/\/horst.salvador-dali.org\/es\/wp-json\/wp\/v2\/types\/page"}],"author":[{"embeddable":true,"href":"https:\/\/horst.salvador-dali.org\/es\/wp-json\/wp\/v2\/users\/7"}],"replies":[{"embeddable":true,"href":"https:\/\/horst.salvador-dali.org\/es\/wp-json\/wp\/v2\/comments?post=2589"}],"version-history":[{"count":2,"href":"https:\/\/horst.salvador-dali.org\/es\/wp-json\/wp\/v2\/pages\/2589\/revisions"}],"predecessor-version":[{"id":2859,"href":"https:\/\/horst.salvador-dali.org\/es\/wp-json\/wp\/v2\/pages\/2589\/revisions\/2859"}],"up":[{"embeddable":true,"href":"https:\/\/horst.salvador-dali.org\/es\/wp-json\/wp\/v2\/pages\/2506"}],"wp:attachment":[{"href":"https:\/\/horst.salvador-dali.org\/es\/wp-json\/wp\/v2\/media?parent=2589"}],"curies":[{"name":"wp","href":"https:\/\/api.w.org\/{rel}","templated":true}]}}