{"id":2506,"date":"2026-02-13T10:34:44","date_gmt":"2026-02-13T09:34:44","guid":{"rendered":"https:\/\/horst.salvador-dali.org\/obra\/"},"modified":"2026-02-27T11:05:47","modified_gmt":"2026-02-27T10:05:47","slug":"obra","status":"publish","type":"page","link":"https:\/\/horst.salvador-dali.org\/es\/obra\/","title":{"rendered":"Obra"},"content":{"rendered":"\n<div class=\"wp-block-columns container opcions is-layout-flex wp-container-core-columns-is-layout-9d6595d7 wp-block-columns-is-layout-flex\">\n<div class=\"wp-block-column is-vertically-aligned-top is-layout-flow wp-block-column-is-layout-flow\">\n<figure class=\"wp-block-image size-full\"><img loading=\"lazy\" decoding=\"async\" width=\"1392\" height=\"1850\" src=\"https:\/\/horst.salvador-dali.org\/wp-content\/uploads\/2026\/02\/Vogue_1943-06-01_p56-e1771945315757.jpg\" alt=\"\" class=\"wp-image-2384\" srcset=\"https:\/\/horst.salvador-dali.org\/wp-content\/uploads\/2026\/02\/Vogue_1943-06-01_p56-e1771945315757.jpg 1392w, https:\/\/horst.salvador-dali.org\/wp-content\/uploads\/2026\/02\/Vogue_1943-06-01_p56-e1771945315757-226x300.jpg 226w, https:\/\/horst.salvador-dali.org\/wp-content\/uploads\/2026\/02\/Vogue_1943-06-01_p56-e1771945315757-770x1024.jpg 770w, https:\/\/horst.salvador-dali.org\/wp-content\/uploads\/2026\/02\/Vogue_1943-06-01_p56-e1771945315757-768x1021.jpg 768w, https:\/\/horst.salvador-dali.org\/wp-content\/uploads\/2026\/02\/Vogue_1943-06-01_p56-e1771945315757-1156x1536.jpg 1156w\" sizes=\"auto, (max-width: 1392px) 100vw, 1392px\" \/><\/figure>\n\n\n\n<div class=\"wp-block-columns is-not-stacked-on-mobile opcions-titol is-layout-flex wp-container-core-columns-is-layout-9d6595d7 wp-block-columns-is-layout-flex\">\n<div class=\"wp-block-column is-layout-flow wp-block-column-is-layout-flow\" style=\"flex-basis:90%\">\n<h2 class=\"wp-block-heading\">La Modelo<\/h2>\n<\/div>\n\n\n\n<div class=\"wp-block-column is-layout-flow wp-block-column-is-layout-flow\" style=\"flex-basis:10%\">\n<div class=\"wp-block-buttons is-content-justification-center is-layout-flex wp-container-core-buttons-is-layout-16018d1d wp-block-buttons-is-layout-flex\">\n<div class=\"wp-block-button is-style-outline is-style-outline--1\"><a class=\"wp-block-button__link has-small-font-size has-custom-font-size wp-element-button\" href=\"https:\/\/horst.salvador-dali.org\/es\/obra\/la-modelo\/\">ver<\/a><\/div>\n<\/div>\n<\/div>\n<\/div>\n\n\n\n<p class=\"opcions-text\">Una aproximaci\u00f3n a la mujer desde miradas aparentemente opuestas ofrece nuevas lecturas en torno a la noci\u00f3n de belleza.<\/p>\n<\/div>\n\n\n\n<div class=\"wp-block-column is-vertically-aligned-top is-layout-flow wp-block-column-is-layout-flow\">\n<figure class=\"wp-block-image size-full\"><img loading=\"lazy\" decoding=\"async\" width=\"1412\" height=\"1920\" src=\"https:\/\/horst.salvador-dali.org\/wp-content\/uploads\/2026\/02\/4131_portada.jpg\" alt=\"\" class=\"wp-image-2386\" srcset=\"https:\/\/horst.salvador-dali.org\/wp-content\/uploads\/2026\/02\/4131_portada.jpg 1412w, https:\/\/horst.salvador-dali.org\/wp-content\/uploads\/2026\/02\/4131_portada-221x300.jpg 221w, https:\/\/horst.salvador-dali.org\/wp-content\/uploads\/2026\/02\/4131_portada-753x1024.jpg 753w, https:\/\/horst.salvador-dali.org\/wp-content\/uploads\/2026\/02\/4131_portada-768x1044.jpg 768w, https:\/\/horst.salvador-dali.org\/wp-content\/uploads\/2026\/02\/4131_portada-1130x1536.jpg 1130w\" sizes=\"auto, (max-width: 1412px) 100vw, 1412px\" \/><\/figure>\n\n\n\n<div class=\"wp-block-columns is-not-stacked-on-mobile opcions-titol is-layout-flex wp-container-core-columns-is-layout-9d6595d7 wp-block-columns-is-layout-flex\">\n<div class=\"wp-block-column is-layout-flow wp-block-column-is-layout-flow\" style=\"flex-basis:90%\">\n<h2 class=\"wp-block-heading\">Vogue<\/h2>\n<\/div>\n\n\n\n<div class=\"wp-block-column is-layout-flow wp-block-column-is-layout-flow\" style=\"flex-basis:10%\">\n<div class=\"wp-block-buttons is-content-justification-center is-layout-flex wp-container-core-buttons-is-layout-16018d1d wp-block-buttons-is-layout-flex\">\n<div class=\"wp-block-button is-style-outline is-style-outline--2\"><a class=\"wp-block-button__link has-small-font-size has-custom-font-size wp-element-button\" href=\"https:\/\/horst.salvador-dali.org\/es\/obra\/vogue\/\">ver<\/a><\/div>\n<\/div>\n<\/div>\n<\/div>\n\n\n\n<p class=\"opcions-text\">La alianza entre moda y surrealismo convierte <em>a Vogue<\/em> y a sus fot\u00f3grafos en transmisores de las ideas dalinianas<\/p>\n<\/div>\n\n\n\n<div class=\"wp-block-column is-vertically-aligned-top is-layout-flow wp-block-column-is-layout-flow\">\n<figure class=\"wp-block-image size-full\"><img loading=\"lazy\" decoding=\"async\" width=\"1509\" height=\"1920\" src=\"https:\/\/horst.salvador-dali.org\/wp-content\/uploads\/2026\/02\/hst19430201a001-Personalizado.jpg\" alt=\"\" class=\"wp-image-2388\" srcset=\"https:\/\/horst.salvador-dali.org\/wp-content\/uploads\/2026\/02\/hst19430201a001-Personalizado.jpg 1509w, https:\/\/horst.salvador-dali.org\/wp-content\/uploads\/2026\/02\/hst19430201a001-Personalizado-236x300.jpg 236w, https:\/\/horst.salvador-dali.org\/wp-content\/uploads\/2026\/02\/hst19430201a001-Personalizado-805x1024.jpg 805w, https:\/\/horst.salvador-dali.org\/wp-content\/uploads\/2026\/02\/hst19430201a001-Personalizado-768x977.jpg 768w, https:\/\/horst.salvador-dali.org\/wp-content\/uploads\/2026\/02\/hst19430201a001-Personalizado-1207x1536.jpg 1207w\" sizes=\"auto, (max-width: 1509px) 100vw, 1509px\" \/><\/figure>\n\n\n\n<div class=\"wp-block-columns is-not-stacked-on-mobile opcions-titol is-layout-flex wp-container-core-columns-is-layout-9d6595d7 wp-block-columns-is-layout-flex\">\n<div class=\"wp-block-column is-layout-flow wp-block-column-is-layout-flow\" style=\"flex-basis:90%\">\n<h2 class=\"wp-block-heading\">Retratos<\/h2>\n<\/div>\n\n\n\n<div class=\"wp-block-column is-layout-flow wp-block-column-is-layout-flow\" style=\"flex-basis:10%\">\n<div class=\"wp-block-buttons is-content-justification-center is-layout-flex wp-container-core-buttons-is-layout-16018d1d wp-block-buttons-is-layout-flex\">\n<div class=\"wp-block-button is-style-outline is-style-outline--3\"><a class=\"wp-block-button__link has-small-font-size has-custom-font-size wp-element-button\" href=\"https:\/\/horst.salvador-dali.org\/es\/obra\/retratos\/\">ver<\/a><\/div>\n<\/div>\n<\/div>\n<\/div>\n\n\n\n<p class=\"opcions-text\">Los retratos de estudio de Gala y Salvador Dal\u00ed reflejan los rasgos m\u00e1s caracter\u00edsticos del estilo de Horst.<\/p>\n<\/div>\n\n\n\n<div class=\"wp-block-column is-vertically-aligned-top is-layout-flow wp-block-column-is-layout-flow\">\n<figure class=\"wp-block-image size-full\"><img loading=\"lazy\" decoding=\"async\" width=\"1575\" height=\"1920\" src=\"https:\/\/horst.salvador-dali.org\/wp-content\/uploads\/2026\/02\/1249-Personalizado.jpg\" alt=\"\" class=\"wp-image-2389\" srcset=\"https:\/\/horst.salvador-dali.org\/wp-content\/uploads\/2026\/02\/1249-Personalizado.jpg 1575w, https:\/\/horst.salvador-dali.org\/wp-content\/uploads\/2026\/02\/1249-Personalizado-246x300.jpg 246w, https:\/\/horst.salvador-dali.org\/wp-content\/uploads\/2026\/02\/1249-Personalizado-840x1024.jpg 840w, https:\/\/horst.salvador-dali.org\/wp-content\/uploads\/2026\/02\/1249-Personalizado-768x936.jpg 768w, https:\/\/horst.salvador-dali.org\/wp-content\/uploads\/2026\/02\/1249-Personalizado-1260x1536.jpg 1260w\" sizes=\"auto, (max-width: 1575px) 100vw, 1575px\" \/><\/figure>\n\n\n\n<div class=\"wp-block-columns is-not-stacked-on-mobile opcions-titol is-layout-flex wp-container-core-columns-is-layout-9d6595d7 wp-block-columns-is-layout-flex\">\n<div class=\"wp-block-column is-layout-flow wp-block-column-is-layout-flow\" style=\"flex-basis:90%\">\n<h2 class=\"wp-block-heading\">Hojas de contactos<\/h2>\n<\/div>\n\n\n\n<div class=\"wp-block-column is-layout-flow wp-block-column-is-layout-flow\" style=\"flex-basis:10%\">\n<div class=\"wp-block-buttons is-content-justification-center is-layout-flex wp-container-core-buttons-is-layout-16018d1d wp-block-buttons-is-layout-flex\">\n<div class=\"wp-block-button is-style-outline is-style-outline--4\"><a class=\"wp-block-button__link has-small-font-size has-custom-font-size wp-element-button\" href=\"https:\/\/horst.salvador-dali.org\/es\/obra\/hojas-de-contactos\/\">ver<\/a><\/div>\n<\/div>\n<\/div>\n<\/div>\n\n\n\n<p class=\"opcions-text\">Las hojas de contactos, hoy en d\u00eda desplazadas por la tecnolog\u00eda digital, son una fuente de informaci\u00f3n de gran valor.<\/p>\n<\/div>\n<\/div>\n","protected":false},"excerpt":{"rendered":"<p>La Modelo Una aproximaci\u00f3n a la mujer desde miradas aparentemente opuestas ofrece nuevas lecturas en torno a la noci\u00f3n de belleza. Vogue La alianza entre moda y surrealismo convierte a Vogue y a sus fot\u00f3grafos en transmisores de las ideas dalinianas Retratos Los retratos de estudio de Gala y Salvador Dal\u00ed reflejan los rasgos m\u00e1s [&#8230;]<\/p>\n<p><a class=\"btn btn-secondary understrap-read-more-link\" href=\"https:\/\/horst.salvador-dali.org\/es\/obra\/\">Leer m\u00e1s&#8230;<span class=\"screen-reader-text\"> from Obra<\/span><\/a><\/p>\n","protected":false},"author":7,"featured_media":0,"parent":0,"menu_order":14,"comment_status":"closed","ping_status":"closed","template":"page-templates\/page-fosc.php","meta":{"_acf_changed":false,"inline_featured_image":false,"footnotes":""},"class_list":["post-2506","page","type-page","status-publish","hentry"],"acf":[],"yoast_head":"<!-- This site is optimized with the Yoast SEO plugin v27.4 - https:\/\/yoast.com\/product\/yoast-seo-wordpress\/ -->\n<title>Obra - Dal\u00ed\/Horst<\/title>\n<meta name=\"robots\" content=\"index, follow, max-snippet:-1, max-image-preview:large, max-video-preview:-1\" \/>\n<link rel=\"canonical\" href=\"https:\/\/horst.salvador-dali.org\/es\/obra\/\" \/>\n<meta property=\"og:locale\" content=\"es_ES\" \/>\n<meta property=\"og:type\" content=\"article\" \/>\n<meta property=\"og:title\" content=\"Obra - Dal\u00ed\/Horst\" \/>\n<meta property=\"og:description\" content=\"La Modelo Una aproximaci\u00f3n a la mujer desde miradas aparentemente opuestas ofrece nuevas lecturas en torno a la noci\u00f3n de belleza. Vogue La alianza entre moda y surrealismo convierte a Vogue y a sus fot\u00f3grafos en transmisores de las ideas dalinianas Retratos Los retratos de estudio de Gala y Salvador Dal\u00ed reflejan los rasgos m\u00e1s [...]Leer m\u00e1s... from Obra\" \/>\n<meta property=\"og:url\" content=\"https:\/\/horst.salvador-dali.org\/es\/obra\/\" \/>\n<meta property=\"og:site_name\" content=\"Dal\u00ed\/Horst\" \/>\n<meta property=\"article:publisher\" content=\"https:\/\/www.facebook.com\/MuseusDali\" \/>\n<meta property=\"article:modified_time\" content=\"2026-02-27T10:05:47+00:00\" \/>\n<meta property=\"og:image\" content=\"https:\/\/horst.salvador-dali.org\/wp-content\/uploads\/2026\/02\/Vogue_1943-06-01_p56-e1771945315757.jpg\" \/>\n<meta name=\"twitter:card\" content=\"summary_large_image\" \/>\n<meta name=\"twitter:site\" content=\"@MuseuDali\" \/>\n<script type=\"application\/ld+json\" class=\"yoast-schema-graph\">{\"@context\":\"https:\\\/\\\/schema.org\",\"@graph\":[{\"@type\":\"WebPage\",\"@id\":\"https:\\\/\\\/horst.salvador-dali.org\\\/es\\\/obra\\\/\",\"url\":\"https:\\\/\\\/horst.salvador-dali.org\\\/es\\\/obra\\\/\",\"name\":\"Obra - Dal\u00ed\\\/Horst\",\"isPartOf\":{\"@id\":\"https:\\\/\\\/horst.salvador-dali.org\\\/es\\\/#website\"},\"primaryImageOfPage\":{\"@id\":\"https:\\\/\\\/horst.salvador-dali.org\\\/es\\\/obra\\\/#primaryimage\"},\"image\":{\"@id\":\"https:\\\/\\\/horst.salvador-dali.org\\\/es\\\/obra\\\/#primaryimage\"},\"thumbnailUrl\":\"https:\\\/\\\/horst.salvador-dali.org\\\/wp-content\\\/uploads\\\/2026\\\/02\\\/Vogue_1943-06-01_p56-e1771945315757.jpg\",\"datePublished\":\"2026-02-13T09:34:44+00:00\",\"dateModified\":\"2026-02-27T10:05:47+00:00\",\"breadcrumb\":{\"@id\":\"https:\\\/\\\/horst.salvador-dali.org\\\/es\\\/obra\\\/#breadcrumb\"},\"inLanguage\":\"es\",\"potentialAction\":[{\"@type\":\"ReadAction\",\"target\":[\"https:\\\/\\\/horst.salvador-dali.org\\\/es\\\/obra\\\/\"]}]},{\"@type\":\"ImageObject\",\"inLanguage\":\"es\",\"@id\":\"https:\\\/\\\/horst.salvador-dali.org\\\/es\\\/obra\\\/#primaryimage\",\"url\":\"https:\\\/\\\/horst.salvador-dali.org\\\/wp-content\\\/uploads\\\/2026\\\/02\\\/Vogue_1943-06-01_p56-e1771945315757.jpg\",\"contentUrl\":\"https:\\\/\\\/horst.salvador-dali.org\\\/wp-content\\\/uploads\\\/2026\\\/02\\\/Vogue_1943-06-01_p56-e1771945315757.jpg\"},{\"@type\":\"BreadcrumbList\",\"@id\":\"https:\\\/\\\/horst.salvador-dali.org\\\/es\\\/obra\\\/#breadcrumb\",\"itemListElement\":[{\"@type\":\"ListItem\",\"position\":1,\"name\":\"Inici\",\"item\":\"https:\\\/\\\/horst.salvador-dali.org\\\/es\\\/\"},{\"@type\":\"ListItem\",\"position\":2,\"name\":\"Obra\"}]},{\"@type\":\"WebSite\",\"@id\":\"https:\\\/\\\/horst.salvador-dali.org\\\/es\\\/#website\",\"url\":\"https:\\\/\\\/horst.salvador-dali.org\\\/es\\\/\",\"name\":\"Dal\u00ed\\\/Horst - Mirades creuades\",\"description\":\"\",\"potentialAction\":[{\"@type\":\"SearchAction\",\"target\":{\"@type\":\"EntryPoint\",\"urlTemplate\":\"https:\\\/\\\/horst.salvador-dali.org\\\/es\\\/?s={search_term_string}\"},\"query-input\":{\"@type\":\"PropertyValueSpecification\",\"valueRequired\":true,\"valueName\":\"search_term_string\"}}],\"inLanguage\":\"es\"}]}<\/script>\n<!-- \/ Yoast SEO plugin. -->","yoast_head_json":{"title":"Obra - Dal\u00ed\/Horst","robots":{"index":"index","follow":"follow","max-snippet":"max-snippet:-1","max-image-preview":"max-image-preview:large","max-video-preview":"max-video-preview:-1"},"canonical":"https:\/\/horst.salvador-dali.org\/es\/obra\/","og_locale":"es_ES","og_type":"article","og_title":"Obra - Dal\u00ed\/Horst","og_description":"La Modelo Una aproximaci\u00f3n a la mujer desde miradas aparentemente opuestas ofrece nuevas lecturas en torno a la noci\u00f3n de belleza. Vogue La alianza entre moda y surrealismo convierte a Vogue y a sus fot\u00f3grafos en transmisores de las ideas dalinianas Retratos Los retratos de estudio de Gala y Salvador Dal\u00ed reflejan los rasgos m\u00e1s [...]Leer m\u00e1s... from Obra","og_url":"https:\/\/horst.salvador-dali.org\/es\/obra\/","og_site_name":"Dal\u00ed\/Horst","article_publisher":"https:\/\/www.facebook.com\/MuseusDali","article_modified_time":"2026-02-27T10:05:47+00:00","og_image":[{"url":"https:\/\/horst.salvador-dali.org\/wp-content\/uploads\/2026\/02\/Vogue_1943-06-01_p56-e1771945315757.jpg","type":"","width":"","height":""}],"twitter_card":"summary_large_image","twitter_site":"@MuseuDali","schema":{"@context":"https:\/\/schema.org","@graph":[{"@type":"WebPage","@id":"https:\/\/horst.salvador-dali.org\/es\/obra\/","url":"https:\/\/horst.salvador-dali.org\/es\/obra\/","name":"Obra - Dal\u00ed\/Horst","isPartOf":{"@id":"https:\/\/horst.salvador-dali.org\/es\/#website"},"primaryImageOfPage":{"@id":"https:\/\/horst.salvador-dali.org\/es\/obra\/#primaryimage"},"image":{"@id":"https:\/\/horst.salvador-dali.org\/es\/obra\/#primaryimage"},"thumbnailUrl":"https:\/\/horst.salvador-dali.org\/wp-content\/uploads\/2026\/02\/Vogue_1943-06-01_p56-e1771945315757.jpg","datePublished":"2026-02-13T09:34:44+00:00","dateModified":"2026-02-27T10:05:47+00:00","breadcrumb":{"@id":"https:\/\/horst.salvador-dali.org\/es\/obra\/#breadcrumb"},"inLanguage":"es","potentialAction":[{"@type":"ReadAction","target":["https:\/\/horst.salvador-dali.org\/es\/obra\/"]}]},{"@type":"ImageObject","inLanguage":"es","@id":"https:\/\/horst.salvador-dali.org\/es\/obra\/#primaryimage","url":"https:\/\/horst.salvador-dali.org\/wp-content\/uploads\/2026\/02\/Vogue_1943-06-01_p56-e1771945315757.jpg","contentUrl":"https:\/\/horst.salvador-dali.org\/wp-content\/uploads\/2026\/02\/Vogue_1943-06-01_p56-e1771945315757.jpg"},{"@type":"BreadcrumbList","@id":"https:\/\/horst.salvador-dali.org\/es\/obra\/#breadcrumb","itemListElement":[{"@type":"ListItem","position":1,"name":"Inici","item":"https:\/\/horst.salvador-dali.org\/es\/"},{"@type":"ListItem","position":2,"name":"Obra"}]},{"@type":"WebSite","@id":"https:\/\/horst.salvador-dali.org\/es\/#website","url":"https:\/\/horst.salvador-dali.org\/es\/","name":"Dal\u00ed\/Horst - Mirades creuades","description":"","potentialAction":[{"@type":"SearchAction","target":{"@type":"EntryPoint","urlTemplate":"https:\/\/horst.salvador-dali.org\/es\/?s={search_term_string}"},"query-input":{"@type":"PropertyValueSpecification","valueRequired":true,"valueName":"search_term_string"}}],"inLanguage":"es"}]}},"_links":{"self":[{"href":"https:\/\/horst.salvador-dali.org\/es\/wp-json\/wp\/v2\/pages\/2506","targetHints":{"allow":["GET"]}}],"collection":[{"href":"https:\/\/horst.salvador-dali.org\/es\/wp-json\/wp\/v2\/pages"}],"about":[{"href":"https:\/\/horst.salvador-dali.org\/es\/wp-json\/wp\/v2\/types\/page"}],"author":[{"embeddable":true,"href":"https:\/\/horst.salvador-dali.org\/es\/wp-json\/wp\/v2\/users\/7"}],"replies":[{"embeddable":true,"href":"https:\/\/horst.salvador-dali.org\/es\/wp-json\/wp\/v2\/comments?post=2506"}],"version-history":[{"count":9,"href":"https:\/\/horst.salvador-dali.org\/es\/wp-json\/wp\/v2\/pages\/2506\/revisions"}],"predecessor-version":[{"id":2689,"href":"https:\/\/horst.salvador-dali.org\/es\/wp-json\/wp\/v2\/pages\/2506\/revisions\/2689"}],"wp:attachment":[{"href":"https:\/\/horst.salvador-dali.org\/es\/wp-json\/wp\/v2\/media?parent=2506"}],"curies":[{"name":"wp","href":"https:\/\/api.w.org\/{rel}","templated":true}]}}