{"id":1990,"date":"2025-05-25T09:12:22","date_gmt":"2025-05-25T07:12:22","guid":{"rendered":"https:\/\/horst.salvador-dali.org\/home\/"},"modified":"2026-03-03T18:24:28","modified_gmt":"2026-03-03T17:24:28","slug":"inici","status":"publish","type":"page","link":"https:\/\/horst.salvador-dali.org\/es\/","title":{"rendered":"Inicio"},"content":{"rendered":"\n<div class=\"wp-block-columns container presentacio p-0 is-layout-flex wp-container-core-columns-is-layout-9d6595d7 wp-block-columns-is-layout-flex\">\n<div class=\"wp-block-column is-layout-flow wp-block-column-is-layout-flow\">\n<h2 class=\"wp-block-heading\"><strong>Presentaci\u00f3n<\/strong><\/h2>\n\n\n\n<h3 class=\"wp-block-heading\"><em><strong>Dal\u00ed\/Horst.\u00a0Miradas cruzadas<\/strong>\u00a0<\/em><\/h3>\n<\/div>\n\n\n\n<div class=\"wp-block-column is-layout-flow wp-block-column-is-layout-flow\">\n<p class=\"has-medium-font-size\">A finales de la d\u00e9cada de los treinta, Salvador Dal\u00ed y el fot\u00f3grafo de&nbsp;<em>Vogue<\/em>, Horst P. Horst, comparten escenarios, amigos y complicidades. En Par\u00eds se relacionan con artistas,&nbsp;<em>couturiers<\/em>, dise\u00f1adores, arquitectos e intelectuales&nbsp;que marcan de forma decisiva su trayectoria y les inspiran en la creaci\u00f3n de un lenguaje propio.&nbsp;<\/p>\n\n\n\n<p class=\"has-medium-font-size\">La exposici\u00f3n invita a explorar la mirada de estos dos autores que han dejado una huella imborrable en el imaginario colectivo y que a\u00fan hoy,&nbsp;contin\u00faan siendo&nbsp;influyentes en&nbsp;la moda y el arte.&nbsp;<\/p>\n\n\n\n<p class=\"has-medium-font-size\">Por un lado, se muestran los proyectos editoriales y art\u00edsticos en los que colaboraron a lo largo de una d\u00e9cada. En estas iniciativas conjuntas, artista y fot\u00f3grafo transforman la acci\u00f3n de mirar en un acto creativo, deliberado&nbsp;y po\u00e9tico, en el que la fascinaci\u00f3n por el mundo cl\u00e1sico, a menudo, se erige como tel\u00f3n de fondo. Por otra parte, los retratos y contactos fotogr\u00e1ficos&nbsp;de&nbsp;Horst, as\u00ed como las piezas procedentes del archivo de moda de Gala y Dal\u00ed, nos permiten descubrir los elementos esenciales que intervienen en la puesta en escena de quien mira, pero tambi\u00e9n de quien es mirado.&nbsp;<\/p>\n<\/div>\n<\/div>\n\n\n\n<div class=\"wp-block-columns container opcions is-layout-flex wp-container-core-columns-is-layout-9d6595d7 wp-block-columns-is-layout-flex\">\n<div class=\"wp-block-column is-vertically-aligned-top is-layout-flow wp-block-column-is-layout-flow\">\n<figure class=\"wp-block-image size-full image-obra\"><img loading=\"lazy\" decoding=\"async\" width=\"1024\" height=\"1263\" src=\"https:\/\/horst.salvador-dali.org\/wp-content\/uploads\/2026\/02\/obra.jpg\" alt=\"\" class=\"wp-image-2249\" srcset=\"https:\/\/horst.salvador-dali.org\/wp-content\/uploads\/2026\/02\/obra.jpg 1024w, https:\/\/horst.salvador-dali.org\/wp-content\/uploads\/2026\/02\/obra-243x300.jpg 243w, https:\/\/horst.salvador-dali.org\/wp-content\/uploads\/2026\/02\/obra-830x1024.jpg 830w, https:\/\/horst.salvador-dali.org\/wp-content\/uploads\/2026\/02\/obra-768x947.jpg 768w\" sizes=\"auto, (max-width: 1024px) 100vw, 1024px\" \/><\/figure>\n\n\n\n<div class=\"wp-block-columns is-not-stacked-on-mobile opcions-titol is-layout-flex wp-container-core-columns-is-layout-9d6595d7 wp-block-columns-is-layout-flex\">\n<div class=\"wp-block-column is-layout-flow wp-block-column-is-layout-flow\" style=\"flex-basis:90%\">\n<h2 class=\"wp-block-heading\">Obra<\/h2>\n\n\n\n<p>La mirada fotogr\u00e1fica de Horst<\/p>\n<\/div>\n\n\n\n<div class=\"wp-block-column is-layout-flow wp-block-column-is-layout-flow\" style=\"flex-basis:10%\">\n<div class=\"wp-block-buttons is-content-justification-center is-layout-flex wp-container-core-buttons-is-layout-16018d1d wp-block-buttons-is-layout-flex\">\n<div class=\"wp-block-button is-style-outline is-style-outline--1\"><a class=\"wp-block-button__link has-small-font-size has-custom-font-size wp-element-button\" href=\"https:\/\/horst.salvador-dali.org\/es\/obra\/\">ver<\/a><\/div>\n<\/div>\n<\/div>\n<\/div>\n\n\n\n<p class=\"opcions-text\">Una selecci\u00f3n de obras permite profundizar en el universo visual de Horst P. Horst, mediante fotograf\u00edas, proyectos editoriales y materiales vinculados a la moda. La presencia de Salvador Dal\u00ed se manifiesta como contexto, influencia y complicidad creativa, reforzando una concepci\u00f3n deliberada y po\u00e9tica del acto de mirar.<\/p>\n<\/div>\n\n\n\n<div class=\"wp-block-column is-layout-flow wp-block-column-is-layout-flow\">\n<figure class=\"wp-block-image size-full\"><img loading=\"lazy\" decoding=\"async\" width=\"1024\" height=\"1297\" src=\"https:\/\/horst.salvador-dali.org\/wp-content\/uploads\/2026\/02\/cronologia.jpg\" alt=\"\" class=\"wp-image-2254\" srcset=\"https:\/\/horst.salvador-dali.org\/wp-content\/uploads\/2026\/02\/cronologia.jpg 1024w, https:\/\/horst.salvador-dali.org\/wp-content\/uploads\/2026\/02\/cronologia-237x300.jpg 237w, https:\/\/horst.salvador-dali.org\/wp-content\/uploads\/2026\/02\/cronologia-808x1024.jpg 808w, https:\/\/horst.salvador-dali.org\/wp-content\/uploads\/2026\/02\/cronologia-768x973.jpg 768w\" sizes=\"auto, (max-width: 1024px) 100vw, 1024px\" \/><\/figure>\n\n\n\n<div class=\"wp-block-columns is-not-stacked-on-mobile opcions-titol is-layout-flex wp-container-core-columns-is-layout-9d6595d7 wp-block-columns-is-layout-flex\">\n<div class=\"wp-block-column is-layout-flow wp-block-column-is-layout-flow\" style=\"flex-basis:90%\">\n<h2 class=\"wp-block-heading\">Cronolog\u00eda<\/h2>\n\n\n\n<p>Contextos compartidos y trayectorias paralelas<\/p>\n<\/div>\n\n\n\n<div class=\"wp-block-column is-layout-flow wp-block-column-is-layout-flow\" style=\"flex-basis:10%\">\n<div class=\"wp-block-buttons is-content-justification-center is-layout-flex wp-container-core-buttons-is-layout-16018d1d wp-block-buttons-is-layout-flex\">\n<div class=\"wp-block-button is-style-outline is-style-outline--2\"><a class=\"wp-block-button__link has-small-font-size has-custom-font-size wp-element-button\" href=\"https:\/\/horst.salvador-dali.org\/es\/inici\/cronologia\/\">ver<\/a><\/div>\n<\/div>\n<\/div>\n<\/div>\n\n\n\n<p class=\"opcions-text\">La cronolog\u00eda sit\u00faa a Salvador Dal\u00ed y Horst P. Horst en su contexto hist\u00f3rico y creativo. El recorrido temporal permite entender los momentos clave de sus carreras, los puntos de contacto y las divergencias, y c\u00f3mo el paso del tiempo, las experiencias y los entornos moldearon sus miradas.<\/p>\n<\/div>\n<\/div>\n\n\n\n<div class=\"wp-block-columns biografia is-layout-flex wp-container-core-columns-is-layout-9d6595d7 wp-block-columns-is-layout-flex\">\n<div class=\"wp-block-column container is-layout-flow wp-block-column-is-layout-flow\" style=\"flex-basis:60%\">\n<h2 class=\"wp-block-heading\"><strong>HORST P. HORST<\/strong><\/h2>\n\n\n\n<p>Horst P. Horst&nbsp;se considera una de las grandes figuras de la fotograf\u00eda de moda del siglo&nbsp;xx. Im\u00e1genes ic\u00f3nicas como&nbsp;<em>Mainbocher&nbsp;Corset<\/em>&nbsp;(1939),&nbsp;los dise\u00f1os de vestuario de Salvador Dal\u00ed y Coco Chanel para el&nbsp;ballet&nbsp;<em>Bacanal&nbsp;<\/em>(1939), as\u00ed como retratos inolvidables de artistas, dise\u00f1adores de moda,&nbsp;<em>socialit\u00e9s<\/em>&nbsp;y celebridades de todo tipo, forman parte del imaginario colectivo y han contribuido decisivamente a definir la est\u00e9tica de la moda y del retrato fotogr\u00e1fico de su tiempo.&nbsp;&nbsp;<\/p>\n\n\n\n<button id=\"button-ext-presentacio\" class=\"expand\" title=\"Leed la biograf\u00eda\">\n<span class=\"text-expand\">Leer m\u00e1s <\/span>\n<\/button>\n<\/div>\n\n\n\n<div class=\"wp-block-column is-layout-flow wp-block-column-is-layout-flow\" style=\"flex-basis:40%\">\n<figure class=\"wp-block-image size-large image\"><img loading=\"lazy\" decoding=\"async\" width=\"819\" height=\"1024\" src=\"https:\/\/horst.salvador-dali.org\/wp-content\/uploads\/2026\/02\/biografia-819x1024.webp\" alt=\"\" class=\"wp-image-2296\" srcset=\"https:\/\/horst.salvador-dali.org\/wp-content\/uploads\/2026\/02\/biografia-819x1024.webp 819w, https:\/\/horst.salvador-dali.org\/wp-content\/uploads\/2026\/02\/biografia-240x300.webp 240w, https:\/\/horst.salvador-dali.org\/wp-content\/uploads\/2026\/02\/biografia-768x960.webp 768w, https:\/\/horst.salvador-dali.org\/wp-content\/uploads\/2026\/02\/biografia-1229x1536.webp 1229w, https:\/\/horst.salvador-dali.org\/wp-content\/uploads\/2026\/02\/biografia-1638x2048.webp 1638w, https:\/\/horst.salvador-dali.org\/wp-content\/uploads\/2026\/02\/biografia.webp 2048w\" sizes=\"auto, (max-width: 819px) 100vw, 819px\" \/><\/figure>\n<\/div>\n<\/div>\n\n\n\n<div class=\"wp-block-columns expand-content llegir-mes is-layout-flex wp-container-core-columns-is-layout-9d6595d7 wp-block-columns-is-layout-flex\" id=\"ext-presentacio\">\n<div class=\"wp-block-column is-layout-flow wp-block-column-is-layout-flow\">\n<button class=\"expanded-close\"><\/button>\n\n\n\n<p>Horst Paul Albert&nbsp;Bohrmann&nbsp;naci\u00f3&nbsp;en 1906 en el seno de una familia pr\u00f3spera y culta&nbsp;de comerciantes&nbsp;en&nbsp;Weissenfels&nbsp;(Alemania).&nbsp;Estudi\u00f3&nbsp;arquitectura&nbsp;en Hamburgo hasta que, en 1930,&nbsp;empujado por su esp\u00edritu aventurero y su profundo af\u00e1n de belleza, lleg\u00f3&nbsp;a Par\u00eds para trabajar como aprendiz en el estudio de&nbsp;Le Corbusier.&nbsp;La experiencia no le&nbsp;result\u00f3&nbsp;muy estimulante al joven, pero le&nbsp;permiti\u00f3&nbsp;ampliar su c\u00edrculo de amistades y recorrer durante horas las salas de museos y galer\u00edas de la ciudad. Muy pronto&nbsp;conoci\u00f3&nbsp;al bar\u00f3n George&nbsp;Hoyningen-Huene,&nbsp;entonces fot\u00f3grafo estrella de&nbsp;<em>Vogue<\/em>, que se&nbsp;convirti\u00f3&nbsp;en su mentor y le&nbsp;abri\u00f3&nbsp;las puertas del vibrante mundo creativo e intelectual parisino. Gracias a&nbsp;Hoyningen-Huene, Horst&nbsp;descubri\u00f3&nbsp;su verdadera vocaci\u00f3n y&nbsp;tom\u00f3&nbsp;las riendas de su destino hasta&nbsp;llegar a convertirse&nbsp;en uno de los fot\u00f3grafos m\u00e1s emblem\u00e1ticos del universo&nbsp;Cond\u00e9&nbsp;Nast, el gran imperio editorial de revistas como&nbsp;<em>Vogue<\/em>&nbsp;y&nbsp;<em>Vanity&nbsp;Fair<\/em>.&nbsp;<\/p>\n\n\n\n<p>Sus trabajos para&nbsp;<em>Vogue<\/em>&nbsp;son&nbsp;testimonio&nbsp;de un observador privilegiado. Dotado de una gran cultura y especialmente sensible tanto a la est\u00e9tica cl\u00e1sica como al surrealismo, fue capaz de mostrar la belleza durante uno de los momentos m\u00e1s oscuros del siglo pasado, marcado por la guerra y la incertidumbre. Con una obra profundamente evocadora, construida a partir&nbsp;de un dominio exquisito de la luz, la composici\u00f3n y el gesto, Horst hizo so\u00f1ar a toda una generaci\u00f3n de lectores y creadores, y marc\u00f3 las bases de un ideal de belleza moderno, sofisticado y atemporal.&nbsp;<\/p>\n<\/div>\n<\/div>\n\n\n\n<div class=\"wp-block-columns cita is-layout-flex wp-container-core-columns-is-layout-9d6595d7 wp-block-columns-is-layout-flex\">\n<div class=\"wp-block-column container is-layout-flow wp-block-column-is-layout-flow\">\n<blockquote class=\"wp-block-quote is-layout-flow wp-block-quote-is-layout-flow\">\n<p class=\"has-text-align-center\"><strong>\u00abHorst pod\u00eda hacer las im\u00e1genes m\u00e1s bellas y rom\u00e1nticas de una mujer. Hoyningen-Huene las hac\u00eda m\u00e1s poderosas; Avedon y yo, m\u00e1s extra\u00f1as, pero las suyas siempre eran amorosas y respetuosas.\u00bb<\/strong><\/p>\n<\/blockquote>\n\n\n\n<p class=\"has-text-align-center dali\"><strong>IRVING PENN, fot\u00f3grafo<\/strong><\/p>\n<\/div>\n<\/div>\n","protected":false},"excerpt":{"rendered":"<p>Presentaci\u00f3n Dal\u00ed\/Horst.\u00a0Miradas cruzadas\u00a0 A finales de la d\u00e9cada de los treinta, Salvador Dal\u00ed y el fot\u00f3grafo de&nbsp;Vogue, Horst P. Horst, comparten escenarios, amigos y complicidades. En Par\u00eds se relacionan con artistas,&nbsp;couturiers, dise\u00f1adores, arquitectos e intelectuales&nbsp;que marcan de forma decisiva su trayectoria y les inspiran en la creaci\u00f3n de un lenguaje propio.&nbsp; La exposici\u00f3n invita a [&#8230;]<\/p>\n<p><a class=\"btn btn-secondary understrap-read-more-link\" href=\"https:\/\/horst.salvador-dali.org\/es\/\">Leer m\u00e1s&#8230;<span class=\"screen-reader-text\"> from Inicio<\/span><\/a><\/p>\n","protected":false},"author":6,"featured_media":2738,"parent":0,"menu_order":14,"comment_status":"closed","ping_status":"closed","template":"","meta":{"_acf_changed":false,"inline_featured_image":false,"footnotes":""},"class_list":["post-1990","page","type-page","status-publish","has-post-thumbnail","hentry"],"acf":[],"yoast_head":"<!-- This site is optimized with the Yoast SEO plugin v27.4 - https:\/\/yoast.com\/product\/yoast-seo-wordpress\/ -->\n<title>Dal\u00ed\/Horst | Fundaci\u00f3 Gala - Salvador Dal\u00ed<\/title>\n<meta name=\"description\" content=\"La exposici\u00f3n Dal\u00ed\/Horst. Miradas cruzadas, en el Castillo Gala Dal\u00ed de P\u00fabol, examina la relaci\u00f3n profesional y las complicidades creativas entre Salvador Dal\u00ed y Horst P. Horst a partir de proyectos compartidos, retratos e influencias mutuas desarrolladas durante varias d\u00e9cadas. La muestra propone una reflexi\u00f3n sobre el acto de mirar y sobre la construcci\u00f3n de un universo visual que se mantiene como un referente clave tanto en el arte como en la moda actual.\" \/>\n<meta name=\"robots\" content=\"index, follow, max-snippet:-1, max-image-preview:large, max-video-preview:-1\" \/>\n<link rel=\"canonical\" href=\"https:\/\/horst.salvador-dali.org\/es\/\" \/>\n<meta property=\"og:locale\" content=\"es_ES\" \/>\n<meta property=\"og:type\" content=\"article\" \/>\n<meta property=\"og:title\" content=\"Dal\u00ed\/Horst | Fundaci\u00f3 Gala - Salvador Dal\u00ed\" \/>\n<meta property=\"og:description\" content=\"La exposici\u00f3n Dal\u00ed\/Horst. Miradas cruzadas, en el Castillo Gala Dal\u00ed de P\u00fabol, examina la relaci\u00f3n profesional y las complicidades creativas entre Salvador Dal\u00ed y Horst P. Horst a partir de proyectos compartidos, retratos e influencias mutuas desarrolladas durante varias d\u00e9cadas. La muestra propone una reflexi\u00f3n sobre el acto de mirar y sobre la construcci\u00f3n de un universo visual que se mantiene como un referente clave tanto en el arte como en la moda actual.\" \/>\n<meta property=\"og:url\" content=\"https:\/\/horst.salvador-dali.org\/es\/\" \/>\n<meta property=\"og:site_name\" content=\"Dal\u00ed\/Horst\" \/>\n<meta property=\"article:publisher\" content=\"https:\/\/www.facebook.com\/MuseusDali\" \/>\n<meta property=\"article:modified_time\" content=\"2026-03-03T17:24:28+00:00\" \/>\n<meta property=\"og:image\" content=\"https:\/\/horst.salvador-dali.org\/wp-content\/uploads\/2026\/02\/2603_resized-Personalizado.jpg\" \/>\n\t<meta property=\"og:image:width\" content=\"1920\" \/>\n\t<meta property=\"og:image:height\" content=\"1496\" \/>\n\t<meta property=\"og:image:type\" content=\"image\/jpeg\" \/>\n<meta name=\"twitter:card\" content=\"summary_large_image\" \/>\n<meta name=\"twitter:site\" content=\"@MuseuDali\" \/>\n<meta name=\"twitter:label1\" content=\"Tiempo de lectura\" \/>\n\t<meta name=\"twitter:data1\" content=\"5 minutos\" \/>\n<script type=\"application\/ld+json\" class=\"yoast-schema-graph\">{\"@context\":\"https:\\\/\\\/schema.org\",\"@graph\":[{\"@type\":\"WebPage\",\"@id\":\"https:\\\/\\\/horst.salvador-dali.org\\\/es\\\/\",\"url\":\"https:\\\/\\\/horst.salvador-dali.org\\\/es\\\/\",\"name\":\"Dal\u00ed\\\/Horst | Fundaci\u00f3 Gala - Salvador Dal\u00ed\",\"isPartOf\":{\"@id\":\"https:\\\/\\\/horst.salvador-dali.org\\\/es\\\/#website\"},\"primaryImageOfPage\":{\"@id\":\"https:\\\/\\\/horst.salvador-dali.org\\\/es\\\/#primaryimage\"},\"image\":{\"@id\":\"https:\\\/\\\/horst.salvador-dali.org\\\/es\\\/#primaryimage\"},\"thumbnailUrl\":\"https:\\\/\\\/horst.salvador-dali.org\\\/wp-content\\\/uploads\\\/2026\\\/02\\\/2603_resized-Personalizado.jpg\",\"datePublished\":\"2025-05-25T07:12:22+00:00\",\"dateModified\":\"2026-03-03T17:24:28+00:00\",\"description\":\"La exposici\u00f3n Dal\u00ed\\\/Horst. Miradas cruzadas, en el Castillo Gala Dal\u00ed de P\u00fabol, examina la relaci\u00f3n profesional y las complicidades creativas entre Salvador Dal\u00ed y Horst P. Horst a partir de proyectos compartidos, retratos e influencias mutuas desarrolladas durante varias d\u00e9cadas. La muestra propone una reflexi\u00f3n sobre el acto de mirar y sobre la construcci\u00f3n de un universo visual que se mantiene como un referente clave tanto en el arte como en la moda actual.\",\"breadcrumb\":{\"@id\":\"https:\\\/\\\/horst.salvador-dali.org\\\/es\\\/#breadcrumb\"},\"inLanguage\":\"es\",\"potentialAction\":[{\"@type\":\"ReadAction\",\"target\":[\"https:\\\/\\\/horst.salvador-dali.org\\\/es\\\/\"]}]},{\"@type\":\"ImageObject\",\"inLanguage\":\"es\",\"@id\":\"https:\\\/\\\/horst.salvador-dali.org\\\/es\\\/#primaryimage\",\"url\":\"https:\\\/\\\/horst.salvador-dali.org\\\/wp-content\\\/uploads\\\/2026\\\/02\\\/2603_resized-Personalizado.jpg\",\"contentUrl\":\"https:\\\/\\\/horst.salvador-dali.org\\\/wp-content\\\/uploads\\\/2026\\\/02\\\/2603_resized-Personalizado.jpg\",\"width\":1920,\"height\":1496,\"caption\":\"Horst P. Horst, Gala, 1943. Copia de \u00e9poca. Arxiu Fundaci\u00f3 Gala-Salvador Dal\u00ed\"},{\"@type\":\"BreadcrumbList\",\"@id\":\"https:\\\/\\\/horst.salvador-dali.org\\\/es\\\/#breadcrumb\",\"itemListElement\":[{\"@type\":\"ListItem\",\"position\":1,\"name\":\"Inici\",\"item\":\"https:\\\/\\\/horst.salvador-dali.org\\\/es\\\/\"},{\"@type\":\"ListItem\",\"position\":2,\"name\":\"Inicio\"}]},{\"@type\":\"WebSite\",\"@id\":\"https:\\\/\\\/horst.salvador-dali.org\\\/es\\\/#website\",\"url\":\"https:\\\/\\\/horst.salvador-dali.org\\\/es\\\/\",\"name\":\"Dal\u00ed\\\/Horst - Mirades creuades\",\"description\":\"\",\"potentialAction\":[{\"@type\":\"SearchAction\",\"target\":{\"@type\":\"EntryPoint\",\"urlTemplate\":\"https:\\\/\\\/horst.salvador-dali.org\\\/es\\\/?s={search_term_string}\"},\"query-input\":{\"@type\":\"PropertyValueSpecification\",\"valueRequired\":true,\"valueName\":\"search_term_string\"}}],\"inLanguage\":\"es\"}]}<\/script>\n<!-- \/ Yoast SEO plugin. -->","yoast_head_json":{"title":"Dal\u00ed\/Horst | Fundaci\u00f3 Gala - Salvador Dal\u00ed","description":"La exposici\u00f3n Dal\u00ed\/Horst. Miradas cruzadas, en el Castillo Gala Dal\u00ed de P\u00fabol, examina la relaci\u00f3n profesional y las complicidades creativas entre Salvador Dal\u00ed y Horst P. Horst a partir de proyectos compartidos, retratos e influencias mutuas desarrolladas durante varias d\u00e9cadas. La muestra propone una reflexi\u00f3n sobre el acto de mirar y sobre la construcci\u00f3n de un universo visual que se mantiene como un referente clave tanto en el arte como en la moda actual.","robots":{"index":"index","follow":"follow","max-snippet":"max-snippet:-1","max-image-preview":"max-image-preview:large","max-video-preview":"max-video-preview:-1"},"canonical":"https:\/\/horst.salvador-dali.org\/es\/","og_locale":"es_ES","og_type":"article","og_title":"Dal\u00ed\/Horst | Fundaci\u00f3 Gala - Salvador Dal\u00ed","og_description":"La exposici\u00f3n Dal\u00ed\/Horst. Miradas cruzadas, en el Castillo Gala Dal\u00ed de P\u00fabol, examina la relaci\u00f3n profesional y las complicidades creativas entre Salvador Dal\u00ed y Horst P. Horst a partir de proyectos compartidos, retratos e influencias mutuas desarrolladas durante varias d\u00e9cadas. La muestra propone una reflexi\u00f3n sobre el acto de mirar y sobre la construcci\u00f3n de un universo visual que se mantiene como un referente clave tanto en el arte como en la moda actual.","og_url":"https:\/\/horst.salvador-dali.org\/es\/","og_site_name":"Dal\u00ed\/Horst","article_publisher":"https:\/\/www.facebook.com\/MuseusDali","article_modified_time":"2026-03-03T17:24:28+00:00","og_image":[{"width":1920,"height":1496,"url":"https:\/\/horst.salvador-dali.org\/wp-content\/uploads\/2026\/02\/2603_resized-Personalizado.jpg","type":"image\/jpeg"}],"twitter_card":"summary_large_image","twitter_site":"@MuseuDali","twitter_misc":{"Tiempo de lectura":"5 minutos"},"schema":{"@context":"https:\/\/schema.org","@graph":[{"@type":"WebPage","@id":"https:\/\/horst.salvador-dali.org\/es\/","url":"https:\/\/horst.salvador-dali.org\/es\/","name":"Dal\u00ed\/Horst | Fundaci\u00f3 Gala - Salvador Dal\u00ed","isPartOf":{"@id":"https:\/\/horst.salvador-dali.org\/es\/#website"},"primaryImageOfPage":{"@id":"https:\/\/horst.salvador-dali.org\/es\/#primaryimage"},"image":{"@id":"https:\/\/horst.salvador-dali.org\/es\/#primaryimage"},"thumbnailUrl":"https:\/\/horst.salvador-dali.org\/wp-content\/uploads\/2026\/02\/2603_resized-Personalizado.jpg","datePublished":"2025-05-25T07:12:22+00:00","dateModified":"2026-03-03T17:24:28+00:00","description":"La exposici\u00f3n Dal\u00ed\/Horst. Miradas cruzadas, en el Castillo Gala Dal\u00ed de P\u00fabol, examina la relaci\u00f3n profesional y las complicidades creativas entre Salvador Dal\u00ed y Horst P. Horst a partir de proyectos compartidos, retratos e influencias mutuas desarrolladas durante varias d\u00e9cadas. La muestra propone una reflexi\u00f3n sobre el acto de mirar y sobre la construcci\u00f3n de un universo visual que se mantiene como un referente clave tanto en el arte como en la moda actual.","breadcrumb":{"@id":"https:\/\/horst.salvador-dali.org\/es\/#breadcrumb"},"inLanguage":"es","potentialAction":[{"@type":"ReadAction","target":["https:\/\/horst.salvador-dali.org\/es\/"]}]},{"@type":"ImageObject","inLanguage":"es","@id":"https:\/\/horst.salvador-dali.org\/es\/#primaryimage","url":"https:\/\/horst.salvador-dali.org\/wp-content\/uploads\/2026\/02\/2603_resized-Personalizado.jpg","contentUrl":"https:\/\/horst.salvador-dali.org\/wp-content\/uploads\/2026\/02\/2603_resized-Personalizado.jpg","width":1920,"height":1496,"caption":"Horst P. Horst, Gala, 1943. Copia de \u00e9poca. Arxiu Fundaci\u00f3 Gala-Salvador Dal\u00ed"},{"@type":"BreadcrumbList","@id":"https:\/\/horst.salvador-dali.org\/es\/#breadcrumb","itemListElement":[{"@type":"ListItem","position":1,"name":"Inici","item":"https:\/\/horst.salvador-dali.org\/es\/"},{"@type":"ListItem","position":2,"name":"Inicio"}]},{"@type":"WebSite","@id":"https:\/\/horst.salvador-dali.org\/es\/#website","url":"https:\/\/horst.salvador-dali.org\/es\/","name":"Dal\u00ed\/Horst - Mirades creuades","description":"","potentialAction":[{"@type":"SearchAction","target":{"@type":"EntryPoint","urlTemplate":"https:\/\/horst.salvador-dali.org\/es\/?s={search_term_string}"},"query-input":{"@type":"PropertyValueSpecification","valueRequired":true,"valueName":"search_term_string"}}],"inLanguage":"es"}]}},"_links":{"self":[{"href":"https:\/\/horst.salvador-dali.org\/es\/wp-json\/wp\/v2\/pages\/1990","targetHints":{"allow":["GET"]}}],"collection":[{"href":"https:\/\/horst.salvador-dali.org\/es\/wp-json\/wp\/v2\/pages"}],"about":[{"href":"https:\/\/horst.salvador-dali.org\/es\/wp-json\/wp\/v2\/types\/page"}],"author":[{"embeddable":true,"href":"https:\/\/horst.salvador-dali.org\/es\/wp-json\/wp\/v2\/users\/6"}],"replies":[{"embeddable":true,"href":"https:\/\/horst.salvador-dali.org\/es\/wp-json\/wp\/v2\/comments?post=1990"}],"version-history":[{"count":90,"href":"https:\/\/horst.salvador-dali.org\/es\/wp-json\/wp\/v2\/pages\/1990\/revisions"}],"predecessor-version":[{"id":2921,"href":"https:\/\/horst.salvador-dali.org\/es\/wp-json\/wp\/v2\/pages\/1990\/revisions\/2921"}],"wp:featuredmedia":[{"embeddable":true,"href":"https:\/\/horst.salvador-dali.org\/es\/wp-json\/wp\/v2\/media\/2738"}],"wp:attachment":[{"href":"https:\/\/horst.salvador-dali.org\/es\/wp-json\/wp\/v2\/media?parent=1990"}],"curies":[{"name":"wp","href":"https:\/\/api.w.org\/{rel}","templated":true}]}}