{"id":2498,"date":"2025-05-25T09:12:22","date_gmt":"2025-05-25T07:12:22","guid":{"rendered":"https:\/\/horst.salvador-dali.org\/inici\/"},"modified":"2026-03-03T18:24:45","modified_gmt":"2026-03-03T17:24:45","slug":"inici","status":"publish","type":"page","link":"https:\/\/horst.salvador-dali.org\/en\/","title":{"rendered":"Home"},"content":{"rendered":"\n<div class=\"wp-block-columns container presentacio p-0 is-layout-flex wp-container-core-columns-is-layout-9d6595d7 wp-block-columns-is-layout-flex\">\n<div class=\"wp-block-column is-layout-flow wp-block-column-is-layout-flow\">\n<h2 class=\"wp-block-heading\"><strong>Introduction<\/strong><\/h2>\n\n\n\n<h3 class=\"wp-block-heading\"><strong><em>Dal\u00ed\/Horst.\u00a0Crossed gazes<\/em>\u00a0<\/strong><\/h3>\n<\/div>\n\n\n\n<div class=\"wp-block-column is-layout-flow wp-block-column-is-layout-flow\">\n<p class=\"has-medium-font-size\">In&nbsp;the&nbsp;late&nbsp;nineteen thirties, Salvador Dal\u00ed and&nbsp;<em>Vogue<\/em>&nbsp;photographer Horst P. Horst shared&nbsp;locations,&nbsp;friends&nbsp;and&nbsp;mutual confidences. In Paris, they interacted with artists, couturiers, designers,&nbsp;architects&nbsp;and intellectuals who&nbsp;had a&nbsp;decisive&nbsp;impact on&nbsp;their&nbsp;respective&nbsp;careers and inspired them to create their own language.&nbsp;<\/p>\n\n\n\n<p class=\"has-medium-font-size\">The exhibition invites us to explore the gaze of two&nbsp;creative talents who have left an indelible mark on the collective imagination and&nbsp;continue, even today, to influence&nbsp;the&nbsp;worlds of fashion and art.&nbsp;<\/p>\n\n\n\n<p class=\"has-medium-font-size\">On the one hand, the&nbsp;show presents the&nbsp;editorial and artistic projects&nbsp;on which they collaborated over the course of a decade. In these joint initiatives, artist and photographer transform the action of looking into a deliberate and poetic&nbsp;creative&nbsp;act, in which&nbsp;a&nbsp;fascination with the classical&nbsp;heritage&nbsp;often&nbsp;serves&nbsp;as a backdrop. On the other hand, Horst&#8217;s portraits and contact&nbsp;prints,&nbsp;together with&nbsp;pieces from Gala and Dal\u00ed&#8217;s fashion archive, allow us to discover the essential elements that intervene in the staging of the viewer, but also of the viewed.&nbsp;<\/p>\n<\/div>\n<\/div>\n\n\n\n<div class=\"wp-block-columns container opcions is-layout-flex wp-container-core-columns-is-layout-9d6595d7 wp-block-columns-is-layout-flex\">\n<div class=\"wp-block-column is-vertically-aligned-top is-layout-flow wp-block-column-is-layout-flow\">\n<figure class=\"wp-block-image size-full image-obra\"><img loading=\"lazy\" decoding=\"async\" width=\"1024\" height=\"1263\" src=\"https:\/\/horst.salvador-dali.org\/wp-content\/uploads\/2026\/02\/obra.jpg\" alt=\"\" class=\"wp-image-2249\" srcset=\"https:\/\/horst.salvador-dali.org\/wp-content\/uploads\/2026\/02\/obra.jpg 1024w, https:\/\/horst.salvador-dali.org\/wp-content\/uploads\/2026\/02\/obra-243x300.jpg 243w, https:\/\/horst.salvador-dali.org\/wp-content\/uploads\/2026\/02\/obra-830x1024.jpg 830w, https:\/\/horst.salvador-dali.org\/wp-content\/uploads\/2026\/02\/obra-768x947.jpg 768w\" sizes=\"auto, (max-width: 1024px) 100vw, 1024px\" \/><\/figure>\n\n\n\n<div class=\"wp-block-columns is-not-stacked-on-mobile opcions-titol is-layout-flex wp-container-core-columns-is-layout-9d6595d7 wp-block-columns-is-layout-flex\">\n<div class=\"wp-block-column is-layout-flow wp-block-column-is-layout-flow\" style=\"flex-basis:90%\">\n<h2 class=\"wp-block-heading\">Artwork<\/h2>\n\n\n\n<p>Horst&#8217;s photographic gaze<\/p>\n<\/div>\n\n\n\n<div class=\"wp-block-column is-layout-flow wp-block-column-is-layout-flow\" style=\"flex-basis:10%\">\n<div class=\"wp-block-buttons is-content-justification-center is-layout-flex wp-container-core-buttons-is-layout-16018d1d wp-block-buttons-is-layout-flex\">\n<div class=\"wp-block-button is-style-outline is-style-outline--1\"><a class=\"wp-block-button__link has-small-font-size has-custom-font-size wp-element-button\" href=\"https:\/\/horst.salvador-dali.org\/en\/artwork\/\">See<\/a><\/div>\n<\/div>\n<\/div>\n<\/div>\n\n\n\n<p class=\"opcions-text\">A selection of works allows us to delve deeper into the visual universe of Horst P. Horst, through photographs, editorial projects and materials linked to fashion. The presence of Salvador Dal\u00ed is manifested as context, influence and creative complicity, reinforcing a deliberate and poetic conception of the act of looking.<\/p>\n<\/div>\n\n\n\n<div class=\"wp-block-column is-layout-flow wp-block-column-is-layout-flow\">\n<figure class=\"wp-block-image size-full\"><img loading=\"lazy\" decoding=\"async\" width=\"1024\" height=\"1297\" src=\"https:\/\/horst.salvador-dali.org\/wp-content\/uploads\/2026\/02\/cronologia.jpg\" alt=\"\" class=\"wp-image-2254\" srcset=\"https:\/\/horst.salvador-dali.org\/wp-content\/uploads\/2026\/02\/cronologia.jpg 1024w, https:\/\/horst.salvador-dali.org\/wp-content\/uploads\/2026\/02\/cronologia-237x300.jpg 237w, https:\/\/horst.salvador-dali.org\/wp-content\/uploads\/2026\/02\/cronologia-808x1024.jpg 808w, https:\/\/horst.salvador-dali.org\/wp-content\/uploads\/2026\/02\/cronologia-768x973.jpg 768w\" sizes=\"auto, (max-width: 1024px) 100vw, 1024px\" \/><\/figure>\n\n\n\n<div class=\"wp-block-columns is-not-stacked-on-mobile opcions-titol is-layout-flex wp-container-core-columns-is-layout-9d6595d7 wp-block-columns-is-layout-flex\">\n<div class=\"wp-block-column is-layout-flow wp-block-column-is-layout-flow\" style=\"flex-basis:90%\">\n<h2 class=\"wp-block-heading\">Chronology<\/h2>\n\n\n\n<p>Shared contexts and parallel trajectories<\/p>\n<\/div>\n\n\n\n<div class=\"wp-block-column is-layout-flow wp-block-column-is-layout-flow\" style=\"flex-basis:10%\">\n<div class=\"wp-block-buttons is-content-justification-center is-layout-flex wp-container-core-buttons-is-layout-16018d1d wp-block-buttons-is-layout-flex\">\n<div class=\"wp-block-button is-style-outline is-style-outline--2\"><a class=\"wp-block-button__link has-small-font-size has-custom-font-size wp-element-button\" href=\"https:\/\/horst.salvador-dali.org\/en\/chronology\/\">See<\/a><\/div>\n<\/div>\n<\/div>\n<\/div>\n\n\n\n<p class=\"opcions-text\">The chronology places Salvador Dal\u00ed and Horst P. Horst in their historical and creative context. The time journey allows us to understand the key moments of their careers, the points of contact and divergences, and how the passage of time, experiences and environments shaped their views.<\/p>\n<\/div>\n<\/div>\n\n\n\n<div class=\"wp-block-columns biografia is-layout-flex wp-container-core-columns-is-layout-9d6595d7 wp-block-columns-is-layout-flex\">\n<div class=\"wp-block-column container is-layout-flow wp-block-column-is-layout-flow\" style=\"flex-basis:60%\">\n<h2 class=\"wp-block-heading\"><strong>HORST P. HORST<\/strong><\/h2>\n\n\n\n<p>Horst P. Horst is regarded as one of the great figures of 20th-century fashion photography. Iconic images such as \u2018The Mainbocher Corset\u2019 (1939) and the costume designs by Salvador Dal\u00ed and Coco Chanel for the ballet <em>Bacchanal<\/em> (1939), as well as unforgettable portraits of artists, fashion designers, socialites and celebrities of all kinds, are part of the collective imagination and made a decisive and defining contribution to the aesthetics of fashion and photographic portraiture of their time.<\/p>\n\n\n\n<button id=\"button-ext-presentacio\" class=\"expand\" title=\"Read the biography\">\n<span class=\"text-expand\">Read more<\/span>\n<\/button>\n<\/div>\n\n\n\n<div class=\"wp-block-column is-layout-flow wp-block-column-is-layout-flow\" style=\"flex-basis:40%\">\n<figure class=\"wp-block-image size-large image\"><img loading=\"lazy\" decoding=\"async\" width=\"819\" height=\"1024\" src=\"https:\/\/horst.salvador-dali.org\/wp-content\/uploads\/2026\/02\/biografia-819x1024.webp\" alt=\"\" class=\"wp-image-2296\" srcset=\"https:\/\/horst.salvador-dali.org\/wp-content\/uploads\/2026\/02\/biografia-819x1024.webp 819w, https:\/\/horst.salvador-dali.org\/wp-content\/uploads\/2026\/02\/biografia-240x300.webp 240w, https:\/\/horst.salvador-dali.org\/wp-content\/uploads\/2026\/02\/biografia-768x960.webp 768w, https:\/\/horst.salvador-dali.org\/wp-content\/uploads\/2026\/02\/biografia-1229x1536.webp 1229w, https:\/\/horst.salvador-dali.org\/wp-content\/uploads\/2026\/02\/biografia-1638x2048.webp 1638w, https:\/\/horst.salvador-dali.org\/wp-content\/uploads\/2026\/02\/biografia.webp 2048w\" sizes=\"auto, (max-width: 819px) 100vw, 819px\" \/><\/figure>\n<\/div>\n<\/div>\n\n\n\n<div class=\"wp-block-columns expand-content llegir-mes is-layout-flex wp-container-core-columns-is-layout-9d6595d7 wp-block-columns-is-layout-flex\" id=\"ext-presentacio\">\n<div class=\"wp-block-column is-layout-flow wp-block-column-is-layout-flow\">\n<button class=\"expanded-close\"><\/button>\n\n\n\n<p>Horst Paul Albert Bohrmann was born in 1906 into a prosperous and cultured merchant family in Weissenfels (Germany). He studied architecture in Hamburg until 1930, when his spirit of adventure and deep desire for beauty took him to Paris to work as a junior in Le Corbusier\u2019s studio. The young apprentice found the experience less than stimulating, but it enabled him to expand his circle of friends and spend hours exploring the city\u2019s museums and art galleries. He met Baron George Hoyningen-Huene, <em>Vogue<\/em>\u2019s star photographer at the time, who became his mentor and opened the doors to the French capital\u2019s vibrant creative and intellectual scene. Thanks to Hoyningen-Huene, Horst discovered his true vocation and took control of his destiny to become one of the most emblematic photographers in the galaxy of Cond\u00e9 Nast, the great media empire which published magazines such as <em>Vanity Fair<\/em>and<em> Vogue<\/em>, with his work for the latter the testimony of a privileged observer. Highly cultured and particularly sensitive to both classical aesthetics and Surrealism, Horst succeeded in showcasing the beautiful during one of the darkest periods of the last century, overshadowed by war and uncertainty. With a deeply evocative body of work shaped by an exquisite mastery of light, composition and gesture, Horst helped an entire generation of readers and creative talents to dream, and laid the foundations of a modern, sophisticated and timeless ideal of beauty.<\/p>\n<\/div>\n<\/div>\n\n\n\n<div class=\"wp-block-columns cita is-layout-flex wp-container-core-columns-is-layout-9d6595d7 wp-block-columns-is-layout-flex\">\n<div class=\"wp-block-column container is-layout-flow wp-block-column-is-layout-flow\">\n<blockquote class=\"wp-block-quote is-layout-flow wp-block-quote-is-layout-flow\">\n<p class=\"has-text-align-center\"><strong>\u00abHorst could take the most beautiful, romantic images of a woman. Hoyningen-Huene made stronger ones, Avedon and I stranger ones, but his was always loving and respectful\u00bb<\/strong><\/p>\n<\/blockquote>\n\n\n\n<p class=\"has-text-align-center dali\"><strong>IRVING PENN, photographer<\/strong><\/p>\n<\/div>\n<\/div>\n","protected":false},"excerpt":{"rendered":"<p>Introduction Dal\u00ed\/Horst.\u00a0Crossed gazes\u00a0 In&nbsp;the&nbsp;late&nbsp;nineteen thirties, Salvador Dal\u00ed and&nbsp;Vogue&nbsp;photographer Horst P. Horst shared&nbsp;locations,&nbsp;friends&nbsp;and&nbsp;mutual confidences. In Paris, they interacted with artists, couturiers, designers,&nbsp;architects&nbsp;and intellectuals who&nbsp;had a&nbsp;decisive&nbsp;impact on&nbsp;their&nbsp;respective&nbsp;careers and inspired them to create their own language.&nbsp; The exhibition invites us to explore the gaze of two&nbsp;creative talents who have left an indelible mark on the collective imagination and&nbsp;continue, [&#8230;]<\/p>\n<p><a class=\"btn btn-secondary understrap-read-more-link\" href=\"https:\/\/horst.salvador-dali.org\/en\/\">Read More&#8230;<span class=\"screen-reader-text\"> from Home<\/span><\/a><\/p>\n","protected":false},"author":6,"featured_media":2751,"parent":0,"menu_order":14,"comment_status":"closed","ping_status":"closed","template":"","meta":{"_acf_changed":false,"inline_featured_image":false,"footnotes":""},"class_list":["post-2498","page","type-page","status-publish","has-post-thumbnail","hentry"],"acf":[],"yoast_head":"<!-- This site is optimized with the Yoast SEO plugin v27.4 - https:\/\/yoast.com\/product\/yoast-seo-wordpress\/ -->\n<title>Dal\u00ed\/Horst | Fundaci\u00f3 Gala - Salvador Dal\u00ed<\/title>\n<meta name=\"description\" content=\"The exhibition Dal\u00ed\/Horst. Crossed Gazes, at the Gala Dal\u00ed Castle in P\u00fabol, examines the professional relationship and creative complicities between Salvador Dal\u00ed and Horst P. Horst through shared projects, portraits, and mutual influences developed over several decades. The show proposes a reflection on the act of looking and on the construction of a visual universe that remains a key reference in both art and contemporary fashion.\" \/>\n<meta name=\"robots\" content=\"index, follow, max-snippet:-1, max-image-preview:large, max-video-preview:-1\" \/>\n<link rel=\"canonical\" href=\"https:\/\/horst.salvador-dali.org\/en\/\" \/>\n<meta property=\"og:locale\" content=\"en_US\" \/>\n<meta property=\"og:type\" content=\"article\" \/>\n<meta property=\"og:title\" content=\"Dal\u00ed\/Horst | Fundaci\u00f3 Gala - Salvador Dal\u00ed\" \/>\n<meta property=\"og:description\" content=\"The exhibition Dal\u00ed\/Horst. Crossed Gazes, at the Gala Dal\u00ed Castle in P\u00fabol, examines the professional relationship and creative complicities between Salvador Dal\u00ed and Horst P. Horst through shared projects, portraits, and mutual influences developed over several decades. The show proposes a reflection on the act of looking and on the construction of a visual universe that remains a key reference in both art and contemporary fashion.\" \/>\n<meta property=\"og:url\" content=\"https:\/\/horst.salvador-dali.org\/en\/\" \/>\n<meta property=\"og:site_name\" content=\"Dal\u00ed\/Horst\" \/>\n<meta property=\"article:publisher\" content=\"https:\/\/www.facebook.com\/MuseusDali\" \/>\n<meta property=\"article:modified_time\" content=\"2026-03-03T17:24:45+00:00\" \/>\n<meta property=\"og:image\" content=\"https:\/\/horst.salvador-dali.org\/wp-content\/uploads\/2026\/02\/2603_resized-Personalizado.jpg\" \/>\n\t<meta property=\"og:image:width\" content=\"1920\" \/>\n\t<meta property=\"og:image:height\" content=\"1496\" \/>\n\t<meta property=\"og:image:type\" content=\"image\/jpeg\" \/>\n<meta name=\"twitter:card\" content=\"summary_large_image\" \/>\n<meta name=\"twitter:site\" content=\"@MuseuDali\" \/>\n<meta name=\"twitter:label1\" content=\"Est. reading time\" \/>\n\t<meta name=\"twitter:data1\" content=\"4 minutes\" \/>\n<script type=\"application\/ld+json\" class=\"yoast-schema-graph\">{\"@context\":\"https:\\\/\\\/schema.org\",\"@graph\":[{\"@type\":\"WebPage\",\"@id\":\"https:\\\/\\\/horst.salvador-dali.org\\\/en\\\/\",\"url\":\"https:\\\/\\\/horst.salvador-dali.org\\\/en\\\/\",\"name\":\"Dal\u00ed\\\/Horst | Fundaci\u00f3 Gala - Salvador Dal\u00ed\",\"isPartOf\":{\"@id\":\"https:\\\/\\\/horst.salvador-dali.org\\\/en\\\/#website\"},\"primaryImageOfPage\":{\"@id\":\"https:\\\/\\\/horst.salvador-dali.org\\\/en\\\/#primaryimage\"},\"image\":{\"@id\":\"https:\\\/\\\/horst.salvador-dali.org\\\/en\\\/#primaryimage\"},\"thumbnailUrl\":\"https:\\\/\\\/horst.salvador-dali.org\\\/wp-content\\\/uploads\\\/2026\\\/02\\\/2603_resized-Personalizado.jpg\",\"datePublished\":\"2025-05-25T07:12:22+00:00\",\"dateModified\":\"2026-03-03T17:24:45+00:00\",\"description\":\"The exhibition Dal\u00ed\\\/Horst. Crossed Gazes, at the Gala Dal\u00ed Castle in P\u00fabol, examines the professional relationship and creative complicities between Salvador Dal\u00ed and Horst P. Horst through shared projects, portraits, and mutual influences developed over several decades. The show proposes a reflection on the act of looking and on the construction of a visual universe that remains a key reference in both art and contemporary fashion.\",\"breadcrumb\":{\"@id\":\"https:\\\/\\\/horst.salvador-dali.org\\\/en\\\/#breadcrumb\"},\"inLanguage\":\"en-US\",\"potentialAction\":[{\"@type\":\"ReadAction\",\"target\":[\"https:\\\/\\\/horst.salvador-dali.org\\\/en\\\/\"]}]},{\"@type\":\"ImageObject\",\"inLanguage\":\"en-US\",\"@id\":\"https:\\\/\\\/horst.salvador-dali.org\\\/en\\\/#primaryimage\",\"url\":\"https:\\\/\\\/horst.salvador-dali.org\\\/wp-content\\\/uploads\\\/2026\\\/02\\\/2603_resized-Personalizado.jpg\",\"contentUrl\":\"https:\\\/\\\/horst.salvador-dali.org\\\/wp-content\\\/uploads\\\/2026\\\/02\\\/2603_resized-Personalizado.jpg\",\"width\":1920,\"height\":1496,\"caption\":\"Horst P. Horst, Gala, 1943. Period copy. Arxiu Fundaci\u00f3 Gala-Salvador Dal\u00ed\"},{\"@type\":\"BreadcrumbList\",\"@id\":\"https:\\\/\\\/horst.salvador-dali.org\\\/en\\\/#breadcrumb\",\"itemListElement\":[{\"@type\":\"ListItem\",\"position\":1,\"name\":\"Inici\",\"item\":\"https:\\\/\\\/horst.salvador-dali.org\\\/en\\\/\"},{\"@type\":\"ListItem\",\"position\":2,\"name\":\"Home\"}]},{\"@type\":\"WebSite\",\"@id\":\"https:\\\/\\\/horst.salvador-dali.org\\\/en\\\/#website\",\"url\":\"https:\\\/\\\/horst.salvador-dali.org\\\/en\\\/\",\"name\":\"Dal\u00ed\\\/Horst - Mirades creuades\",\"description\":\"\",\"potentialAction\":[{\"@type\":\"SearchAction\",\"target\":{\"@type\":\"EntryPoint\",\"urlTemplate\":\"https:\\\/\\\/horst.salvador-dali.org\\\/en\\\/?s={search_term_string}\"},\"query-input\":{\"@type\":\"PropertyValueSpecification\",\"valueRequired\":true,\"valueName\":\"search_term_string\"}}],\"inLanguage\":\"en-US\"}]}<\/script>\n<!-- \/ Yoast SEO plugin. -->","yoast_head_json":{"title":"Dal\u00ed\/Horst | Fundaci\u00f3 Gala - Salvador Dal\u00ed","description":"The exhibition Dal\u00ed\/Horst. Crossed Gazes, at the Gala Dal\u00ed Castle in P\u00fabol, examines the professional relationship and creative complicities between Salvador Dal\u00ed and Horst P. Horst through shared projects, portraits, and mutual influences developed over several decades. The show proposes a reflection on the act of looking and on the construction of a visual universe that remains a key reference in both art and contemporary fashion.","robots":{"index":"index","follow":"follow","max-snippet":"max-snippet:-1","max-image-preview":"max-image-preview:large","max-video-preview":"max-video-preview:-1"},"canonical":"https:\/\/horst.salvador-dali.org\/en\/","og_locale":"en_US","og_type":"article","og_title":"Dal\u00ed\/Horst | Fundaci\u00f3 Gala - Salvador Dal\u00ed","og_description":"The exhibition Dal\u00ed\/Horst. Crossed Gazes, at the Gala Dal\u00ed Castle in P\u00fabol, examines the professional relationship and creative complicities between Salvador Dal\u00ed and Horst P. Horst through shared projects, portraits, and mutual influences developed over several decades. The show proposes a reflection on the act of looking and on the construction of a visual universe that remains a key reference in both art and contemporary fashion.","og_url":"https:\/\/horst.salvador-dali.org\/en\/","og_site_name":"Dal\u00ed\/Horst","article_publisher":"https:\/\/www.facebook.com\/MuseusDali","article_modified_time":"2026-03-03T17:24:45+00:00","og_image":[{"width":1920,"height":1496,"url":"https:\/\/horst.salvador-dali.org\/wp-content\/uploads\/2026\/02\/2603_resized-Personalizado.jpg","type":"image\/jpeg"}],"twitter_card":"summary_large_image","twitter_site":"@MuseuDali","twitter_misc":{"Est. reading time":"4 minutes"},"schema":{"@context":"https:\/\/schema.org","@graph":[{"@type":"WebPage","@id":"https:\/\/horst.salvador-dali.org\/en\/","url":"https:\/\/horst.salvador-dali.org\/en\/","name":"Dal\u00ed\/Horst | Fundaci\u00f3 Gala - Salvador Dal\u00ed","isPartOf":{"@id":"https:\/\/horst.salvador-dali.org\/en\/#website"},"primaryImageOfPage":{"@id":"https:\/\/horst.salvador-dali.org\/en\/#primaryimage"},"image":{"@id":"https:\/\/horst.salvador-dali.org\/en\/#primaryimage"},"thumbnailUrl":"https:\/\/horst.salvador-dali.org\/wp-content\/uploads\/2026\/02\/2603_resized-Personalizado.jpg","datePublished":"2025-05-25T07:12:22+00:00","dateModified":"2026-03-03T17:24:45+00:00","description":"The exhibition Dal\u00ed\/Horst. Crossed Gazes, at the Gala Dal\u00ed Castle in P\u00fabol, examines the professional relationship and creative complicities between Salvador Dal\u00ed and Horst P. Horst through shared projects, portraits, and mutual influences developed over several decades. The show proposes a reflection on the act of looking and on the construction of a visual universe that remains a key reference in both art and contemporary fashion.","breadcrumb":{"@id":"https:\/\/horst.salvador-dali.org\/en\/#breadcrumb"},"inLanguage":"en-US","potentialAction":[{"@type":"ReadAction","target":["https:\/\/horst.salvador-dali.org\/en\/"]}]},{"@type":"ImageObject","inLanguage":"en-US","@id":"https:\/\/horst.salvador-dali.org\/en\/#primaryimage","url":"https:\/\/horst.salvador-dali.org\/wp-content\/uploads\/2026\/02\/2603_resized-Personalizado.jpg","contentUrl":"https:\/\/horst.salvador-dali.org\/wp-content\/uploads\/2026\/02\/2603_resized-Personalizado.jpg","width":1920,"height":1496,"caption":"Horst P. Horst, Gala, 1943. Period copy. Arxiu Fundaci\u00f3 Gala-Salvador Dal\u00ed"},{"@type":"BreadcrumbList","@id":"https:\/\/horst.salvador-dali.org\/en\/#breadcrumb","itemListElement":[{"@type":"ListItem","position":1,"name":"Inici","item":"https:\/\/horst.salvador-dali.org\/en\/"},{"@type":"ListItem","position":2,"name":"Home"}]},{"@type":"WebSite","@id":"https:\/\/horst.salvador-dali.org\/en\/#website","url":"https:\/\/horst.salvador-dali.org\/en\/","name":"Dal\u00ed\/Horst - Mirades creuades","description":"","potentialAction":[{"@type":"SearchAction","target":{"@type":"EntryPoint","urlTemplate":"https:\/\/horst.salvador-dali.org\/en\/?s={search_term_string}"},"query-input":{"@type":"PropertyValueSpecification","valueRequired":true,"valueName":"search_term_string"}}],"inLanguage":"en-US"}]}},"_links":{"self":[{"href":"https:\/\/horst.salvador-dali.org\/en\/wp-json\/wp\/v2\/pages\/2498","targetHints":{"allow":["GET"]}}],"collection":[{"href":"https:\/\/horst.salvador-dali.org\/en\/wp-json\/wp\/v2\/pages"}],"about":[{"href":"https:\/\/horst.salvador-dali.org\/en\/wp-json\/wp\/v2\/types\/page"}],"author":[{"embeddable":true,"href":"https:\/\/horst.salvador-dali.org\/en\/wp-json\/wp\/v2\/users\/6"}],"replies":[{"embeddable":true,"href":"https:\/\/horst.salvador-dali.org\/en\/wp-json\/wp\/v2\/comments?post=2498"}],"version-history":[{"count":13,"href":"https:\/\/horst.salvador-dali.org\/en\/wp-json\/wp\/v2\/pages\/2498\/revisions"}],"predecessor-version":[{"id":2920,"href":"https:\/\/horst.salvador-dali.org\/en\/wp-json\/wp\/v2\/pages\/2498\/revisions\/2920"}],"wp:featuredmedia":[{"embeddable":true,"href":"https:\/\/horst.salvador-dali.org\/en\/wp-json\/wp\/v2\/media\/2751"}],"wp:attachment":[{"href":"https:\/\/horst.salvador-dali.org\/en\/wp-json\/wp\/v2\/media?parent=2498"}],"curies":[{"name":"wp","href":"https:\/\/api.w.org\/{rel}","templated":true}]}}